{"id":2193,"date":"2025-06-28T12:06:31","date_gmt":"2025-06-28T10:06:31","guid":{"rendered":"https:\/\/uj.adatbank.ro\/lexikon\/termek\/banffy-jozsef-losonczi-br\/"},"modified":"2025-06-28T12:06:31","modified_gmt":"2025-06-28T10:06:31","slug":"banffy-jozsef-losonczi-br","status":"publish","type":"product","link":"https:\/\/uj.adatbank.ro\/lexikon\/termek\/banffy-jozsef-losonczi-br\/","title":{"rendered":"B\u00c1NFFY J\u00f3zsef, losonczi br."},"content":{"rendered":"<p>Magyarkir\u00e1lyfalva, 1742. m\u00e1rc. 16. \u2020 Magyarkir\u00e1lyfalva, 1794. m\u00e1rc. 21.: f\u00f6ldbirtokos. \u2013 B. Imre (1728\u20131791) \u00e9s hidv\u00e9gi Mik\u00f3 Zsuzsanna fia. Feles\u00e9ge: Osdolai gr. Kuun Katalin (Osdola, 1761. szept. 12. \u2013 Osdola, 1840. m\u00e1rc. 28.). Fi\u00fak: Istv\u00e1n (Kir\u00e1lyfalva, 1780. m\u00e1j. 7.-Kir\u00e1lyfalva, 1830. szept. 17.). \u2013 Feles\u00e9g\u00e9nek Csejden voltak birtokai \u00e9s jobb\u00e1gyai, az \u00farb\u00e9ri \u00f6ssze\u00edr\u00e1skor (1820). <br \/><strong>Irod.:<\/strong> Csejd-T\u00f3falva; Gudenus<\/br><\/p>\n","protected":false},"excerpt":{"rendered":"<p>Magyarkir\u00e1lyfalva, 1742. m\u00e1rc. 16. \u2020 Magyarkir\u00e1lyfalva, 1794. m\u00e1rc. 21.: f\u00f6ldbirtokos. \u2013 B. Imre (1728\u20131791) \u00e9s hidv\u00e9gi Mik\u00f3 Zsuzsanna fia. Feles\u00e9ge: Osdolai gr. Kuun Katalin (Osdola, 1761. szept. 12. \u2013 Osdola, 1840. m\u00e1rc. 28.). Fi\u00fak: Istv\u00e1n (Kir\u00e1lyfalva, 1780. m\u00e1j. 7.-Kir\u00e1lyfalva, 1830. szept. 17.). \u2013 Feles\u00e9g\u00e9nek Csejden voltak birtokai \u00e9s jobb\u00e1gyai, az \u00farb\u00e9ri \u00f6ssze\u00edr\u00e1skor (1820). Irod.: Csejd-T\u00f3falva; [&hellip;]<\/p>\n","protected":false},"featured_media":0,"comment_status":"open","ping_status":"closed","template":"","meta":[],"product_brand":[],"product_cat":[137],"product_tag":[],"class_list":{"0":"post-2193","1":"product","2":"type-product","3":"status-publish","5":"product_cat-maros-megyei-eletrajzi-lexikon","7":"first","8":"instock","9":"shipping-taxable","10":"product-type-simple"},"_links":{"self":[{"href":"https:\/\/uj.adatbank.ro\/lexikon\/wp-json\/wp\/v2\/product\/2193","targetHints":{"allow":["GET"]}}],"collection":[{"href":"https:\/\/uj.adatbank.ro\/lexikon\/wp-json\/wp\/v2\/product"}],"about":[{"href":"https:\/\/uj.adatbank.ro\/lexikon\/wp-json\/wp\/v2\/types\/product"}],"replies":[{"embeddable":true,"href":"https:\/\/uj.adatbank.ro\/lexikon\/wp-json\/wp\/v2\/comments?post=2193"}],"wp:attachment":[{"href":"https:\/\/uj.adatbank.ro\/lexikon\/wp-json\/wp\/v2\/media?parent=2193"}],"wp:term":[{"taxonomy":"product_brand","embeddable":true,"href":"https:\/\/uj.adatbank.ro\/lexikon\/wp-json\/wp\/v2\/product_brand?post=2193"},{"taxonomy":"product_cat","embeddable":true,"href":"https:\/\/uj.adatbank.ro\/lexikon\/wp-json\/wp\/v2\/product_cat?post=2193"},{"taxonomy":"product_tag","embeddable":true,"href":"https:\/\/uj.adatbank.ro\/lexikon\/wp-json\/wp\/v2\/product_tag?post=2193"}],"curies":[{"name":"wp","href":"https:\/\/api.w.org\/{rel}","templated":true}]}}