{"id":21930,"date":"2025-07-22T19:42:49","date_gmt":"2025-07-22T17:42:49","guid":{"rendered":"https:\/\/uj.adatbank.ro\/lexikon\/termek\/szendrey-kalman\/"},"modified":"2025-07-22T19:42:49","modified_gmt":"2025-07-22T17:42:49","slug":"szendrey-kalman","status":"publish","type":"product","link":"https:\/\/uj.adatbank.ro\/lexikon\/termek\/szendrey-kalman\/","title":{"rendered":"SZENDREY K\u00e1lm\u00e1n"},"content":{"rendered":"<p>?, \u2020?: orvos, vit\u00e9z. \u2013 K\u00f6rorvos a R\u00e9geni fels\u0151 j\u00e1r\u00e1sban (1942?). <br \/><strong>Irod.:<\/strong> Berekm\u00e9ri\u2013Nemes.<\/br><\/p>\n","protected":false},"excerpt":{"rendered":"<p>?, \u2020?: orvos, vit\u00e9z. \u2013 K\u00f6rorvos a R\u00e9geni fels\u0151 j\u00e1r\u00e1sban (1942?). Irod.: Berekm\u00e9ri\u2013Nemes.<\/p>\n","protected":false},"featured_media":0,"comment_status":"open","ping_status":"closed","template":"","meta":[],"product_brand":[],"product_cat":[137],"product_tag":[],"class_list":{"0":"post-21930","1":"product","2":"type-product","3":"status-publish","5":"product_cat-maros-megyei-eletrajzi-lexikon","7":"first","8":"instock","9":"shipping-taxable","10":"product-type-simple"},"_links":{"self":[{"href":"https:\/\/uj.adatbank.ro\/lexikon\/wp-json\/wp\/v2\/product\/21930","targetHints":{"allow":["GET"]}}],"collection":[{"href":"https:\/\/uj.adatbank.ro\/lexikon\/wp-json\/wp\/v2\/product"}],"about":[{"href":"https:\/\/uj.adatbank.ro\/lexikon\/wp-json\/wp\/v2\/types\/product"}],"replies":[{"embeddable":true,"href":"https:\/\/uj.adatbank.ro\/lexikon\/wp-json\/wp\/v2\/comments?post=21930"}],"wp:attachment":[{"href":"https:\/\/uj.adatbank.ro\/lexikon\/wp-json\/wp\/v2\/media?parent=21930"}],"wp:term":[{"taxonomy":"product_brand","embeddable":true,"href":"https:\/\/uj.adatbank.ro\/lexikon\/wp-json\/wp\/v2\/product_brand?post=21930"},{"taxonomy":"product_cat","embeddable":true,"href":"https:\/\/uj.adatbank.ro\/lexikon\/wp-json\/wp\/v2\/product_cat?post=21930"},{"taxonomy":"product_tag","embeddable":true,"href":"https:\/\/uj.adatbank.ro\/lexikon\/wp-json\/wp\/v2\/product_tag?post=21930"}],"curies":[{"name":"wp","href":"https:\/\/api.w.org\/{rel}","templated":true}]}}