{"id":21931,"date":"2025-07-22T19:42:52","date_gmt":"2025-07-22T17:42:52","guid":{"rendered":"https:\/\/uj.adatbank.ro\/lexikon\/termek\/szendrey-weres-david-szendrei-veres-david\/"},"modified":"2025-07-22T19:42:52","modified_gmt":"2025-07-22T17:42:52","slug":"szendrey-weres-david-szendrei-veres-david","status":"publish","type":"product","link":"https:\/\/uj.adatbank.ro\/lexikon\/termek\/szendrey-weres-david-szendrei-veres-david\/","title":{"rendered":"SZENDREY WERES D\u00e1vid, Szendrei Veres D\u00e1vid"},"content":{"rendered":"<p>? \u2020?: ref. lelk\u00e9sz. \u2013 Nagykenden subscrib\u00e1lt (1787). Bethlen P\u00e1l unok\u00e1inak volt a nevel\u0151je. G\u00f6ttingenben peregrin\u00e1lt (1791), a gr. Bethlen csal\u00e1d seg\u00edts\u00e9g\u00e9vel tanult k\u00fclf\u00f6ld\u00f6n, majd visszat\u00e9rt nevel\u0151nek (1794\u201398). Statisztikai tanulm\u00e1ny\u00e1t k\u00f6z\u00f6lt\u00e9k B\u00e9csben. A k\u00e9zdiv\u00e1s\u00e1rhelyi zsinaton ordin\u00e1lt\u00e1k (1798).V\u00e1mosg\u00e1lfalv\u00e1n volt lelk\u00e9sz (1798\u20131815). \u2013 <strong>F. m.<\/strong>: A statistika t\u00e1rgyainak \u00e9s tan\u00edt\u00e1sa m\u00f3dj\u00e1nak megesmertet\u00e9s\u00e9re vezet\u0151 \u00fatmutat\u00e1s \/ Ir\u00e1m Bonyh\u00e1n Sz. Gy\u00f6rgy hava 13. 1795. (B\u00e9cs, 1797). <br \/><strong>Irod.:<\/strong> K\u00fck\u00fcll\u0151i Ref. Egyh\u00e1zm.4.; Szinnyei; Todea.<\/br><\/p>\n","protected":false},"excerpt":{"rendered":"<p>? \u2020?: ref. lelk\u00e9sz. \u2013 Nagykenden subscrib\u00e1lt (1787). Bethlen P\u00e1l unok\u00e1inak volt a nevel\u0151je. G\u00f6ttingenben peregrin\u00e1lt (1791), a gr. Bethlen csal\u00e1d seg\u00edts\u00e9g\u00e9vel tanult k\u00fclf\u00f6ld\u00f6n, majd visszat\u00e9rt nevel\u0151nek (1794\u201398). Statisztikai tanulm\u00e1ny\u00e1t k\u00f6z\u00f6lt\u00e9k B\u00e9csben. A k\u00e9zdiv\u00e1s\u00e1rhelyi zsinaton ordin\u00e1lt\u00e1k (1798).V\u00e1mosg\u00e1lfalv\u00e1n volt lelk\u00e9sz (1798\u20131815). \u2013 F. m.: A statistika t\u00e1rgyainak \u00e9s tan\u00edt\u00e1sa m\u00f3dj\u00e1nak megesmertet\u00e9s\u00e9re vezet\u0151 \u00fatmutat\u00e1s \/ Ir\u00e1m Bonyh\u00e1n [&hellip;]<\/p>\n","protected":false},"featured_media":0,"comment_status":"open","ping_status":"closed","template":"","meta":[],"product_brand":[],"product_cat":[137],"product_tag":[],"class_list":{"0":"post-21931","1":"product","2":"type-product","3":"status-publish","5":"product_cat-maros-megyei-eletrajzi-lexikon","7":"first","8":"instock","9":"shipping-taxable","10":"product-type-simple"},"_links":{"self":[{"href":"https:\/\/uj.adatbank.ro\/lexikon\/wp-json\/wp\/v2\/product\/21931","targetHints":{"allow":["GET"]}}],"collection":[{"href":"https:\/\/uj.adatbank.ro\/lexikon\/wp-json\/wp\/v2\/product"}],"about":[{"href":"https:\/\/uj.adatbank.ro\/lexikon\/wp-json\/wp\/v2\/types\/product"}],"replies":[{"embeddable":true,"href":"https:\/\/uj.adatbank.ro\/lexikon\/wp-json\/wp\/v2\/comments?post=21931"}],"wp:attachment":[{"href":"https:\/\/uj.adatbank.ro\/lexikon\/wp-json\/wp\/v2\/media?parent=21931"}],"wp:term":[{"taxonomy":"product_brand","embeddable":true,"href":"https:\/\/uj.adatbank.ro\/lexikon\/wp-json\/wp\/v2\/product_brand?post=21931"},{"taxonomy":"product_cat","embeddable":true,"href":"https:\/\/uj.adatbank.ro\/lexikon\/wp-json\/wp\/v2\/product_cat?post=21931"},{"taxonomy":"product_tag","embeddable":true,"href":"https:\/\/uj.adatbank.ro\/lexikon\/wp-json\/wp\/v2\/product_tag?post=21931"}],"curies":[{"name":"wp","href":"https:\/\/api.w.org\/{rel}","templated":true}]}}