{"id":21933,"date":"2025-07-22T19:42:56","date_gmt":"2025-07-22T17:42:56","guid":{"rendered":"https:\/\/uj.adatbank.ro\/lexikon\/termek\/szengyeli-zsofia\/"},"modified":"2025-07-22T19:42:56","modified_gmt":"2025-07-22T17:42:56","slug":"szengyeli-zsofia","status":"publish","type":"product","link":"https:\/\/uj.adatbank.ro\/lexikon\/termek\/szengyeli-zsofia\/","title":{"rendered":"SZENGYELI Zs\u00f3fia"},"content":{"rendered":"<p>? \u2020?: f\u00f6ldbirtokos. \u2013 Sz\u00e9kelys\u00e1rd k\u00f6zs\u00e9g egyik hegyoldal\u00e1nak bortermel\u0151 hat\u00e1rr\u00e9sz\u00e9t Bakkos \/ Bakhusnak nevezt\u00e9k, ez Sz. Zs. tulajdona volt, itt a t\u00f6r\u00f6k hadj\u00e1rat el\u0151tt egy Szengyel nev\u0171 falu l\u00e9tezett. <br \/><strong>Irod.:<\/strong> Pesty 2014.<\/br><\/p>\n","protected":false},"excerpt":{"rendered":"<p>? \u2020?: f\u00f6ldbirtokos. \u2013 Sz\u00e9kelys\u00e1rd k\u00f6zs\u00e9g egyik hegyoldal\u00e1nak bortermel\u0151 hat\u00e1rr\u00e9sz\u00e9t Bakkos \/ Bakhusnak nevezt\u00e9k, ez Sz. Zs. tulajdona volt, itt a t\u00f6r\u00f6k hadj\u00e1rat el\u0151tt egy Szengyel nev\u0171 falu l\u00e9tezett. Irod.: Pesty 2014.<\/p>\n","protected":false},"featured_media":0,"comment_status":"open","ping_status":"closed","template":"","meta":[],"product_brand":[],"product_cat":[137],"product_tag":[],"class_list":{"0":"post-21933","1":"product","2":"type-product","3":"status-publish","5":"product_cat-maros-megyei-eletrajzi-lexikon","7":"first","8":"instock","9":"shipping-taxable","10":"product-type-simple"},"_links":{"self":[{"href":"https:\/\/uj.adatbank.ro\/lexikon\/wp-json\/wp\/v2\/product\/21933","targetHints":{"allow":["GET"]}}],"collection":[{"href":"https:\/\/uj.adatbank.ro\/lexikon\/wp-json\/wp\/v2\/product"}],"about":[{"href":"https:\/\/uj.adatbank.ro\/lexikon\/wp-json\/wp\/v2\/types\/product"}],"replies":[{"embeddable":true,"href":"https:\/\/uj.adatbank.ro\/lexikon\/wp-json\/wp\/v2\/comments?post=21933"}],"wp:attachment":[{"href":"https:\/\/uj.adatbank.ro\/lexikon\/wp-json\/wp\/v2\/media?parent=21933"}],"wp:term":[{"taxonomy":"product_brand","embeddable":true,"href":"https:\/\/uj.adatbank.ro\/lexikon\/wp-json\/wp\/v2\/product_brand?post=21933"},{"taxonomy":"product_cat","embeddable":true,"href":"https:\/\/uj.adatbank.ro\/lexikon\/wp-json\/wp\/v2\/product_cat?post=21933"},{"taxonomy":"product_tag","embeddable":true,"href":"https:\/\/uj.adatbank.ro\/lexikon\/wp-json\/wp\/v2\/product_tag?post=21933"}],"curies":[{"name":"wp","href":"https:\/\/api.w.org\/{rel}","templated":true}]}}