{"id":21934,"date":"2025-07-22T19:42:58","date_gmt":"2025-07-22T17:42:58","guid":{"rendered":"https:\/\/uj.adatbank.ro\/lexikon\/termek\/szenkovics-antal\/"},"modified":"2025-07-22T19:42:58","modified_gmt":"2025-07-22T17:42:58","slug":"szenkovics-antal","status":"publish","type":"product","link":"https:\/\/uj.adatbank.ro\/lexikon\/termek\/szenkovics-antal\/","title":{"rendered":"SZENKOVICS Antal"},"content":{"rendered":"<p>Ny\u00e1r\u00e1dszereda,\u00a01816. \u2020\u00a0Makkfalva, 1870.: keresked\u0151. \u2013 Sz. P\u00e9ter fia. \u00d6t gyermeke k\u00f6z\u00fcl Antal (1847\u20131911) \u00e9lt Makfalv\u00e1n. -Ny\u00e1r\u00e1dszeredai-parajdi keresked\u0151 volt. <br \/><strong>Irod.:<\/strong> Sz\u00e1va 2012.<\/br><\/p>\n","protected":false},"excerpt":{"rendered":"<p>Ny\u00e1r\u00e1dszereda,\u00a01816. \u2020\u00a0Makkfalva, 1870.: keresked\u0151. \u2013 Sz. P\u00e9ter fia. \u00d6t gyermeke k\u00f6z\u00fcl Antal (1847\u20131911) \u00e9lt Makfalv\u00e1n. -Ny\u00e1r\u00e1dszeredai-parajdi keresked\u0151 volt. Irod.: Sz\u00e1va 2012.<\/p>\n","protected":false},"featured_media":0,"comment_status":"open","ping_status":"closed","template":"","meta":[],"product_brand":[],"product_cat":[137],"product_tag":[],"class_list":{"0":"post-21934","1":"product","2":"type-product","3":"status-publish","5":"product_cat-maros-megyei-eletrajzi-lexikon","7":"first","8":"instock","9":"shipping-taxable","10":"product-type-simple"},"_links":{"self":[{"href":"https:\/\/uj.adatbank.ro\/lexikon\/wp-json\/wp\/v2\/product\/21934","targetHints":{"allow":["GET"]}}],"collection":[{"href":"https:\/\/uj.adatbank.ro\/lexikon\/wp-json\/wp\/v2\/product"}],"about":[{"href":"https:\/\/uj.adatbank.ro\/lexikon\/wp-json\/wp\/v2\/types\/product"}],"replies":[{"embeddable":true,"href":"https:\/\/uj.adatbank.ro\/lexikon\/wp-json\/wp\/v2\/comments?post=21934"}],"wp:attachment":[{"href":"https:\/\/uj.adatbank.ro\/lexikon\/wp-json\/wp\/v2\/media?parent=21934"}],"wp:term":[{"taxonomy":"product_brand","embeddable":true,"href":"https:\/\/uj.adatbank.ro\/lexikon\/wp-json\/wp\/v2\/product_brand?post=21934"},{"taxonomy":"product_cat","embeddable":true,"href":"https:\/\/uj.adatbank.ro\/lexikon\/wp-json\/wp\/v2\/product_cat?post=21934"},{"taxonomy":"product_tag","embeddable":true,"href":"https:\/\/uj.adatbank.ro\/lexikon\/wp-json\/wp\/v2\/product_tag?post=21934"}],"curies":[{"name":"wp","href":"https:\/\/api.w.org\/{rel}","templated":true}]}}