{"id":21936,"date":"2025-07-22T19:43:02","date_gmt":"2025-07-22T17:43:02","guid":{"rendered":"https:\/\/uj.adatbank.ro\/lexikon\/termek\/szenkovics-dezso\/"},"modified":"2025-07-22T19:43:02","modified_gmt":"2025-07-22T17:43:02","slug":"szenkovics-dezso","status":"publish","type":"product","link":"https:\/\/uj.adatbank.ro\/lexikon\/termek\/szenkovics-dezso\/","title":{"rendered":"SZENKOVICS Dezs\u0151"},"content":{"rendered":"<p>Korond, 1880., \u2020\u00a0Szov\u00e1ta, 1963.: keresked\u0151. \u2013 Sz. M\u00e1rton \u00e9s \u00e9s Sz\u00e1lasi Erzs\u00e9bet fia. Feles\u00e9ge: 1. Z\u00e1rug Katalin (1888\u20131921); 2. Keszler Irma (1922\u2013). Gyermekeik: Emma, szov\u00e1tai keresked\u0151; Dezs\u0151, feles\u00e9ge Forschpecher Rezsin; Ilona Ambrus S\u00e1ndorn\u00e9; Kata, Bogd\u00e1n B\u00e9l\u00e1n\u00e9; Erzs\u00e9bet, Fazakas Gyul\u00e1n\u00e9. \u2013 Szov\u00e1tai keresked\u0151. <br \/><strong>Irod.:<\/strong> Sz\u00e1va 2012.<\/br><\/p>\n","protected":false},"excerpt":{"rendered":"<p>Korond, 1880., \u2020\u00a0Szov\u00e1ta, 1963.: keresked\u0151. \u2013 Sz. M\u00e1rton \u00e9s \u00e9s Sz\u00e1lasi Erzs\u00e9bet fia. Feles\u00e9ge: 1. Z\u00e1rug Katalin (1888\u20131921); 2. Keszler Irma (1922\u2013). Gyermekeik: Emma, szov\u00e1tai keresked\u0151; Dezs\u0151, feles\u00e9ge Forschpecher Rezsin; Ilona Ambrus S\u00e1ndorn\u00e9; Kata, Bogd\u00e1n B\u00e9l\u00e1n\u00e9; Erzs\u00e9bet, Fazakas Gyul\u00e1n\u00e9. \u2013 Szov\u00e1tai keresked\u0151. Irod.: Sz\u00e1va 2012.<\/p>\n","protected":false},"featured_media":0,"comment_status":"open","ping_status":"closed","template":"","meta":[],"product_brand":[],"product_cat":[137],"product_tag":[],"class_list":{"0":"post-21936","1":"product","2":"type-product","3":"status-publish","5":"product_cat-maros-megyei-eletrajzi-lexikon","7":"first","8":"instock","9":"shipping-taxable","10":"product-type-simple"},"_links":{"self":[{"href":"https:\/\/uj.adatbank.ro\/lexikon\/wp-json\/wp\/v2\/product\/21936","targetHints":{"allow":["GET"]}}],"collection":[{"href":"https:\/\/uj.adatbank.ro\/lexikon\/wp-json\/wp\/v2\/product"}],"about":[{"href":"https:\/\/uj.adatbank.ro\/lexikon\/wp-json\/wp\/v2\/types\/product"}],"replies":[{"embeddable":true,"href":"https:\/\/uj.adatbank.ro\/lexikon\/wp-json\/wp\/v2\/comments?post=21936"}],"wp:attachment":[{"href":"https:\/\/uj.adatbank.ro\/lexikon\/wp-json\/wp\/v2\/media?parent=21936"}],"wp:term":[{"taxonomy":"product_brand","embeddable":true,"href":"https:\/\/uj.adatbank.ro\/lexikon\/wp-json\/wp\/v2\/product_brand?post=21936"},{"taxonomy":"product_cat","embeddable":true,"href":"https:\/\/uj.adatbank.ro\/lexikon\/wp-json\/wp\/v2\/product_cat?post=21936"},{"taxonomy":"product_tag","embeddable":true,"href":"https:\/\/uj.adatbank.ro\/lexikon\/wp-json\/wp\/v2\/product_tag?post=21936"}],"curies":[{"name":"wp","href":"https:\/\/api.w.org\/{rel}","templated":true}]}}