{"id":21939,"date":"2025-07-22T19:43:10","date_gmt":"2025-07-22T17:43:10","guid":{"rendered":"https:\/\/uj.adatbank.ro\/lexikon\/termek\/szenkovics-lajos\/"},"modified":"2025-07-22T19:43:10","modified_gmt":"2025-07-22T17:43:10","slug":"szenkovics-lajos","status":"publish","type":"product","link":"https:\/\/uj.adatbank.ro\/lexikon\/termek\/szenkovics-lajos\/","title":{"rendered":"SZENKOVICS Lajos"},"content":{"rendered":"<p>Korond,\u00a01884., \u2020 Szov\u00e1ta, 1937. \u2013 keresked\u0151. \u2013 Sz. M\u00e1rton \u00e9s Sz\u00e1lasi Erzs\u00e9bet fia. Feles\u00e9ge: Filip Anna (1892\u2013?). Nyolc gyermek\u00fck k\u00f6z\u00fcl Ilona-Olga tan\u00edt\u00f3n\u0151, f\u00e9rje Fazakas Lajos, matematika tan\u00e1r. \u2013 Szov\u00e1t\u00e1n volt keresked\u0151. <br \/><strong>Irod.:<\/strong> Sz\u00e1va 2012.<\/br><\/p>\n","protected":false},"excerpt":{"rendered":"<p>Korond,\u00a01884., \u2020 Szov\u00e1ta, 1937. \u2013 keresked\u0151. \u2013 Sz. M\u00e1rton \u00e9s Sz\u00e1lasi Erzs\u00e9bet fia. Feles\u00e9ge: Filip Anna (1892\u2013?). Nyolc gyermek\u00fck k\u00f6z\u00fcl Ilona-Olga tan\u00edt\u00f3n\u0151, f\u00e9rje Fazakas Lajos, matematika tan\u00e1r. \u2013 Szov\u00e1t\u00e1n volt keresked\u0151. Irod.: Sz\u00e1va 2012.<\/p>\n","protected":false},"featured_media":0,"comment_status":"open","ping_status":"closed","template":"","meta":[],"product_brand":[],"product_cat":[137],"product_tag":[],"class_list":{"0":"post-21939","1":"product","2":"type-product","3":"status-publish","5":"product_cat-maros-megyei-eletrajzi-lexikon","7":"first","8":"instock","9":"shipping-taxable","10":"product-type-simple"},"_links":{"self":[{"href":"https:\/\/uj.adatbank.ro\/lexikon\/wp-json\/wp\/v2\/product\/21939","targetHints":{"allow":["GET"]}}],"collection":[{"href":"https:\/\/uj.adatbank.ro\/lexikon\/wp-json\/wp\/v2\/product"}],"about":[{"href":"https:\/\/uj.adatbank.ro\/lexikon\/wp-json\/wp\/v2\/types\/product"}],"replies":[{"embeddable":true,"href":"https:\/\/uj.adatbank.ro\/lexikon\/wp-json\/wp\/v2\/comments?post=21939"}],"wp:attachment":[{"href":"https:\/\/uj.adatbank.ro\/lexikon\/wp-json\/wp\/v2\/media?parent=21939"}],"wp:term":[{"taxonomy":"product_brand","embeddable":true,"href":"https:\/\/uj.adatbank.ro\/lexikon\/wp-json\/wp\/v2\/product_brand?post=21939"},{"taxonomy":"product_cat","embeddable":true,"href":"https:\/\/uj.adatbank.ro\/lexikon\/wp-json\/wp\/v2\/product_cat?post=21939"},{"taxonomy":"product_tag","embeddable":true,"href":"https:\/\/uj.adatbank.ro\/lexikon\/wp-json\/wp\/v2\/product_tag?post=21939"}],"curies":[{"name":"wp","href":"https:\/\/api.w.org\/{rel}","templated":true}]}}