{"id":2194,"date":"2025-06-28T12:06:34","date_gmt":"2025-06-28T10:06:34","guid":{"rendered":"https:\/\/uj.adatbank.ro\/lexikon\/termek\/banffy-jozsef-losonczi-br-2\/"},"modified":"2025-06-28T12:06:34","modified_gmt":"2025-06-28T10:06:34","slug":"banffy-jozsef-losonczi-br-2","status":"publish","type":"product","link":"https:\/\/uj.adatbank.ro\/lexikon\/termek\/banffy-jozsef-losonczi-br-2\/","title":{"rendered":"B\u00c1NFFY J\u00f3zsef, losonczi br."},"content":{"rendered":"<p>Kv., 1906. dec. 30., \u2020 Kv., 1983. dec. 17. Temet\u00e9se a H\u00e1zsong\u00e1rdi temet\u0151ben: f\u00f6ldbirtokos. \u2013 B. Endre (1879\u20131962) \u00e9s zichi \u00e9s v\u00e1sonke\u00f6i gr. Zichy Ant\u00f3nia Jozefin (Sz\u00e9kelyf\u00f6ldv\u00e1r, 1884. aug. 1.-Mv., 1947. j\u00fan. 28.) fia. Feles\u00e9ge: hadadi br. Wessel\u00e9nyi M\u00e1ria (Szil\u00e1gyg\u00f6rcs\u00f6n, 1912. szept. 16.-Kv., 1984. m\u00e1rc.). Gyermekeik: Tam\u00e1s, B\u00e9la, Fruzsina, Krisztina, Andr\u00e1s. <br \/><strong>Irod.:<\/strong> Kornis, Sch\u00f6pflin<\/br><\/p>\n","protected":false},"excerpt":{"rendered":"<p>Kv., 1906. dec. 30., \u2020 Kv., 1983. dec. 17. Temet\u00e9se a H\u00e1zsong\u00e1rdi temet\u0151ben: f\u00f6ldbirtokos. \u2013 B. Endre (1879\u20131962) \u00e9s zichi \u00e9s v\u00e1sonke\u00f6i gr. Zichy Ant\u00f3nia Jozefin (Sz\u00e9kelyf\u00f6ldv\u00e1r, 1884. aug. 1.-Mv., 1947. j\u00fan. 28.) fia. Feles\u00e9ge: hadadi br. Wessel\u00e9nyi M\u00e1ria (Szil\u00e1gyg\u00f6rcs\u00f6n, 1912. szept. 16.-Kv., 1984. m\u00e1rc.). Gyermekeik: Tam\u00e1s, B\u00e9la, Fruzsina, Krisztina, Andr\u00e1s. Irod.: Kornis, Sch\u00f6pflin<\/p>\n","protected":false},"featured_media":0,"comment_status":"open","ping_status":"closed","template":"","meta":[],"product_brand":[],"product_cat":[137],"product_tag":[],"class_list":{"0":"post-2194","1":"product","2":"type-product","3":"status-publish","5":"product_cat-maros-megyei-eletrajzi-lexikon","7":"first","8":"instock","9":"shipping-taxable","10":"product-type-simple"},"_links":{"self":[{"href":"https:\/\/uj.adatbank.ro\/lexikon\/wp-json\/wp\/v2\/product\/2194","targetHints":{"allow":["GET"]}}],"collection":[{"href":"https:\/\/uj.adatbank.ro\/lexikon\/wp-json\/wp\/v2\/product"}],"about":[{"href":"https:\/\/uj.adatbank.ro\/lexikon\/wp-json\/wp\/v2\/types\/product"}],"replies":[{"embeddable":true,"href":"https:\/\/uj.adatbank.ro\/lexikon\/wp-json\/wp\/v2\/comments?post=2194"}],"wp:attachment":[{"href":"https:\/\/uj.adatbank.ro\/lexikon\/wp-json\/wp\/v2\/media?parent=2194"}],"wp:term":[{"taxonomy":"product_brand","embeddable":true,"href":"https:\/\/uj.adatbank.ro\/lexikon\/wp-json\/wp\/v2\/product_brand?post=2194"},{"taxonomy":"product_cat","embeddable":true,"href":"https:\/\/uj.adatbank.ro\/lexikon\/wp-json\/wp\/v2\/product_cat?post=2194"},{"taxonomy":"product_tag","embeddable":true,"href":"https:\/\/uj.adatbank.ro\/lexikon\/wp-json\/wp\/v2\/product_tag?post=2194"}],"curies":[{"name":"wp","href":"https:\/\/api.w.org\/{rel}","templated":true}]}}