{"id":21940,"date":"2025-07-22T19:43:13","date_gmt":"2025-07-22T17:43:13","guid":{"rendered":"https:\/\/uj.adatbank.ro\/lexikon\/termek\/szenkovics-laszlo\/"},"modified":"2025-07-22T19:43:13","modified_gmt":"2025-07-22T17:43:13","slug":"szenkovics-laszlo","status":"publish","type":"product","link":"https:\/\/uj.adatbank.ro\/lexikon\/termek\/szenkovics-laszlo\/","title":{"rendered":"SZENKOVICS L\u00e1szl\u00f3"},"content":{"rendered":"<p>Korond,\u00a01929., \u2020 Szov\u00e1ta, 2010.: k\u00f6nyvel\u0151. \u2013 Sz. Antal \u00e9s Nyegre Juli\u00e1nna fia. Feles\u00e9ge P\u00e9ter M\u00e1rta (1929\u20132010). \u2013 Sz\u00e9kelyudvarhelyen \u00e9retts\u00e9gizett. A szov\u00e1tai b\u00fatorgy\u00e1r sz\u00e1ll\u00edt\u00e1si oszt\u00e1ly\u00e1nak vezet\u0151je, a k\u00f6z\u00fczemek f\u0151k\u00f6nyvel\u0151je <br \/><strong>Irod.:<\/strong> Sz\u00e1va 2012.<\/br><\/p>\n","protected":false},"excerpt":{"rendered":"<p>Korond,\u00a01929., \u2020 Szov\u00e1ta, 2010.: k\u00f6nyvel\u0151. \u2013 Sz. Antal \u00e9s Nyegre Juli\u00e1nna fia. Feles\u00e9ge P\u00e9ter M\u00e1rta (1929\u20132010). \u2013 Sz\u00e9kelyudvarhelyen \u00e9retts\u00e9gizett. A szov\u00e1tai b\u00fatorgy\u00e1r sz\u00e1ll\u00edt\u00e1si oszt\u00e1ly\u00e1nak vezet\u0151je, a k\u00f6z\u00fczemek f\u0151k\u00f6nyvel\u0151je Irod.: Sz\u00e1va 2012.<\/p>\n","protected":false},"featured_media":0,"comment_status":"open","ping_status":"closed","template":"","meta":[],"product_brand":[],"product_cat":[137],"product_tag":[],"class_list":{"0":"post-21940","1":"product","2":"type-product","3":"status-publish","5":"product_cat-maros-megyei-eletrajzi-lexikon","7":"first","8":"instock","9":"shipping-taxable","10":"product-type-simple"},"_links":{"self":[{"href":"https:\/\/uj.adatbank.ro\/lexikon\/wp-json\/wp\/v2\/product\/21940","targetHints":{"allow":["GET"]}}],"collection":[{"href":"https:\/\/uj.adatbank.ro\/lexikon\/wp-json\/wp\/v2\/product"}],"about":[{"href":"https:\/\/uj.adatbank.ro\/lexikon\/wp-json\/wp\/v2\/types\/product"}],"replies":[{"embeddable":true,"href":"https:\/\/uj.adatbank.ro\/lexikon\/wp-json\/wp\/v2\/comments?post=21940"}],"wp:attachment":[{"href":"https:\/\/uj.adatbank.ro\/lexikon\/wp-json\/wp\/v2\/media?parent=21940"}],"wp:term":[{"taxonomy":"product_brand","embeddable":true,"href":"https:\/\/uj.adatbank.ro\/lexikon\/wp-json\/wp\/v2\/product_brand?post=21940"},{"taxonomy":"product_cat","embeddable":true,"href":"https:\/\/uj.adatbank.ro\/lexikon\/wp-json\/wp\/v2\/product_cat?post=21940"},{"taxonomy":"product_tag","embeddable":true,"href":"https:\/\/uj.adatbank.ro\/lexikon\/wp-json\/wp\/v2\/product_tag?post=21940"}],"curies":[{"name":"wp","href":"https:\/\/api.w.org\/{rel}","templated":true}]}}