{"id":21942,"date":"2025-07-22T19:43:16","date_gmt":"2025-07-22T17:43:16","guid":{"rendered":"https:\/\/uj.adatbank.ro\/lexikon\/termek\/szenkovics-peter\/"},"modified":"2025-07-22T19:43:16","modified_gmt":"2025-07-22T17:43:16","slug":"szenkovics-peter","status":"publish","type":"product","link":"https:\/\/uj.adatbank.ro\/lexikon\/termek\/szenkovics-peter\/","title":{"rendered":"SZENKOVICS P\u00e9ter"},"content":{"rendered":"<p>Sz\u00e9pv\u00edz, 1774., \u2020\u00a0Ny\u00e1r\u00e1dszereda, 1840.: tim\u00e1r, keresked\u0151. \u2013 Krikor P\u00e9ter Em\u00e1nuel \u00e9s D\u00e1vid M\u00e1nea fia. Ny\u00e1r\u00e1dszered\u00e1ban n\u0151s\u00fclt. 7 gyermek\u00fck sz\u00fcletett, k\u00f6z\u00fcl\u00fck Rebeka (1812\u20131894) Marosludason lett Fugoly\u00e1n Luk\u00e1cs feles\u00e9ge (1802\u2013?). \u2013 Segesv\u00e1r vid\u00e9k\u00e9n volt tim\u00e1r-keresked\u0151. <br \/><strong>Irod.:<\/strong> Sz\u00e1va 2012.<\/br><\/p>\n","protected":false},"excerpt":{"rendered":"<p>Sz\u00e9pv\u00edz, 1774., \u2020\u00a0Ny\u00e1r\u00e1dszereda, 1840.: tim\u00e1r, keresked\u0151. \u2013 Krikor P\u00e9ter Em\u00e1nuel \u00e9s D\u00e1vid M\u00e1nea fia. Ny\u00e1r\u00e1dszered\u00e1ban n\u0151s\u00fclt. 7 gyermek\u00fck sz\u00fcletett, k\u00f6z\u00fcl\u00fck Rebeka (1812\u20131894) Marosludason lett Fugoly\u00e1n Luk\u00e1cs feles\u00e9ge (1802\u2013?). \u2013 Segesv\u00e1r vid\u00e9k\u00e9n volt tim\u00e1r-keresked\u0151. Irod.: Sz\u00e1va 2012.<\/p>\n","protected":false},"featured_media":0,"comment_status":"open","ping_status":"closed","template":"","meta":[],"product_brand":[],"product_cat":[137],"product_tag":[],"class_list":{"0":"post-21942","1":"product","2":"type-product","3":"status-publish","5":"product_cat-maros-megyei-eletrajzi-lexikon","7":"first","8":"instock","9":"shipping-taxable","10":"product-type-simple"},"_links":{"self":[{"href":"https:\/\/uj.adatbank.ro\/lexikon\/wp-json\/wp\/v2\/product\/21942","targetHints":{"allow":["GET"]}}],"collection":[{"href":"https:\/\/uj.adatbank.ro\/lexikon\/wp-json\/wp\/v2\/product"}],"about":[{"href":"https:\/\/uj.adatbank.ro\/lexikon\/wp-json\/wp\/v2\/types\/product"}],"replies":[{"embeddable":true,"href":"https:\/\/uj.adatbank.ro\/lexikon\/wp-json\/wp\/v2\/comments?post=21942"}],"wp:attachment":[{"href":"https:\/\/uj.adatbank.ro\/lexikon\/wp-json\/wp\/v2\/media?parent=21942"}],"wp:term":[{"taxonomy":"product_brand","embeddable":true,"href":"https:\/\/uj.adatbank.ro\/lexikon\/wp-json\/wp\/v2\/product_brand?post=21942"},{"taxonomy":"product_cat","embeddable":true,"href":"https:\/\/uj.adatbank.ro\/lexikon\/wp-json\/wp\/v2\/product_cat?post=21942"},{"taxonomy":"product_tag","embeddable":true,"href":"https:\/\/uj.adatbank.ro\/lexikon\/wp-json\/wp\/v2\/product_tag?post=21942"}],"curies":[{"name":"wp","href":"https:\/\/api.w.org\/{rel}","templated":true}]}}