{"id":21943,"date":"2025-07-22T19:43:18","date_gmt":"2025-07-22T17:43:18","guid":{"rendered":"https:\/\/uj.adatbank.ro\/lexikon\/termek\/szenkovits-bela\/"},"modified":"2025-07-22T19:43:18","modified_gmt":"2025-07-22T17:43:18","slug":"szenkovits-bela","status":"publish","type":"product","link":"https:\/\/uj.adatbank.ro\/lexikon\/termek\/szenkovits-bela\/","title":{"rendered":"SZENKOVITS B\u00e9la"},"content":{"rendered":"<p>Sz\u00e1szd\u00e1nya, 1865. j\u00fan. 25., \u2020 1907. febr. 11.: r. k. pap. \u2013 Mv.-en, Sz\u00e9kelyudvarhelyen \u00e9s Gyulafeh\u00e9rv\u00e1ron tanult. Papp\u00e1 szentelt\u00e9k (1892. j\u00fal. 12.). Ny\u00e1r\u00e1dk\u00f6szv\u00e9nyesen kezdte szolg\u00e1lat\u00e1t (1892\u201393), majd k\u00e1pl\u00e1n \u00e9s lelkip\u00e1sztor. <br \/><strong>Irod.:<\/strong> Ferenczi S\u00e1ndor 2009.<\/br><\/p>\n","protected":false},"excerpt":{"rendered":"<p>Sz\u00e1szd\u00e1nya, 1865. j\u00fan. 25., \u2020 1907. febr. 11.: r. k. pap. \u2013 Mv.-en, Sz\u00e9kelyudvarhelyen \u00e9s Gyulafeh\u00e9rv\u00e1ron tanult. Papp\u00e1 szentelt\u00e9k (1892. j\u00fal. 12.). Ny\u00e1r\u00e1dk\u00f6szv\u00e9nyesen kezdte szolg\u00e1lat\u00e1t (1892\u201393), majd k\u00e1pl\u00e1n \u00e9s lelkip\u00e1sztor. Irod.: Ferenczi S\u00e1ndor 2009.<\/p>\n","protected":false},"featured_media":0,"comment_status":"open","ping_status":"closed","template":"","meta":[],"product_brand":[],"product_cat":[137],"product_tag":[],"class_list":{"0":"post-21943","1":"product","2":"type-product","3":"status-publish","5":"product_cat-maros-megyei-eletrajzi-lexikon","7":"first","8":"instock","9":"shipping-taxable","10":"product-type-simple"},"_links":{"self":[{"href":"https:\/\/uj.adatbank.ro\/lexikon\/wp-json\/wp\/v2\/product\/21943","targetHints":{"allow":["GET"]}}],"collection":[{"href":"https:\/\/uj.adatbank.ro\/lexikon\/wp-json\/wp\/v2\/product"}],"about":[{"href":"https:\/\/uj.adatbank.ro\/lexikon\/wp-json\/wp\/v2\/types\/product"}],"replies":[{"embeddable":true,"href":"https:\/\/uj.adatbank.ro\/lexikon\/wp-json\/wp\/v2\/comments?post=21943"}],"wp:attachment":[{"href":"https:\/\/uj.adatbank.ro\/lexikon\/wp-json\/wp\/v2\/media?parent=21943"}],"wp:term":[{"taxonomy":"product_brand","embeddable":true,"href":"https:\/\/uj.adatbank.ro\/lexikon\/wp-json\/wp\/v2\/product_brand?post=21943"},{"taxonomy":"product_cat","embeddable":true,"href":"https:\/\/uj.adatbank.ro\/lexikon\/wp-json\/wp\/v2\/product_cat?post=21943"},{"taxonomy":"product_tag","embeddable":true,"href":"https:\/\/uj.adatbank.ro\/lexikon\/wp-json\/wp\/v2\/product_tag?post=21943"}],"curies":[{"name":"wp","href":"https:\/\/api.w.org\/{rel}","templated":true}]}}