{"id":21945,"date":"2025-07-22T19:43:23","date_gmt":"2025-07-22T17:43:23","guid":{"rendered":"https:\/\/uj.adatbank.ro\/lexikon\/termek\/szenkovits-erika-szenkovics\/"},"modified":"2025-07-22T19:43:23","modified_gmt":"2025-07-22T17:43:23","slug":"szenkovits-erika-szenkovics","status":"publish","type":"product","link":"https:\/\/uj.adatbank.ro\/lexikon\/termek\/szenkovits-erika-szenkovics\/","title":{"rendered":"SZENKOVITS Erika, Szenkovics"},"content":{"rendered":"<p>? 1971., \u2020\u00a0Nagyszeben, 1989. dec.: h\u0151si hal\u00e1lt halt a szabads\u00e1g\u00e9rt, egyike Maros megye m\u00e1rt\u00edrjainak (1989. dec.). <br \/><strong>Irod.:<\/strong> [R\u00e9szv\u00e9tnyilv\u00e1n\u00edt\u00e1s] (N\u00fa., 1989. dec. 29.); [Nekrol\u00f3g] (N\u00fa., 1989. dec. 30.).<\/br><\/p>\n","protected":false},"excerpt":{"rendered":"<p>? 1971., \u2020\u00a0Nagyszeben, 1989. dec.: h\u0151si hal\u00e1lt halt a szabads\u00e1g\u00e9rt, egyike Maros megye m\u00e1rt\u00edrjainak (1989. dec.). Irod.: [R\u00e9szv\u00e9tnyilv\u00e1n\u00edt\u00e1s] (N\u00fa., 1989. dec. 29.); [Nekrol\u00f3g] (N\u00fa., 1989. dec. 30.).<\/p>\n","protected":false},"featured_media":0,"comment_status":"open","ping_status":"closed","template":"","meta":[],"product_brand":[],"product_cat":[137],"product_tag":[],"class_list":{"0":"post-21945","1":"product","2":"type-product","3":"status-publish","5":"product_cat-maros-megyei-eletrajzi-lexikon","7":"first","8":"instock","9":"shipping-taxable","10":"product-type-simple"},"_links":{"self":[{"href":"https:\/\/uj.adatbank.ro\/lexikon\/wp-json\/wp\/v2\/product\/21945","targetHints":{"allow":["GET"]}}],"collection":[{"href":"https:\/\/uj.adatbank.ro\/lexikon\/wp-json\/wp\/v2\/product"}],"about":[{"href":"https:\/\/uj.adatbank.ro\/lexikon\/wp-json\/wp\/v2\/types\/product"}],"replies":[{"embeddable":true,"href":"https:\/\/uj.adatbank.ro\/lexikon\/wp-json\/wp\/v2\/comments?post=21945"}],"wp:attachment":[{"href":"https:\/\/uj.adatbank.ro\/lexikon\/wp-json\/wp\/v2\/media?parent=21945"}],"wp:term":[{"taxonomy":"product_brand","embeddable":true,"href":"https:\/\/uj.adatbank.ro\/lexikon\/wp-json\/wp\/v2\/product_brand?post=21945"},{"taxonomy":"product_cat","embeddable":true,"href":"https:\/\/uj.adatbank.ro\/lexikon\/wp-json\/wp\/v2\/product_cat?post=21945"},{"taxonomy":"product_tag","embeddable":true,"href":"https:\/\/uj.adatbank.ro\/lexikon\/wp-json\/wp\/v2\/product_tag?post=21945"}],"curies":[{"name":"wp","href":"https:\/\/api.w.org\/{rel}","templated":true}]}}