{"id":21947,"date":"2025-07-22T19:43:26","date_gmt":"2025-07-22T17:43:26","guid":{"rendered":"https:\/\/uj.adatbank.ro\/lexikon\/termek\/szenkovits-lajos\/"},"modified":"2025-07-22T19:43:26","modified_gmt":"2025-07-22T17:43:26","slug":"szenkovits-lajos","status":"publish","type":"product","link":"https:\/\/uj.adatbank.ro\/lexikon\/termek\/szenkovits-lajos\/","title":{"rendered":"SZENKOVITS Lajos"},"content":{"rendered":"<p>Ny\u00e1r\u00e1dszereda, 1808.\u2020 Ny\u00e1r\u00e1dszereda, 1870. k.: keresked\u0151. \u2013 Sz. P\u00e9ter fia. Feles\u00e9ge: \u00d6tves Anna (1815. szept. 10.\u2013) Gyermekeik: Veronika (1839. jan.3.\u2013), Lajos (1840. szept. 5\u2013), Antal (1842. febr. 26.\u20131842. nov. 14), M\u00e1rton (1846. nov. 10\u2013) N\u00e9gy fi\u00fak k\u00f6z\u00fcl Ferenc (1842\u2013?) ny\u00e1r\u00e1dszeredai keresked\u0151. \u2013 Ny\u00e1r\u00e1dszered\u00e1ban volt keresked\u0151. <br \/><strong>Irod.:<\/strong> P\u00e1l-Antal S\u00e1ndor: \u00d6rm\u00e9nyek Mv.-en 1848 el\u0151tt = Pusk\u00e1s \u2013 Sz\u00e1sz \u00c1v\u00e9d; Sz\u00e1va 2012.<\/br><\/p>\n","protected":false},"excerpt":{"rendered":"<p>Ny\u00e1r\u00e1dszereda, 1808.\u2020 Ny\u00e1r\u00e1dszereda, 1870. k.: keresked\u0151. \u2013 Sz. P\u00e9ter fia. Feles\u00e9ge: \u00d6tves Anna (1815. szept. 10.\u2013) Gyermekeik: Veronika (1839. jan.3.\u2013), Lajos (1840. szept. 5\u2013), Antal (1842. febr. 26.\u20131842. nov. 14), M\u00e1rton (1846. nov. 10\u2013) N\u00e9gy fi\u00fak k\u00f6z\u00fcl Ferenc (1842\u2013?) ny\u00e1r\u00e1dszeredai keresked\u0151. \u2013 Ny\u00e1r\u00e1dszered\u00e1ban volt keresked\u0151. Irod.: P\u00e1l-Antal S\u00e1ndor: \u00d6rm\u00e9nyek Mv.-en 1848 el\u0151tt = Pusk\u00e1s \u2013 [&hellip;]<\/p>\n","protected":false},"featured_media":0,"comment_status":"open","ping_status":"closed","template":"","meta":[],"product_brand":[],"product_cat":[137],"product_tag":[],"class_list":{"0":"post-21947","1":"product","2":"type-product","3":"status-publish","5":"product_cat-maros-megyei-eletrajzi-lexikon","7":"first","8":"instock","9":"shipping-taxable","10":"product-type-simple"},"_links":{"self":[{"href":"https:\/\/uj.adatbank.ro\/lexikon\/wp-json\/wp\/v2\/product\/21947","targetHints":{"allow":["GET"]}}],"collection":[{"href":"https:\/\/uj.adatbank.ro\/lexikon\/wp-json\/wp\/v2\/product"}],"about":[{"href":"https:\/\/uj.adatbank.ro\/lexikon\/wp-json\/wp\/v2\/types\/product"}],"replies":[{"embeddable":true,"href":"https:\/\/uj.adatbank.ro\/lexikon\/wp-json\/wp\/v2\/comments?post=21947"}],"wp:attachment":[{"href":"https:\/\/uj.adatbank.ro\/lexikon\/wp-json\/wp\/v2\/media?parent=21947"}],"wp:term":[{"taxonomy":"product_brand","embeddable":true,"href":"https:\/\/uj.adatbank.ro\/lexikon\/wp-json\/wp\/v2\/product_brand?post=21947"},{"taxonomy":"product_cat","embeddable":true,"href":"https:\/\/uj.adatbank.ro\/lexikon\/wp-json\/wp\/v2\/product_cat?post=21947"},{"taxonomy":"product_tag","embeddable":true,"href":"https:\/\/uj.adatbank.ro\/lexikon\/wp-json\/wp\/v2\/product_tag?post=21947"}],"curies":[{"name":"wp","href":"https:\/\/api.w.org\/{rel}","templated":true}]}}