{"id":21949,"date":"2025-07-22T19:43:32","date_gmt":"2025-07-22T17:43:32","guid":{"rendered":"https:\/\/uj.adatbank.ro\/lexikon\/termek\/szenkovits-lajos-3\/"},"modified":"2025-07-22T19:43:32","modified_gmt":"2025-07-22T17:43:32","slug":"szenkovits-lajos-3","status":"publish","type":"product","link":"https:\/\/uj.adatbank.ro\/lexikon\/termek\/szenkovits-lajos-3\/","title":{"rendered":"SZENKOVITS Lajos"},"content":{"rendered":"<p>Szenth\u00e1roms\u00e1g, 1876., \u2020?: k\u00f6zs\u00e9gi jegyz\u0151. \u2013 Tanulm\u00e1nyait Mv.-en v\u00e9gezte \u00e9s mint k\u00f6rjegyz\u0151i \u00edrnok Sz\u00e9kelyv\u00e9ck\u00e9n kezdte p\u00e1lyafut\u00e1s\u00e1t, volt k\u00f6zs\u00e9gi titk\u00e1r, majd Bordoson s. jegyz\u0151 (1940\u2013) \u2013 Az els\u0151 vh.-ban a 22. gy. e.-ben mint \u0151rmester a csend\u0151r sz\u00e1rnyparancsnoks\u00e1gn\u00e1l teljes\u00edtett szolg\u00e1latot. <br \/><strong>Irod.:<\/strong> Sz\u00e9kelyf\u00f6ld \u00ed. k.<\/br><\/p>\n","protected":false},"excerpt":{"rendered":"<p>Szenth\u00e1roms\u00e1g, 1876., \u2020?: k\u00f6zs\u00e9gi jegyz\u0151. \u2013 Tanulm\u00e1nyait Mv.-en v\u00e9gezte \u00e9s mint k\u00f6rjegyz\u0151i \u00edrnok Sz\u00e9kelyv\u00e9ck\u00e9n kezdte p\u00e1lyafut\u00e1s\u00e1t, volt k\u00f6zs\u00e9gi titk\u00e1r, majd Bordoson s. jegyz\u0151 (1940\u2013) \u2013 Az els\u0151 vh.-ban a 22. gy. e.-ben mint \u0151rmester a csend\u0151r sz\u00e1rnyparancsnoks\u00e1gn\u00e1l teljes\u00edtett szolg\u00e1latot. Irod.: Sz\u00e9kelyf\u00f6ld \u00ed. k.<\/p>\n","protected":false},"featured_media":0,"comment_status":"open","ping_status":"closed","template":"","meta":[],"product_brand":[],"product_cat":[137],"product_tag":[],"class_list":{"0":"post-21949","1":"product","2":"type-product","3":"status-publish","5":"product_cat-maros-megyei-eletrajzi-lexikon","7":"first","8":"instock","9":"shipping-taxable","10":"product-type-simple"},"_links":{"self":[{"href":"https:\/\/uj.adatbank.ro\/lexikon\/wp-json\/wp\/v2\/product\/21949","targetHints":{"allow":["GET"]}}],"collection":[{"href":"https:\/\/uj.adatbank.ro\/lexikon\/wp-json\/wp\/v2\/product"}],"about":[{"href":"https:\/\/uj.adatbank.ro\/lexikon\/wp-json\/wp\/v2\/types\/product"}],"replies":[{"embeddable":true,"href":"https:\/\/uj.adatbank.ro\/lexikon\/wp-json\/wp\/v2\/comments?post=21949"}],"wp:attachment":[{"href":"https:\/\/uj.adatbank.ro\/lexikon\/wp-json\/wp\/v2\/media?parent=21949"}],"wp:term":[{"taxonomy":"product_brand","embeddable":true,"href":"https:\/\/uj.adatbank.ro\/lexikon\/wp-json\/wp\/v2\/product_brand?post=21949"},{"taxonomy":"product_cat","embeddable":true,"href":"https:\/\/uj.adatbank.ro\/lexikon\/wp-json\/wp\/v2\/product_cat?post=21949"},{"taxonomy":"product_tag","embeddable":true,"href":"https:\/\/uj.adatbank.ro\/lexikon\/wp-json\/wp\/v2\/product_tag?post=21949"}],"curies":[{"name":"wp","href":"https:\/\/api.w.org\/{rel}","templated":true}]}}