{"id":21950,"date":"2025-07-22T19:43:33","date_gmt":"2025-07-22T17:43:33","guid":{"rendered":"https:\/\/uj.adatbank.ro\/lexikon\/termek\/szenner-alias-szentner-nagyernyei\/"},"modified":"2025-07-22T19:43:33","modified_gmt":"2025-07-22T17:43:33","slug":"szenner-alias-szentner-nagyernyei","status":"publish","type":"product","link":"https:\/\/uj.adatbank.ro\/lexikon\/termek\/szenner-alias-szentner-nagyernyei\/","title":{"rendered":"SZENNER alias Szentner, nagyernyei"},"content":{"rendered":"<p>A Sv\u00e1jcb\u00f3l sz\u00e1rmaz\u00f3 csal\u00e1d tagjai Nagyerny\u00e9ben \u00e9ltek (18. sz.). Sz. Ferenc egyike volt Marossz\u00e9k legtekint\u00e9lyesebb \u00e9s leggazdagabb f\u00f6ldesurainak. <br \/><strong>Irod.:<\/strong> Filep; P\u00e1lmay.<\/br><\/p>\n","protected":false},"excerpt":{"rendered":"<p>A Sv\u00e1jcb\u00f3l sz\u00e1rmaz\u00f3 csal\u00e1d tagjai Nagyerny\u00e9ben \u00e9ltek (18. sz.). Sz. Ferenc egyike volt Marossz\u00e9k legtekint\u00e9lyesebb \u00e9s leggazdagabb f\u00f6ldesurainak. Irod.: Filep; P\u00e1lmay.<\/p>\n","protected":false},"featured_media":0,"comment_status":"open","ping_status":"closed","template":"","meta":[],"product_brand":[],"product_cat":[137],"product_tag":[],"class_list":{"0":"post-21950","1":"product","2":"type-product","3":"status-publish","5":"product_cat-maros-megyei-eletrajzi-lexikon","7":"first","8":"instock","9":"shipping-taxable","10":"product-type-simple"},"_links":{"self":[{"href":"https:\/\/uj.adatbank.ro\/lexikon\/wp-json\/wp\/v2\/product\/21950","targetHints":{"allow":["GET"]}}],"collection":[{"href":"https:\/\/uj.adatbank.ro\/lexikon\/wp-json\/wp\/v2\/product"}],"about":[{"href":"https:\/\/uj.adatbank.ro\/lexikon\/wp-json\/wp\/v2\/types\/product"}],"replies":[{"embeddable":true,"href":"https:\/\/uj.adatbank.ro\/lexikon\/wp-json\/wp\/v2\/comments?post=21950"}],"wp:attachment":[{"href":"https:\/\/uj.adatbank.ro\/lexikon\/wp-json\/wp\/v2\/media?parent=21950"}],"wp:term":[{"taxonomy":"product_brand","embeddable":true,"href":"https:\/\/uj.adatbank.ro\/lexikon\/wp-json\/wp\/v2\/product_brand?post=21950"},{"taxonomy":"product_cat","embeddable":true,"href":"https:\/\/uj.adatbank.ro\/lexikon\/wp-json\/wp\/v2\/product_cat?post=21950"},{"taxonomy":"product_tag","embeddable":true,"href":"https:\/\/uj.adatbank.ro\/lexikon\/wp-json\/wp\/v2\/product_tag?post=21950"}],"curies":[{"name":"wp","href":"https:\/\/api.w.org\/{rel}","templated":true}]}}