{"id":21953,"date":"2025-07-22T19:43:39","date_gmt":"2025-07-22T17:43:39","guid":{"rendered":"https:\/\/uj.adatbank.ro\/lexikon\/termek\/szenner-ferenc-nagyernyei\/"},"modified":"2025-07-22T19:43:39","modified_gmt":"2025-07-22T17:43:39","slug":"szenner-ferenc-nagyernyei","status":"publish","type":"product","link":"https:\/\/uj.adatbank.ro\/lexikon\/termek\/szenner-ferenc-nagyernyei\/","title":{"rendered":"SZENNER Ferenc, nagyernyei"},"content":{"rendered":"<p>18. sz.., \u2020?: nemes, f\u00f6ldbirtokos. \u2013 Fia: J\u00f3zsef (1781\u2013?). A csal\u00e1d els\u0151 ismert tagja, a Marossz\u00e9k legtekint\u00e9lyesebb \u00e9s Nagyernye leggazdagabb f\u00f6ldesura. Nemesi rangot kapott (1702). Id\u0151s kor\u00e1ban 500 holdnyi birtok\u00e1t z\u00e1logba adta. <br \/><strong>Irod.:<\/strong> Fekete; Keresztes Gyula: \u00d6r\u00f6ks\u00e9g\u00fcnk 50.: A nagyernyei udvarh\u00e1zak (1994. febr. 11.); Nemes Gyula: Dr. Szenner J\u00f3zsef politikai munk\u00e1ss\u00e1ga = P\u00e1l-Antal \u2013 Simon 2011.<\/br><\/p>\n","protected":false},"excerpt":{"rendered":"<p>18. sz.., \u2020?: nemes, f\u00f6ldbirtokos. \u2013 Fia: J\u00f3zsef (1781\u2013?). A csal\u00e1d els\u0151 ismert tagja, a Marossz\u00e9k legtekint\u00e9lyesebb \u00e9s Nagyernye leggazdagabb f\u00f6ldesura. Nemesi rangot kapott (1702). Id\u0151s kor\u00e1ban 500 holdnyi birtok\u00e1t z\u00e1logba adta. Irod.: Fekete; Keresztes Gyula: \u00d6r\u00f6ks\u00e9g\u00fcnk 50.: A nagyernyei udvarh\u00e1zak (1994. febr. 11.); Nemes Gyula: Dr. Szenner J\u00f3zsef politikai munk\u00e1ss\u00e1ga = P\u00e1l-Antal \u2013 Simon [&hellip;]<\/p>\n","protected":false},"featured_media":0,"comment_status":"open","ping_status":"closed","template":"","meta":[],"product_brand":[],"product_cat":[137],"product_tag":[],"class_list":{"0":"post-21953","1":"product","2":"type-product","3":"status-publish","5":"product_cat-maros-megyei-eletrajzi-lexikon","7":"first","8":"instock","9":"shipping-taxable","10":"product-type-simple"},"_links":{"self":[{"href":"https:\/\/uj.adatbank.ro\/lexikon\/wp-json\/wp\/v2\/product\/21953","targetHints":{"allow":["GET"]}}],"collection":[{"href":"https:\/\/uj.adatbank.ro\/lexikon\/wp-json\/wp\/v2\/product"}],"about":[{"href":"https:\/\/uj.adatbank.ro\/lexikon\/wp-json\/wp\/v2\/types\/product"}],"replies":[{"embeddable":true,"href":"https:\/\/uj.adatbank.ro\/lexikon\/wp-json\/wp\/v2\/comments?post=21953"}],"wp:attachment":[{"href":"https:\/\/uj.adatbank.ro\/lexikon\/wp-json\/wp\/v2\/media?parent=21953"}],"wp:term":[{"taxonomy":"product_brand","embeddable":true,"href":"https:\/\/uj.adatbank.ro\/lexikon\/wp-json\/wp\/v2\/product_brand?post=21953"},{"taxonomy":"product_cat","embeddable":true,"href":"https:\/\/uj.adatbank.ro\/lexikon\/wp-json\/wp\/v2\/product_cat?post=21953"},{"taxonomy":"product_tag","embeddable":true,"href":"https:\/\/uj.adatbank.ro\/lexikon\/wp-json\/wp\/v2\/product_tag?post=21953"}],"curies":[{"name":"wp","href":"https:\/\/api.w.org\/{rel}","templated":true}]}}