{"id":21955,"date":"2025-07-22T19:43:43","date_gmt":"2025-07-22T17:43:43","guid":{"rendered":"https:\/\/uj.adatbank.ro\/lexikon\/termek\/szenner-janos-nagyernyei\/"},"modified":"2025-07-22T19:43:43","modified_gmt":"2025-07-22T17:43:43","slug":"szenner-janos-nagyernyei","status":"publish","type":"product","link":"https:\/\/uj.adatbank.ro\/lexikon\/termek\/szenner-janos-nagyernyei\/","title":{"rendered":"SZENNER J\u00e1nos, nagyernyei"},"content":{"rendered":"<p>Nagyernye, 1883. aug. 8., \u2020\u00a0Nagyernye, 1945.: f\u00f6ldbirtokos. \u2013 Feles\u00e9ge P\u00e1saka Mariska. \u2013 Nagyerny\u00e9ben k\u00f6zs\u00e9gi k\u00f6rjegyz\u0151 (1862\u201345). <br \/><strong>Irod.:<\/strong> Filep; Nagy Lajos: Nagyernye&#8230;= Eml\u00e9kk. Szab\u00f3 Mikl\u00f3s; Nemes Gyula: Szakr\u00e1lis eml\u00e9kek&#8230;= P\u00e1l-Antal \u2013 Simon.<\/br><\/p>\n","protected":false},"excerpt":{"rendered":"<p>Nagyernye, 1883. aug. 8., \u2020\u00a0Nagyernye, 1945.: f\u00f6ldbirtokos. \u2013 Feles\u00e9ge P\u00e1saka Mariska. \u2013 Nagyerny\u00e9ben k\u00f6zs\u00e9gi k\u00f6rjegyz\u0151 (1862\u201345). Irod.: Filep; Nagy Lajos: Nagyernye&#8230;= Eml\u00e9kk. Szab\u00f3 Mikl\u00f3s; Nemes Gyula: Szakr\u00e1lis eml\u00e9kek&#8230;= P\u00e1l-Antal \u2013 Simon.<\/p>\n","protected":false},"featured_media":0,"comment_status":"open","ping_status":"closed","template":"","meta":[],"product_brand":[],"product_cat":[137],"product_tag":[],"class_list":{"0":"post-21955","1":"product","2":"type-product","3":"status-publish","5":"product_cat-maros-megyei-eletrajzi-lexikon","7":"first","8":"instock","9":"shipping-taxable","10":"product-type-simple"},"_links":{"self":[{"href":"https:\/\/uj.adatbank.ro\/lexikon\/wp-json\/wp\/v2\/product\/21955","targetHints":{"allow":["GET"]}}],"collection":[{"href":"https:\/\/uj.adatbank.ro\/lexikon\/wp-json\/wp\/v2\/product"}],"about":[{"href":"https:\/\/uj.adatbank.ro\/lexikon\/wp-json\/wp\/v2\/types\/product"}],"replies":[{"embeddable":true,"href":"https:\/\/uj.adatbank.ro\/lexikon\/wp-json\/wp\/v2\/comments?post=21955"}],"wp:attachment":[{"href":"https:\/\/uj.adatbank.ro\/lexikon\/wp-json\/wp\/v2\/media?parent=21955"}],"wp:term":[{"taxonomy":"product_brand","embeddable":true,"href":"https:\/\/uj.adatbank.ro\/lexikon\/wp-json\/wp\/v2\/product_brand?post=21955"},{"taxonomy":"product_cat","embeddable":true,"href":"https:\/\/uj.adatbank.ro\/lexikon\/wp-json\/wp\/v2\/product_cat?post=21955"},{"taxonomy":"product_tag","embeddable":true,"href":"https:\/\/uj.adatbank.ro\/lexikon\/wp-json\/wp\/v2\/product_tag?post=21955"}],"curies":[{"name":"wp","href":"https:\/\/api.w.org\/{rel}","templated":true}]}}