{"id":21956,"date":"2025-07-22T19:43:45","date_gmt":"2025-07-22T17:43:45","guid":{"rendered":"https:\/\/uj.adatbank.ro\/lexikon\/termek\/szenner-jeno-nagyernyei\/"},"modified":"2025-07-22T19:43:45","modified_gmt":"2025-07-22T17:43:45","slug":"szenner-jeno-nagyernyei","status":"publish","type":"product","link":"https:\/\/uj.adatbank.ro\/lexikon\/termek\/szenner-jeno-nagyernyei\/","title":{"rendered":"SZENNER Jen\u0151, nagyernyei"},"content":{"rendered":"<p>Nagyernye, 1890., \u2020?: \u00e1llom\u00e1sf\u0151n\u00f6k. \u2013 Gimn\u00e1ziumi \u00e9retts\u00e9git Tat\u00e1n szerzett, majd a vas\u00fatn\u00e1l helyezkedett el \u00e9s Alm\u00e1sf\u00fczit\u0151n gyakornok volt, a tiszti tanfolyamot Bp.-eb v\u00e9gezte, majd Tata, T\u00f3v\u00e1ros, Fels\u0151galla, Ercsi \u00e9s Oroszka, Mv. (1940\u2013) \u00e1llom\u00e1sok f\u0151n\u00f6ke,. <br \/><strong>Irod.:<\/strong> Sz\u00e9kelyf\u00f6ld \u00ed. k.<\/br><\/p>\n","protected":false},"excerpt":{"rendered":"<p>Nagyernye, 1890., \u2020?: \u00e1llom\u00e1sf\u0151n\u00f6k. \u2013 Gimn\u00e1ziumi \u00e9retts\u00e9git Tat\u00e1n szerzett, majd a vas\u00fatn\u00e1l helyezkedett el \u00e9s Alm\u00e1sf\u00fczit\u0151n gyakornok volt, a tiszti tanfolyamot Bp.-eb v\u00e9gezte, majd Tata, T\u00f3v\u00e1ros, Fels\u0151galla, Ercsi \u00e9s Oroszka, Mv. (1940\u2013) \u00e1llom\u00e1sok f\u0151n\u00f6ke,. Irod.: Sz\u00e9kelyf\u00f6ld \u00ed. k.<\/p>\n","protected":false},"featured_media":0,"comment_status":"open","ping_status":"closed","template":"","meta":[],"product_brand":[],"product_cat":[137],"product_tag":[],"class_list":{"0":"post-21956","1":"product","2":"type-product","3":"status-publish","5":"product_cat-maros-megyei-eletrajzi-lexikon","7":"first","8":"instock","9":"shipping-taxable","10":"product-type-simple"},"_links":{"self":[{"href":"https:\/\/uj.adatbank.ro\/lexikon\/wp-json\/wp\/v2\/product\/21956","targetHints":{"allow":["GET"]}}],"collection":[{"href":"https:\/\/uj.adatbank.ro\/lexikon\/wp-json\/wp\/v2\/product"}],"about":[{"href":"https:\/\/uj.adatbank.ro\/lexikon\/wp-json\/wp\/v2\/types\/product"}],"replies":[{"embeddable":true,"href":"https:\/\/uj.adatbank.ro\/lexikon\/wp-json\/wp\/v2\/comments?post=21956"}],"wp:attachment":[{"href":"https:\/\/uj.adatbank.ro\/lexikon\/wp-json\/wp\/v2\/media?parent=21956"}],"wp:term":[{"taxonomy":"product_brand","embeddable":true,"href":"https:\/\/uj.adatbank.ro\/lexikon\/wp-json\/wp\/v2\/product_brand?post=21956"},{"taxonomy":"product_cat","embeddable":true,"href":"https:\/\/uj.adatbank.ro\/lexikon\/wp-json\/wp\/v2\/product_cat?post=21956"},{"taxonomy":"product_tag","embeddable":true,"href":"https:\/\/uj.adatbank.ro\/lexikon\/wp-json\/wp\/v2\/product_tag?post=21956"}],"curies":[{"name":"wp","href":"https:\/\/api.w.org\/{rel}","templated":true}]}}