{"id":21957,"date":"2025-07-22T19:43:48","date_gmt":"2025-07-22T17:43:48","guid":{"rendered":"https:\/\/uj.adatbank.ro\/lexikon\/termek\/szenner-jozsef-nagyernyei\/"},"modified":"2025-07-22T19:43:48","modified_gmt":"2025-07-22T17:43:48","slug":"szenner-jozsef-nagyernyei","status":"publish","type":"product","link":"https:\/\/uj.adatbank.ro\/lexikon\/termek\/szenner-jozsef-nagyernyei\/","title":{"rendered":"SZENNER J\u00f3zsef, nagyernyei"},"content":{"rendered":"<p>Nagyernye, 1781., \u2020?: f\u00f6ldbirtokos. \u2013 Apja Sz. Ferenc. Feles\u00e9ge: Nemes Judit. Fi\u00fak: S\u00e1muel (1807\u2013?). \u2013 Nagyernyei birtokos. <br \/><strong>Irod.:<\/strong> Nemes Gyula: Dr. Szenner J\u00f3zsef politikai munk\u00e1ss\u00e1ga = P\u00e1l-Antal \u2013 Simon 2011.<\/br><\/p>\n","protected":false},"excerpt":{"rendered":"<p>Nagyernye, 1781., \u2020?: f\u00f6ldbirtokos. \u2013 Apja Sz. Ferenc. Feles\u00e9ge: Nemes Judit. Fi\u00fak: S\u00e1muel (1807\u2013?). \u2013 Nagyernyei birtokos. Irod.: Nemes Gyula: Dr. Szenner J\u00f3zsef politikai munk\u00e1ss\u00e1ga = P\u00e1l-Antal \u2013 Simon 2011.<\/p>\n","protected":false},"featured_media":0,"comment_status":"open","ping_status":"closed","template":"","meta":[],"product_brand":[],"product_cat":[137],"product_tag":[],"class_list":{"0":"post-21957","1":"product","2":"type-product","3":"status-publish","5":"product_cat-maros-megyei-eletrajzi-lexikon","7":"first","8":"instock","9":"shipping-taxable","10":"product-type-simple"},"_links":{"self":[{"href":"https:\/\/uj.adatbank.ro\/lexikon\/wp-json\/wp\/v2\/product\/21957","targetHints":{"allow":["GET"]}}],"collection":[{"href":"https:\/\/uj.adatbank.ro\/lexikon\/wp-json\/wp\/v2\/product"}],"about":[{"href":"https:\/\/uj.adatbank.ro\/lexikon\/wp-json\/wp\/v2\/types\/product"}],"replies":[{"embeddable":true,"href":"https:\/\/uj.adatbank.ro\/lexikon\/wp-json\/wp\/v2\/comments?post=21957"}],"wp:attachment":[{"href":"https:\/\/uj.adatbank.ro\/lexikon\/wp-json\/wp\/v2\/media?parent=21957"}],"wp:term":[{"taxonomy":"product_brand","embeddable":true,"href":"https:\/\/uj.adatbank.ro\/lexikon\/wp-json\/wp\/v2\/product_brand?post=21957"},{"taxonomy":"product_cat","embeddable":true,"href":"https:\/\/uj.adatbank.ro\/lexikon\/wp-json\/wp\/v2\/product_cat?post=21957"},{"taxonomy":"product_tag","embeddable":true,"href":"https:\/\/uj.adatbank.ro\/lexikon\/wp-json\/wp\/v2\/product_tag?post=21957"}],"curies":[{"name":"wp","href":"https:\/\/api.w.org\/{rel}","templated":true}]}}