{"id":21962,"date":"2025-07-22T19:43:59","date_gmt":"2025-07-22T17:43:59","guid":{"rendered":"https:\/\/uj.adatbank.ro\/lexikon\/termek\/szent-istvan\/"},"modified":"2025-07-22T19:43:59","modified_gmt":"2025-07-22T17:43:59","slug":"szent-istvan","status":"publish","type":"product","link":"https:\/\/uj.adatbank.ro\/lexikon\/termek\/szent-istvan\/","title":{"rendered":"SZENT Istv\u00e1n"},"content":{"rendered":"<p>975 k. \u2020 1038: \u00c1llamalap\u00edt\u00f3, Mo. els\u0151 kir\u00e1lya (1000\u201338). \u2013 Az els\u0151 mikh\u00e1zi templomot Szent Istv\u00e1nnak szentelt\u00e9k. Mellszobra Sz\u00e9kelyszentistv\u00e1non.<\/br><\/p>\n","protected":false},"excerpt":{"rendered":"<p>975 k. \u2020 1038: \u00c1llamalap\u00edt\u00f3, Mo. els\u0151 kir\u00e1lya (1000\u201338). \u2013 Az els\u0151 mikh\u00e1zi templomot Szent Istv\u00e1nnak szentelt\u00e9k. Mellszobra Sz\u00e9kelyszentistv\u00e1non.<\/p>\n","protected":false},"featured_media":0,"comment_status":"open","ping_status":"closed","template":"","meta":[],"product_brand":[],"product_cat":[137],"product_tag":[],"class_list":{"0":"post-21962","1":"product","2":"type-product","3":"status-publish","5":"product_cat-maros-megyei-eletrajzi-lexikon","7":"first","8":"instock","9":"shipping-taxable","10":"product-type-simple"},"_links":{"self":[{"href":"https:\/\/uj.adatbank.ro\/lexikon\/wp-json\/wp\/v2\/product\/21962","targetHints":{"allow":["GET"]}}],"collection":[{"href":"https:\/\/uj.adatbank.ro\/lexikon\/wp-json\/wp\/v2\/product"}],"about":[{"href":"https:\/\/uj.adatbank.ro\/lexikon\/wp-json\/wp\/v2\/types\/product"}],"replies":[{"embeddable":true,"href":"https:\/\/uj.adatbank.ro\/lexikon\/wp-json\/wp\/v2\/comments?post=21962"}],"wp:attachment":[{"href":"https:\/\/uj.adatbank.ro\/lexikon\/wp-json\/wp\/v2\/media?parent=21962"}],"wp:term":[{"taxonomy":"product_brand","embeddable":true,"href":"https:\/\/uj.adatbank.ro\/lexikon\/wp-json\/wp\/v2\/product_brand?post=21962"},{"taxonomy":"product_cat","embeddable":true,"href":"https:\/\/uj.adatbank.ro\/lexikon\/wp-json\/wp\/v2\/product_cat?post=21962"},{"taxonomy":"product_tag","embeddable":true,"href":"https:\/\/uj.adatbank.ro\/lexikon\/wp-json\/wp\/v2\/product_tag?post=21962"}],"curies":[{"name":"wp","href":"https:\/\/api.w.org\/{rel}","templated":true}]}}