{"id":21963,"date":"2025-07-22T19:44:01","date_gmt":"2025-07-22T17:44:01","guid":{"rendered":"https:\/\/uj.adatbank.ro\/lexikon\/termek\/szentannai-baka-istvan-szentannai-istvan\/"},"modified":"2025-07-22T19:44:01","modified_gmt":"2025-07-22T17:44:01","slug":"szentannai-baka-istvan-szentannai-istvan","status":"publish","type":"product","link":"https:\/\/uj.adatbank.ro\/lexikon\/termek\/szentannai-baka-istvan-szentannai-istvan\/","title":{"rendered":"SZENTANNAI BAKA Istv\u00e1n, Szentannai Istv\u00e1n"},"content":{"rendered":"<p>? \u2020?: ref. lelk\u00e9sz. \u2013 Feles\u00e9ge Sz\u00e9kely Zs\u00f3fia. \u2013 Nagyenyeden subscrib\u00e1lt (1700), Balav\u00e1s\u00e1ron szolg\u00e1lt (1711\u20131716). H\u00edvei a vizit\u00e1ci\u00f3 alkalm\u00e1val (1715) panaszt emeltek szolg\u00e1lat\u00e1ra is \u00e9s a csal\u00e1di \u00e9let\u00e9re is. A kuruc\u2013labanc harcok zavarg\u00e1sai \u00e9s a h\u00e1bor\u00fas nyomor\u00fas\u00e1g \u00e9reztett\u00e9k hat\u00e1sukat a h\u00edvek \u00e9s a pap \u00e9let\u00e9ben is. A h\u00edvek nem j\u00e1rtak templomba, nem fizett\u00e9k a pap j\u00e1rand\u00f3s\u00e1gait, nem vettek \u00farvacsor\u00e1t. A papn\u00e9 r\u00e9szegeskedett, kocsm\u00e1ba j\u00e1rt. K\u00e9s\u0151bb G\u00f3g\u00e1nban (1717\u201318), Nagykenden (1721\u201332) \u00e9s K\u00fck\u00fcll\u0151sz\u00e9plakon (1735) szolg\u00e1lt. <br \/><strong>Irod.:<\/strong> Balav\u00e1s\u00e1r \u00e9s egyh\u00e1za; K\u00fck\u00fcll\u0151i Ref. Egyh\u00e1zm.1., 2., 4.<\/br><\/p>\n","protected":false},"excerpt":{"rendered":"<p>? \u2020?: ref. lelk\u00e9sz. \u2013 Feles\u00e9ge Sz\u00e9kely Zs\u00f3fia. \u2013 Nagyenyeden subscrib\u00e1lt (1700), Balav\u00e1s\u00e1ron szolg\u00e1lt (1711\u20131716). H\u00edvei a vizit\u00e1ci\u00f3 alkalm\u00e1val (1715) panaszt emeltek szolg\u00e1lat\u00e1ra is \u00e9s a csal\u00e1di \u00e9let\u00e9re is. A kuruc\u2013labanc harcok zavarg\u00e1sai \u00e9s a h\u00e1bor\u00fas nyomor\u00fas\u00e1g \u00e9reztett\u00e9k hat\u00e1sukat a h\u00edvek \u00e9s a pap \u00e9let\u00e9ben is. A h\u00edvek nem j\u00e1rtak templomba, nem fizett\u00e9k a pap [&hellip;]<\/p>\n","protected":false},"featured_media":0,"comment_status":"open","ping_status":"closed","template":"","meta":[],"product_brand":[],"product_cat":[137],"product_tag":[],"class_list":{"0":"post-21963","1":"product","2":"type-product","3":"status-publish","5":"product_cat-maros-megyei-eletrajzi-lexikon","7":"first","8":"instock","9":"shipping-taxable","10":"product-type-simple"},"_links":{"self":[{"href":"https:\/\/uj.adatbank.ro\/lexikon\/wp-json\/wp\/v2\/product\/21963","targetHints":{"allow":["GET"]}}],"collection":[{"href":"https:\/\/uj.adatbank.ro\/lexikon\/wp-json\/wp\/v2\/product"}],"about":[{"href":"https:\/\/uj.adatbank.ro\/lexikon\/wp-json\/wp\/v2\/types\/product"}],"replies":[{"embeddable":true,"href":"https:\/\/uj.adatbank.ro\/lexikon\/wp-json\/wp\/v2\/comments?post=21963"}],"wp:attachment":[{"href":"https:\/\/uj.adatbank.ro\/lexikon\/wp-json\/wp\/v2\/media?parent=21963"}],"wp:term":[{"taxonomy":"product_brand","embeddable":true,"href":"https:\/\/uj.adatbank.ro\/lexikon\/wp-json\/wp\/v2\/product_brand?post=21963"},{"taxonomy":"product_cat","embeddable":true,"href":"https:\/\/uj.adatbank.ro\/lexikon\/wp-json\/wp\/v2\/product_cat?post=21963"},{"taxonomy":"product_tag","embeddable":true,"href":"https:\/\/uj.adatbank.ro\/lexikon\/wp-json\/wp\/v2\/product_tag?post=21963"}],"curies":[{"name":"wp","href":"https:\/\/api.w.org\/{rel}","templated":true}]}}