{"id":21966,"date":"2025-07-22T19:44:07","date_gmt":"2025-07-22T17:44:07","guid":{"rendered":"https:\/\/uj.adatbank.ro\/lexikon\/termek\/szentannai-mihaly\/"},"modified":"2025-07-22T19:44:07","modified_gmt":"2025-07-22T17:44:07","slug":"szentannai-mihaly","status":"publish","type":"product","link":"https:\/\/uj.adatbank.ro\/lexikon\/termek\/szentannai-mihaly\/","title":{"rendered":"SZENTANNAI Mih\u00e1ly"},"content":{"rendered":"<p>? \u2020 Zabola, 1756.: ref. lelk\u00e9sz. \u2013 Nagyteremiben szolg\u00e1lt (1713\u201316), majd Zabol\u00e1n lelk\u00e9sz hal\u00e1l\u00e1ig (1716\u201356). <br \/><strong>Irod.:<\/strong> K\u00fck\u00fcll\u0151i Ref. Egyh\u00e1zm. 4.<\/br><\/p>\n","protected":false},"excerpt":{"rendered":"<p>? \u2020 Zabola, 1756.: ref. lelk\u00e9sz. \u2013 Nagyteremiben szolg\u00e1lt (1713\u201316), majd Zabol\u00e1n lelk\u00e9sz hal\u00e1l\u00e1ig (1716\u201356). Irod.: K\u00fck\u00fcll\u0151i Ref. Egyh\u00e1zm. 4.<\/p>\n","protected":false},"featured_media":0,"comment_status":"open","ping_status":"closed","template":"","meta":[],"product_brand":[],"product_cat":[137],"product_tag":[],"class_list":{"0":"post-21966","1":"product","2":"type-product","3":"status-publish","5":"product_cat-maros-megyei-eletrajzi-lexikon","7":"first","8":"instock","9":"shipping-taxable","10":"product-type-simple"},"_links":{"self":[{"href":"https:\/\/uj.adatbank.ro\/lexikon\/wp-json\/wp\/v2\/product\/21966","targetHints":{"allow":["GET"]}}],"collection":[{"href":"https:\/\/uj.adatbank.ro\/lexikon\/wp-json\/wp\/v2\/product"}],"about":[{"href":"https:\/\/uj.adatbank.ro\/lexikon\/wp-json\/wp\/v2\/types\/product"}],"replies":[{"embeddable":true,"href":"https:\/\/uj.adatbank.ro\/lexikon\/wp-json\/wp\/v2\/comments?post=21966"}],"wp:attachment":[{"href":"https:\/\/uj.adatbank.ro\/lexikon\/wp-json\/wp\/v2\/media?parent=21966"}],"wp:term":[{"taxonomy":"product_brand","embeddable":true,"href":"https:\/\/uj.adatbank.ro\/lexikon\/wp-json\/wp\/v2\/product_brand?post=21966"},{"taxonomy":"product_cat","embeddable":true,"href":"https:\/\/uj.adatbank.ro\/lexikon\/wp-json\/wp\/v2\/product_cat?post=21966"},{"taxonomy":"product_tag","embeddable":true,"href":"https:\/\/uj.adatbank.ro\/lexikon\/wp-json\/wp\/v2\/product_tag?post=21966"}],"curies":[{"name":"wp","href":"https:\/\/api.w.org\/{rel}","templated":true}]}}