{"id":2197,"date":"2025-06-28T12:06:39","date_gmt":"2025-06-28T10:06:39","guid":{"rendered":"https:\/\/uj.adatbank.ro\/lexikon\/termek\/banffy-kata-losonczi-gr-toldalagi-ferencne\/"},"modified":"2025-06-28T12:06:39","modified_gmt":"2025-06-28T10:06:39","slug":"banffy-kata-losonczi-gr-toldalagi-ferencne","status":"publish","type":"product","link":"https:\/\/uj.adatbank.ro\/lexikon\/termek\/banffy-kata-losonczi-gr-toldalagi-ferencne\/","title":{"rendered":"B\u00c1NFFY Kata, losonczi, gr., Toldalagi Ferencn\u00e9"},"content":{"rendered":"<p>? \u2020\u00a0Mv., 1783. m\u00e1rc. 23.: f\u00f6ldbirtokos, gr. \u2013 B. Zsigmond \u00e9s magyargyer\u0151monostori br. Kem\u00e9ny Katalin le\u00e1nya. F\u00e9rje: Toldalagi Ferenc (1724-Mv., 1803. nov. 13.), az erd\u00e9lyi kir. t\u00e1bla sz\u00e1mfeletti \u00fcln\u00f6ke, marossz\u00e9ki f\u0151kir\u00e1lyb\u00edr\u00f3 (Nagyercse, 1752. okt. 14). \u2013 Hal\u00e1la napj\u00e1n, a mv.-i v\u00e1rtemplomban, Borosnyai Luk\u00e1ts Simon \u00e9s Gy\u00f6rgy, ref. papok mondottak gy\u00e1szbesz\u00e9det \u00e9s kiadt\u00e1k nyomtatva a k\u00f6v. c\u00edmen: \u201eTemet\u00e9si oszlop. Mellyet a\u2019 N\u00e9hai M\u00e9lt\u00f3s\u00e1gos Liber B\u00e1r\u00f3 Losontzi B\u00e1nfi Kata \u00dar Asszonynak mint Kedves Eml\u00e9kezet\u0171 H\u00e1zas T\u00e1rs\u00e1nak, nem tsak K\u00f6vekb\u0151l, mint r\u00e9gen J\u00e1kob R\u00e1khelnek, hanem, az Ann\u00e1k eltemettet\u00e9s\u00e9nek alkalmatoss\u00e1g\u00e1val elmondattatott Pr\u00e9dik\u00e1tzioknak inyomtattat\u00e1sa \u00e1ltal mint meg szomorodott f\u00e9rj emelni kiv\u00e1nt M\u00e9lt. Gr\u00f3f N. Erisei Toldalagi Ferentz \u00far az Erd. M\u00e9lt K. T\u00f6rv. T\u00e1bl\u00e1nak Egyik \u00e9rdemes Adssessora elmondattatott az 1783. esztend\u0151ben Martziusnak 23-dik napj\u00e1n a M. V\u00e1s\u00e1rhellyen a V\u00e1rbeli Templomban Borosnyai Luk\u00e1ts Simeon M. V\u00e1s\u00e1rhelyi ref. pap, Borosnyai Luk\u00e1cs Gy\u00f6rgy \u00e1ltal. Nyomt. Kaprontzai Adam priv. K\u00f6nyv-Nyomtat\u00f3 \u00e1ltal.\u201d \u2013 Mv., [1786. ], ez volt a Kapronczai Nyerges \u00c1d\u00e1m nyomd\u00e1sz vezet\u00e9s\u00e9vel indult els\u0151 mv.-i nyomda els\u0151 nyomdaterm\u00e9ke (1786). <br \/><strong>Irod.:<\/strong> Borosnyai Luk\u00e1cs Simon \u00e9s Gy\u00f6rgy: Temet\u00e9si oszlop&#8230; (Mv., 1786); Halotti besz\u00e9dek; Id\u0151t\u00e1r 1; Kr\u00f3n. F\u00fcz. (1939. 4\/ 8.); V. Ecsedy Judit. A mv.-i k\u00f6nyvnyomtat\u00e1s kezdetei = Telekiek<\/br><\/p>\n","protected":false},"excerpt":{"rendered":"<p>? \u2020\u00a0Mv., 1783. m\u00e1rc. 23.: f\u00f6ldbirtokos, gr. \u2013 B. Zsigmond \u00e9s magyargyer\u0151monostori br. Kem\u00e9ny Katalin le\u00e1nya. F\u00e9rje: Toldalagi Ferenc (1724-Mv., 1803. nov. 13.), az erd\u00e9lyi kir. t\u00e1bla sz\u00e1mfeletti \u00fcln\u00f6ke, marossz\u00e9ki f\u0151kir\u00e1lyb\u00edr\u00f3 (Nagyercse, 1752. okt. 14). \u2013 Hal\u00e1la napj\u00e1n, a mv.-i v\u00e1rtemplomban, Borosnyai Luk\u00e1ts Simon \u00e9s Gy\u00f6rgy, ref. papok mondottak gy\u00e1szbesz\u00e9det \u00e9s kiadt\u00e1k nyomtatva a k\u00f6v. [&hellip;]<\/p>\n","protected":false},"featured_media":0,"comment_status":"open","ping_status":"closed","template":"","meta":[],"product_brand":[],"product_cat":[137],"product_tag":[],"class_list":{"0":"post-2197","1":"product","2":"type-product","3":"status-publish","5":"product_cat-maros-megyei-eletrajzi-lexikon","7":"first","8":"instock","9":"shipping-taxable","10":"product-type-simple"},"_links":{"self":[{"href":"https:\/\/uj.adatbank.ro\/lexikon\/wp-json\/wp\/v2\/product\/2197","targetHints":{"allow":["GET"]}}],"collection":[{"href":"https:\/\/uj.adatbank.ro\/lexikon\/wp-json\/wp\/v2\/product"}],"about":[{"href":"https:\/\/uj.adatbank.ro\/lexikon\/wp-json\/wp\/v2\/types\/product"}],"replies":[{"embeddable":true,"href":"https:\/\/uj.adatbank.ro\/lexikon\/wp-json\/wp\/v2\/comments?post=2197"}],"wp:attachment":[{"href":"https:\/\/uj.adatbank.ro\/lexikon\/wp-json\/wp\/v2\/media?parent=2197"}],"wp:term":[{"taxonomy":"product_brand","embeddable":true,"href":"https:\/\/uj.adatbank.ro\/lexikon\/wp-json\/wp\/v2\/product_brand?post=2197"},{"taxonomy":"product_cat","embeddable":true,"href":"https:\/\/uj.adatbank.ro\/lexikon\/wp-json\/wp\/v2\/product_cat?post=2197"},{"taxonomy":"product_tag","embeddable":true,"href":"https:\/\/uj.adatbank.ro\/lexikon\/wp-json\/wp\/v2\/product_tag?post=2197"}],"curies":[{"name":"wp","href":"https:\/\/api.w.org\/{rel}","templated":true}]}}