{"id":21970,"date":"2025-07-22T19:44:17","date_gmt":"2025-07-22T17:44:17","guid":{"rendered":"https:\/\/uj.adatbank.ro\/lexikon\/termek\/szente-bela\/"},"modified":"2025-07-22T19:44:17","modified_gmt":"2025-07-22T17:44:17","slug":"szente-bela","status":"publish","type":"product","link":"https:\/\/uj.adatbank.ro\/lexikon\/termek\/szente-bela\/","title":{"rendered":"SZENTE B\u00e9la"},"content":{"rendered":"<p>1916., \u2020\u00a0Mv., 1990. m\u00e1rc. 21.: vegy\u00e9szm\u00e9rn\u00f6k. \u2013 Apja Sz. P\u00e9ter mozdonyvezet\u0151. \u00c9retts\u00e9gizett a mv.-i Ref. Koll.-ban (1933), Kv.-on v\u00e9gezte a vegy\u00e9szetet \u00e9s Csernovicban az ipari k\u00e9mi\u00e1t. A Hangya Sz\u00f6vetkezeti k\u00f6zpont, ill. a Kal\u00e1ka konzervgy\u00e1rhoz ker\u00fclt (1941). Ott dolgozott nyugd\u00edjaz\u00e1s\u00e1ig mint f\u0151m\u00e9rn\u00f6k. Feles\u00e9ge Nagy Istv\u00e1nnak a Kossuth utcai vend\u00e9gl\u0151snek a le\u00e1nya Inke. H\u00e1rom gyermek\u00fck Jutka, \u00c9va \u00e9s L\u00e1szl\u00f3 tan\u00edttat\u00e1si k\u00f6lts\u00e9geinek el\u0151teremt\u00e9s\u00e9re keltet\u0151g\u00e9pet \u00fczemeltetett, messze f\u00f6ldr\u0151l j\u00f6ttek fajcsirk\u00e9i\u00e9rt. A v\u00e1rtemplomban volt presbiter. <br \/><strong>Irod.:<\/strong> Csekme; [Nekrol\u00f3g] (N\u00fa., 1990. m\u00e1rc. 23.), Sipos.<\/br><\/p>\n","protected":false},"excerpt":{"rendered":"<p>1916., \u2020\u00a0Mv., 1990. m\u00e1rc. 21.: vegy\u00e9szm\u00e9rn\u00f6k. \u2013 Apja Sz. P\u00e9ter mozdonyvezet\u0151. \u00c9retts\u00e9gizett a mv.-i Ref. Koll.-ban (1933), Kv.-on v\u00e9gezte a vegy\u00e9szetet \u00e9s Csernovicban az ipari k\u00e9mi\u00e1t. A Hangya Sz\u00f6vetkezeti k\u00f6zpont, ill. a Kal\u00e1ka konzervgy\u00e1rhoz ker\u00fclt (1941). Ott dolgozott nyugd\u00edjaz\u00e1s\u00e1ig mint f\u0151m\u00e9rn\u00f6k. Feles\u00e9ge Nagy Istv\u00e1nnak a Kossuth utcai vend\u00e9gl\u0151snek a le\u00e1nya Inke. H\u00e1rom gyermek\u00fck Jutka, \u00c9va [&hellip;]<\/p>\n","protected":false},"featured_media":0,"comment_status":"open","ping_status":"closed","template":"","meta":[],"product_brand":[],"product_cat":[137],"product_tag":[],"class_list":{"0":"post-21970","1":"product","2":"type-product","3":"status-publish","5":"product_cat-maros-megyei-eletrajzi-lexikon","7":"first","8":"instock","9":"shipping-taxable","10":"product-type-simple"},"_links":{"self":[{"href":"https:\/\/uj.adatbank.ro\/lexikon\/wp-json\/wp\/v2\/product\/21970","targetHints":{"allow":["GET"]}}],"collection":[{"href":"https:\/\/uj.adatbank.ro\/lexikon\/wp-json\/wp\/v2\/product"}],"about":[{"href":"https:\/\/uj.adatbank.ro\/lexikon\/wp-json\/wp\/v2\/types\/product"}],"replies":[{"embeddable":true,"href":"https:\/\/uj.adatbank.ro\/lexikon\/wp-json\/wp\/v2\/comments?post=21970"}],"wp:attachment":[{"href":"https:\/\/uj.adatbank.ro\/lexikon\/wp-json\/wp\/v2\/media?parent=21970"}],"wp:term":[{"taxonomy":"product_brand","embeddable":true,"href":"https:\/\/uj.adatbank.ro\/lexikon\/wp-json\/wp\/v2\/product_brand?post=21970"},{"taxonomy":"product_cat","embeddable":true,"href":"https:\/\/uj.adatbank.ro\/lexikon\/wp-json\/wp\/v2\/product_cat?post=21970"},{"taxonomy":"product_tag","embeddable":true,"href":"https:\/\/uj.adatbank.ro\/lexikon\/wp-json\/wp\/v2\/product_tag?post=21970"}],"curies":[{"name":"wp","href":"https:\/\/api.w.org\/{rel}","templated":true}]}}