{"id":21977,"date":"2025-07-22T19:44:33","date_gmt":"2025-07-22T17:44:33","guid":{"rendered":"https:\/\/uj.adatbank.ro\/lexikon\/termek\/szente-mihaly\/"},"modified":"2025-07-22T19:44:33","modified_gmt":"2025-07-22T17:44:33","slug":"szente-mihaly","status":"publish","type":"product","link":"https:\/\/uj.adatbank.ro\/lexikon\/termek\/szente-mihaly\/","title":{"rendered":"SZENTE Mih\u00e1ly"},"content":{"rendered":"<p>? \u2020?: ref. tan\u00edt\u00f3, lelk\u00e9sz. \u2013 Mv.-ensubscrib\u00e1lt (1778). Sz\u0151kefalv\u00e1n tan\u00edtott (1782\u201383). K\u00e9s\u0151bb Sz\u00e9kelyabodon volt lelk\u00e9sz. <br \/><strong>Irod.:<\/strong> K\u00fck\u00fcll\u0151i Ref. Egyh\u00e1zm. 4.; Nagy L\u00e1szl\u00f3.<\/br><\/p>\n","protected":false},"excerpt":{"rendered":"<p>? \u2020?: ref. tan\u00edt\u00f3, lelk\u00e9sz. \u2013 Mv.-ensubscrib\u00e1lt (1778). Sz\u0151kefalv\u00e1n tan\u00edtott (1782\u201383). K\u00e9s\u0151bb Sz\u00e9kelyabodon volt lelk\u00e9sz. Irod.: K\u00fck\u00fcll\u0151i Ref. Egyh\u00e1zm. 4.; Nagy L\u00e1szl\u00f3.<\/p>\n","protected":false},"featured_media":0,"comment_status":"open","ping_status":"closed","template":"","meta":[],"product_brand":[],"product_cat":[137],"product_tag":[],"class_list":{"0":"post-21977","1":"product","2":"type-product","3":"status-publish","5":"product_cat-maros-megyei-eletrajzi-lexikon","7":"first","8":"instock","9":"shipping-taxable","10":"product-type-simple"},"_links":{"self":[{"href":"https:\/\/uj.adatbank.ro\/lexikon\/wp-json\/wp\/v2\/product\/21977","targetHints":{"allow":["GET"]}}],"collection":[{"href":"https:\/\/uj.adatbank.ro\/lexikon\/wp-json\/wp\/v2\/product"}],"about":[{"href":"https:\/\/uj.adatbank.ro\/lexikon\/wp-json\/wp\/v2\/types\/product"}],"replies":[{"embeddable":true,"href":"https:\/\/uj.adatbank.ro\/lexikon\/wp-json\/wp\/v2\/comments?post=21977"}],"wp:attachment":[{"href":"https:\/\/uj.adatbank.ro\/lexikon\/wp-json\/wp\/v2\/media?parent=21977"}],"wp:term":[{"taxonomy":"product_brand","embeddable":true,"href":"https:\/\/uj.adatbank.ro\/lexikon\/wp-json\/wp\/v2\/product_brand?post=21977"},{"taxonomy":"product_cat","embeddable":true,"href":"https:\/\/uj.adatbank.ro\/lexikon\/wp-json\/wp\/v2\/product_cat?post=21977"},{"taxonomy":"product_tag","embeddable":true,"href":"https:\/\/uj.adatbank.ro\/lexikon\/wp-json\/wp\/v2\/product_tag?post=21977"}],"curies":[{"name":"wp","href":"https:\/\/api.w.org\/{rel}","templated":true}]}}