{"id":21978,"date":"2025-07-22T19:44:35","date_gmt":"2025-07-22T17:44:35","guid":{"rendered":"https:\/\/uj.adatbank.ro\/lexikon\/termek\/szente-pal\/"},"modified":"2025-07-22T19:44:35","modified_gmt":"2025-07-22T17:44:35","slug":"szente-pal","status":"publish","type":"product","link":"https:\/\/uj.adatbank.ro\/lexikon\/termek\/szente-pal\/","title":{"rendered":"SZENTE P\u00e1l"},"content":{"rendered":"<p>? \u2020?: ref. tan\u00edt\u00f3. \u2013 L\u00e9vita Szenth\u00e1roms\u00e1gon (1792), Mester N\u00e1zn\u00e1nfalv\u00e1n (1793\u20131813). <br \/><strong>Irod.:<\/strong> Imreh Barna.<\/br><\/p>\n","protected":false},"excerpt":{"rendered":"<p>? \u2020?: ref. tan\u00edt\u00f3. \u2013 L\u00e9vita Szenth\u00e1roms\u00e1gon (1792), Mester N\u00e1zn\u00e1nfalv\u00e1n (1793\u20131813). Irod.: Imreh Barna.<\/p>\n","protected":false},"featured_media":0,"comment_status":"open","ping_status":"closed","template":"","meta":[],"product_brand":[],"product_cat":[137],"product_tag":[],"class_list":{"0":"post-21978","1":"product","2":"type-product","3":"status-publish","5":"product_cat-maros-megyei-eletrajzi-lexikon","7":"first","8":"instock","9":"shipping-taxable","10":"product-type-simple"},"_links":{"self":[{"href":"https:\/\/uj.adatbank.ro\/lexikon\/wp-json\/wp\/v2\/product\/21978","targetHints":{"allow":["GET"]}}],"collection":[{"href":"https:\/\/uj.adatbank.ro\/lexikon\/wp-json\/wp\/v2\/product"}],"about":[{"href":"https:\/\/uj.adatbank.ro\/lexikon\/wp-json\/wp\/v2\/types\/product"}],"replies":[{"embeddable":true,"href":"https:\/\/uj.adatbank.ro\/lexikon\/wp-json\/wp\/v2\/comments?post=21978"}],"wp:attachment":[{"href":"https:\/\/uj.adatbank.ro\/lexikon\/wp-json\/wp\/v2\/media?parent=21978"}],"wp:term":[{"taxonomy":"product_brand","embeddable":true,"href":"https:\/\/uj.adatbank.ro\/lexikon\/wp-json\/wp\/v2\/product_brand?post=21978"},{"taxonomy":"product_cat","embeddable":true,"href":"https:\/\/uj.adatbank.ro\/lexikon\/wp-json\/wp\/v2\/product_cat?post=21978"},{"taxonomy":"product_tag","embeddable":true,"href":"https:\/\/uj.adatbank.ro\/lexikon\/wp-json\/wp\/v2\/product_tag?post=21978"}],"curies":[{"name":"wp","href":"https:\/\/api.w.org\/{rel}","templated":true}]}}