{"id":21979,"date":"2025-07-22T19:44:36","date_gmt":"2025-07-22T17:44:36","guid":{"rendered":"https:\/\/uj.adatbank.ro\/lexikon\/termek\/szente-peter\/"},"modified":"2025-07-22T19:44:36","modified_gmt":"2025-07-22T17:44:36","slug":"szente-peter","status":"publish","type":"product","link":"https:\/\/uj.adatbank.ro\/lexikon\/termek\/szente-peter\/","title":{"rendered":"SZENTE P\u00e9ter"},"content":{"rendered":"<p>Marosbog\u00e1t, 1882., \u2020\u00a0Mv., 1954.: vas\u00fati mozdonyfelvigy\u00e1z\u00f3. \u2013 Iskol\u00e1i elv\u00e9gz\u00e9se ut\u00e1n a lakatosipart tanulta ki, majd a M\u00c1V k\u00f6tel\u00e9k\u00e9be ker\u00fclt, ahonnan 30 \u00e9vi munka ut\u00e1n mint mozdonyfelvigy\u00e1z\u00f3 vonult nyugalomba Mv.-en. Minden hazafias \u00e9s kultur\u00e1lis egyes\u00fclet t\u00e1mogat\u00f3ja volt. \u2013 Irod: Csekme; Sz\u00e9kelyf\u00f6ld \u00ed. k.<\/br><\/p>\n","protected":false},"excerpt":{"rendered":"<p>Marosbog\u00e1t, 1882., \u2020\u00a0Mv., 1954.: vas\u00fati mozdonyfelvigy\u00e1z\u00f3. \u2013 Iskol\u00e1i elv\u00e9gz\u00e9se ut\u00e1n a lakatosipart tanulta ki, majd a M\u00c1V k\u00f6tel\u00e9k\u00e9be ker\u00fclt, ahonnan 30 \u00e9vi munka ut\u00e1n mint mozdonyfelvigy\u00e1z\u00f3 vonult nyugalomba Mv.-en. Minden hazafias \u00e9s kultur\u00e1lis egyes\u00fclet t\u00e1mogat\u00f3ja volt. \u2013 Irod: Csekme; Sz\u00e9kelyf\u00f6ld \u00ed. k.<\/p>\n","protected":false},"featured_media":0,"comment_status":"open","ping_status":"closed","template":"","meta":[],"product_brand":[],"product_cat":[137],"product_tag":[],"class_list":{"0":"post-21979","1":"product","2":"type-product","3":"status-publish","5":"product_cat-maros-megyei-eletrajzi-lexikon","7":"first","8":"instock","9":"shipping-taxable","10":"product-type-simple"},"_links":{"self":[{"href":"https:\/\/uj.adatbank.ro\/lexikon\/wp-json\/wp\/v2\/product\/21979","targetHints":{"allow":["GET"]}}],"collection":[{"href":"https:\/\/uj.adatbank.ro\/lexikon\/wp-json\/wp\/v2\/product"}],"about":[{"href":"https:\/\/uj.adatbank.ro\/lexikon\/wp-json\/wp\/v2\/types\/product"}],"replies":[{"embeddable":true,"href":"https:\/\/uj.adatbank.ro\/lexikon\/wp-json\/wp\/v2\/comments?post=21979"}],"wp:attachment":[{"href":"https:\/\/uj.adatbank.ro\/lexikon\/wp-json\/wp\/v2\/media?parent=21979"}],"wp:term":[{"taxonomy":"product_brand","embeddable":true,"href":"https:\/\/uj.adatbank.ro\/lexikon\/wp-json\/wp\/v2\/product_brand?post=21979"},{"taxonomy":"product_cat","embeddable":true,"href":"https:\/\/uj.adatbank.ro\/lexikon\/wp-json\/wp\/v2\/product_cat?post=21979"},{"taxonomy":"product_tag","embeddable":true,"href":"https:\/\/uj.adatbank.ro\/lexikon\/wp-json\/wp\/v2\/product_tag?post=21979"}],"curies":[{"name":"wp","href":"https:\/\/api.w.org\/{rel}","templated":true}]}}