{"id":2198,"date":"2025-06-28T12:06:42","date_gmt":"2025-06-28T10:06:42","guid":{"rendered":"https:\/\/uj.adatbank.ro\/lexikon\/termek\/banffy-klara-losonczi-gr-banffi-klara-bethlen-adamne\/"},"modified":"2025-06-28T12:06:42","modified_gmt":"2025-06-28T10:06:42","slug":"banffy-klara-losonczi-gr-banffi-klara-bethlen-adamne","status":"publish","type":"product","link":"https:\/\/uj.adatbank.ro\/lexikon\/termek\/banffy-klara-losonczi-gr-banffi-klara-bethlen-adamne\/","title":{"rendered":"B\u00c1NFFY Kl\u00e1ra, losonczi gr., B\u00e1nffi Kl\u00e1ra; Bethlen \u00c1d\u00e1mn\u00e9"},"content":{"rendered":"<p>1693., \u2020 Kv., 1767. m\u00e1j. 6. B\u00facs\u00faztatta: Incze Mih\u00e1ly, Incze Istv\u00e1n, Borosnyai Luk\u00e1cs Simon (1767. aug. 16.) A Farkas utcai templomba temett\u00e9k Kopors\u00f3t\u00e1bl\u00e1ja ma a Kv.-i Nemzeti T\u00f6rt\u00e9neti M\u00fazeumban van.: f\u00f6ldbirtokos. \u2013 Gr. losonci B. Gy\u00f6rgy Erd\u00e9ly els\u0151 f\u0151korm\u00e1nyz\u00f3ja (?\u20131709) \u00e9s gr. Bethlen Kl\u00e1ra le\u00e1nya. F\u00e9rje: Gr. Bethlen \u00c1d\u00e1m (1711\u2013). Fiaik: G\u00e1bor; ifj. Bethlen \u00c1d\u00e1m; Mikl\u00f3s. \u2013 A mez\u0151bodoni gy\u00fclekezetnek \u00f3n kann\u00e1t (1764), k\u00e9t abroszt, egy asztalkend\u0151t \u00e9s a magyars\u00e1rosi ref. egyh\u00e1znak aranyozott ez\u00fcst poharat adom\u00e1nyozott (1722). <br \/><strong>Irod.:<\/strong> \u00c1rva Bethlen K.; Borosnyai Luk\u00e1cs Simon: Temet\u00e9si pr\u00e9dik\u00e1ci\u00f3&#8230; (Kv., 1768); Entz\u2013Kov\u00e1cs; Halotti besz\u00e9dek; Incze Istv\u00e1n: Halotti oratio&#8230; (Kv., 1768); K\u00fck\u00fcll\u0151i Ref. Egyh\u00e1zm. 3., 4.; Lev\u00e9lt\u00e1ri gy\u00e1szj.<\/br><\/p>\n","protected":false},"excerpt":{"rendered":"<p>1693., \u2020 Kv., 1767. m\u00e1j. 6. B\u00facs\u00faztatta: Incze Mih\u00e1ly, Incze Istv\u00e1n, Borosnyai Luk\u00e1cs Simon (1767. aug. 16.) A Farkas utcai templomba temett\u00e9k Kopors\u00f3t\u00e1bl\u00e1ja ma a Kv.-i Nemzeti T\u00f6rt\u00e9neti M\u00fazeumban van.: f\u00f6ldbirtokos. \u2013 Gr. losonci B. Gy\u00f6rgy Erd\u00e9ly els\u0151 f\u0151korm\u00e1nyz\u00f3ja (?\u20131709) \u00e9s gr. Bethlen Kl\u00e1ra le\u00e1nya. F\u00e9rje: Gr. Bethlen \u00c1d\u00e1m (1711\u2013). Fiaik: G\u00e1bor; ifj. Bethlen \u00c1d\u00e1m; [&hellip;]<\/p>\n","protected":false},"featured_media":0,"comment_status":"open","ping_status":"closed","template":"","meta":[],"product_brand":[],"product_cat":[137],"product_tag":[],"class_list":{"0":"post-2198","1":"product","2":"type-product","3":"status-publish","5":"product_cat-maros-megyei-eletrajzi-lexikon","7":"first","8":"instock","9":"shipping-taxable","10":"product-type-simple"},"_links":{"self":[{"href":"https:\/\/uj.adatbank.ro\/lexikon\/wp-json\/wp\/v2\/product\/2198","targetHints":{"allow":["GET"]}}],"collection":[{"href":"https:\/\/uj.adatbank.ro\/lexikon\/wp-json\/wp\/v2\/product"}],"about":[{"href":"https:\/\/uj.adatbank.ro\/lexikon\/wp-json\/wp\/v2\/types\/product"}],"replies":[{"embeddable":true,"href":"https:\/\/uj.adatbank.ro\/lexikon\/wp-json\/wp\/v2\/comments?post=2198"}],"wp:attachment":[{"href":"https:\/\/uj.adatbank.ro\/lexikon\/wp-json\/wp\/v2\/media?parent=2198"}],"wp:term":[{"taxonomy":"product_brand","embeddable":true,"href":"https:\/\/uj.adatbank.ro\/lexikon\/wp-json\/wp\/v2\/product_brand?post=2198"},{"taxonomy":"product_cat","embeddable":true,"href":"https:\/\/uj.adatbank.ro\/lexikon\/wp-json\/wp\/v2\/product_cat?post=2198"},{"taxonomy":"product_tag","embeddable":true,"href":"https:\/\/uj.adatbank.ro\/lexikon\/wp-json\/wp\/v2\/product_tag?post=2198"}],"curies":[{"name":"wp","href":"https:\/\/api.w.org\/{rel}","templated":true}]}}