{"id":21980,"date":"2025-07-22T19:44:38","date_gmt":"2025-07-22T17:44:38","guid":{"rendered":"https:\/\/uj.adatbank.ro\/lexikon\/termek\/szentes-miklos\/"},"modified":"2025-07-22T19:44:38","modified_gmt":"2025-07-22T17:44:38","slug":"szentes-miklos","status":"publish","type":"product","link":"https:\/\/uj.adatbank.ro\/lexikon\/termek\/szentes-miklos\/","title":{"rendered":"SZENTES Mikl\u00f3s"},"content":{"rendered":"<p>? \u2020?: birtokos. \u2013 Szentmikl\u00f3son \u00e9s egyeb\u00fctt Marossz\u00e9ken voltak birtokai, amelyeket hal\u00e1la ut\u00e1n Apafi L\u00e9n\u00e1rt \u00f6zvegye Dorottya foglalt el, mondv\u00e1n, hogy p\u00e9nzen v\u00e1s\u00e1rolta meg azokat, de ezt bizony\u00edtani nem tudta \u00edgy Szapolyai J\u00e1nos Sz. M\u00e1ty\u00e1s r\u00e9sz\u00e9re visszaadta (1519). <br \/><strong>Irod.:<\/strong> SzOkl, 1.<\/br><\/p>\n","protected":false},"excerpt":{"rendered":"<p>? \u2020?: birtokos. \u2013 Szentmikl\u00f3son \u00e9s egyeb\u00fctt Marossz\u00e9ken voltak birtokai, amelyeket hal\u00e1la ut\u00e1n Apafi L\u00e9n\u00e1rt \u00f6zvegye Dorottya foglalt el, mondv\u00e1n, hogy p\u00e9nzen v\u00e1s\u00e1rolta meg azokat, de ezt bizony\u00edtani nem tudta \u00edgy Szapolyai J\u00e1nos Sz. M\u00e1ty\u00e1s r\u00e9sz\u00e9re visszaadta (1519). Irod.: SzOkl, 1.<\/p>\n","protected":false},"featured_media":0,"comment_status":"open","ping_status":"closed","template":"","meta":[],"product_brand":[],"product_cat":[137],"product_tag":[],"class_list":{"0":"post-21980","1":"product","2":"type-product","3":"status-publish","5":"product_cat-maros-megyei-eletrajzi-lexikon","7":"first","8":"instock","9":"shipping-taxable","10":"product-type-simple"},"_links":{"self":[{"href":"https:\/\/uj.adatbank.ro\/lexikon\/wp-json\/wp\/v2\/product\/21980","targetHints":{"allow":["GET"]}}],"collection":[{"href":"https:\/\/uj.adatbank.ro\/lexikon\/wp-json\/wp\/v2\/product"}],"about":[{"href":"https:\/\/uj.adatbank.ro\/lexikon\/wp-json\/wp\/v2\/types\/product"}],"replies":[{"embeddable":true,"href":"https:\/\/uj.adatbank.ro\/lexikon\/wp-json\/wp\/v2\/comments?post=21980"}],"wp:attachment":[{"href":"https:\/\/uj.adatbank.ro\/lexikon\/wp-json\/wp\/v2\/media?parent=21980"}],"wp:term":[{"taxonomy":"product_brand","embeddable":true,"href":"https:\/\/uj.adatbank.ro\/lexikon\/wp-json\/wp\/v2\/product_brand?post=21980"},{"taxonomy":"product_cat","embeddable":true,"href":"https:\/\/uj.adatbank.ro\/lexikon\/wp-json\/wp\/v2\/product_cat?post=21980"},{"taxonomy":"product_tag","embeddable":true,"href":"https:\/\/uj.adatbank.ro\/lexikon\/wp-json\/wp\/v2\/product_tag?post=21980"}],"curies":[{"name":"wp","href":"https:\/\/api.w.org\/{rel}","templated":true}]}}