{"id":21986,"date":"2025-07-22T19:44:52","date_gmt":"2025-07-22T17:44:52","guid":{"rendered":"https:\/\/uj.adatbank.ro\/lexikon\/termek\/szentgyorgyi-david\/"},"modified":"2025-07-22T19:44:52","modified_gmt":"2025-07-22T17:44:52","slug":"szentgyorgyi-david","status":"publish","type":"product","link":"https:\/\/uj.adatbank.ro\/lexikon\/termek\/szentgyorgyi-david\/","title":{"rendered":"SZENTGY\u00d6RGYI D\u00e1vid"},"content":{"rendered":"<p>1635., \u2020 1669 v. 80.: tan\u00e1r. \u2013 Tanul\u00e1s\u00e1t Gyulafeh\u00e9rv\u00e1rt kezdte, Hollandi\u00e1ban folytatta Cocceius-al is levelezett. Gyulafeh\u00e9rv\u00e1ron a retorika oszt\u00e1ly tan\u00edt\u00f3ja (1655\u201357); a mv.-i sk\u00f3la professzora, rektora (1659. febr.\u201360. nov.), d\u00e9vai pap \u00e9s esperes. <br \/><strong>Irod.:<\/strong> Id\u0151t\u00e1r 1; Koncz; Kozma; P\u00e1pai P\u00e1riz.<\/br><\/p>\n","protected":false},"excerpt":{"rendered":"<p>1635., \u2020 1669 v. 80.: tan\u00e1r. \u2013 Tanul\u00e1s\u00e1t Gyulafeh\u00e9rv\u00e1rt kezdte, Hollandi\u00e1ban folytatta Cocceius-al is levelezett. Gyulafeh\u00e9rv\u00e1ron a retorika oszt\u00e1ly tan\u00edt\u00f3ja (1655\u201357); a mv.-i sk\u00f3la professzora, rektora (1659. febr.\u201360. nov.), d\u00e9vai pap \u00e9s esperes. Irod.: Id\u0151t\u00e1r 1; Koncz; Kozma; P\u00e1pai P\u00e1riz.<\/p>\n","protected":false},"featured_media":0,"comment_status":"open","ping_status":"closed","template":"","meta":[],"product_brand":[],"product_cat":[137],"product_tag":[],"class_list":{"0":"post-21986","1":"product","2":"type-product","3":"status-publish","5":"product_cat-maros-megyei-eletrajzi-lexikon","7":"first","8":"instock","9":"shipping-taxable","10":"product-type-simple"},"_links":{"self":[{"href":"https:\/\/uj.adatbank.ro\/lexikon\/wp-json\/wp\/v2\/product\/21986","targetHints":{"allow":["GET"]}}],"collection":[{"href":"https:\/\/uj.adatbank.ro\/lexikon\/wp-json\/wp\/v2\/product"}],"about":[{"href":"https:\/\/uj.adatbank.ro\/lexikon\/wp-json\/wp\/v2\/types\/product"}],"replies":[{"embeddable":true,"href":"https:\/\/uj.adatbank.ro\/lexikon\/wp-json\/wp\/v2\/comments?post=21986"}],"wp:attachment":[{"href":"https:\/\/uj.adatbank.ro\/lexikon\/wp-json\/wp\/v2\/media?parent=21986"}],"wp:term":[{"taxonomy":"product_brand","embeddable":true,"href":"https:\/\/uj.adatbank.ro\/lexikon\/wp-json\/wp\/v2\/product_brand?post=21986"},{"taxonomy":"product_cat","embeddable":true,"href":"https:\/\/uj.adatbank.ro\/lexikon\/wp-json\/wp\/v2\/product_cat?post=21986"},{"taxonomy":"product_tag","embeddable":true,"href":"https:\/\/uj.adatbank.ro\/lexikon\/wp-json\/wp\/v2\/product_tag?post=21986"}],"curies":[{"name":"wp","href":"https:\/\/api.w.org\/{rel}","templated":true}]}}