{"id":21988,"date":"2025-07-22T19:44:57","date_gmt":"2025-07-22T17:44:57","guid":{"rendered":"https:\/\/uj.adatbank.ro\/lexikon\/termek\/szentgyorgyi-ferenc\/"},"modified":"2025-07-22T19:44:57","modified_gmt":"2025-07-22T17:44:57","slug":"szentgyorgyi-ferenc","status":"publish","type":"product","link":"https:\/\/uj.adatbank.ro\/lexikon\/termek\/szentgyorgyi-ferenc\/","title":{"rendered":"SZENTGY\u00d6RGYI Ferenc"},"content":{"rendered":"<p>Mv.? \u2020?: orvos. \u2013 A mv.-i v\u00e1r M\u00e1ty\u00e1s husz\u00e1r honv\u00e9dkapit\u00e1nya. A v\u00e1rban a sebes\u00fclt katon\u00e1knak katonak\u00f3rh\u00e1zat rendezett be (1849. jan), a Ref. Koll.-ban is voltak sebes\u00fcltek, de nem f\u00e9rtek (50\u201380 szem\u00e9lyt kellett ell\u00e1tni), seb\u00e9szeket toborzott, szalmazs\u00e1kokr\u00f3l kellett gondoskodni, amelyeket a padl\u00f3ra tudtak csak elhelyezni; v\u00edz a v\u00e1rban nem volt, ez\u00e9rt t\u0171zolt\u00f3 felszerel\u00e9ssel szivatty\u00fazt\u00e1k a Bodor k\u00fatb\u00f3l, teh\u00e1t sok neh\u00e9zs\u00e9g \u00e1r\u00e1n, de m\u00e9gis sok ember\u00e9letet mentett meg. <br \/><strong>Irod.:<\/strong> 1848\u20131849 Transilvania.<\/br><\/p>\n","protected":false},"excerpt":{"rendered":"<p>Mv.? \u2020?: orvos. \u2013 A mv.-i v\u00e1r M\u00e1ty\u00e1s husz\u00e1r honv\u00e9dkapit\u00e1nya. A v\u00e1rban a sebes\u00fclt katon\u00e1knak katonak\u00f3rh\u00e1zat rendezett be (1849. jan), a Ref. Koll.-ban is voltak sebes\u00fcltek, de nem f\u00e9rtek (50\u201380 szem\u00e9lyt kellett ell\u00e1tni), seb\u00e9szeket toborzott, szalmazs\u00e1kokr\u00f3l kellett gondoskodni, amelyeket a padl\u00f3ra tudtak csak elhelyezni; v\u00edz a v\u00e1rban nem volt, ez\u00e9rt t\u0171zolt\u00f3 felszerel\u00e9ssel szivatty\u00fazt\u00e1k a Bodor [&hellip;]<\/p>\n","protected":false},"featured_media":0,"comment_status":"open","ping_status":"closed","template":"","meta":[],"product_brand":[],"product_cat":[137],"product_tag":[],"class_list":{"0":"post-21988","1":"product","2":"type-product","3":"status-publish","5":"product_cat-maros-megyei-eletrajzi-lexikon","7":"first","8":"instock","9":"shipping-taxable","10":"product-type-simple"},"_links":{"self":[{"href":"https:\/\/uj.adatbank.ro\/lexikon\/wp-json\/wp\/v2\/product\/21988","targetHints":{"allow":["GET"]}}],"collection":[{"href":"https:\/\/uj.adatbank.ro\/lexikon\/wp-json\/wp\/v2\/product"}],"about":[{"href":"https:\/\/uj.adatbank.ro\/lexikon\/wp-json\/wp\/v2\/types\/product"}],"replies":[{"embeddable":true,"href":"https:\/\/uj.adatbank.ro\/lexikon\/wp-json\/wp\/v2\/comments?post=21988"}],"wp:attachment":[{"href":"https:\/\/uj.adatbank.ro\/lexikon\/wp-json\/wp\/v2\/media?parent=21988"}],"wp:term":[{"taxonomy":"product_brand","embeddable":true,"href":"https:\/\/uj.adatbank.ro\/lexikon\/wp-json\/wp\/v2\/product_brand?post=21988"},{"taxonomy":"product_cat","embeddable":true,"href":"https:\/\/uj.adatbank.ro\/lexikon\/wp-json\/wp\/v2\/product_cat?post=21988"},{"taxonomy":"product_tag","embeddable":true,"href":"https:\/\/uj.adatbank.ro\/lexikon\/wp-json\/wp\/v2\/product_tag?post=21988"}],"curies":[{"name":"wp","href":"https:\/\/api.w.org\/{rel}","templated":true}]}}