{"id":2199,"date":"2025-06-28T12:06:44","date_gmt":"2025-06-28T10:06:44","guid":{"rendered":"https:\/\/uj.adatbank.ro\/lexikon\/termek\/banffy-kristof\/"},"modified":"2025-06-28T12:06:44","modified_gmt":"2025-06-28T10:06:44","slug":"banffy-kristof","status":"publish","type":"product","link":"https:\/\/uj.adatbank.ro\/lexikon\/termek\/banffy-kristof\/","title":{"rendered":"B\u00c1NFFY Krist\u00f3f"},"content":{"rendered":"<p>? \u2020 ?: f\u00f6ldbirtokos. \u2013 A Beresztelk\u00e9n \u00e1ll ma is egy B. udvarh\u00e1z, a templomban van az \u00e1ltala \u00f6ntetett harang (1670). <br \/><strong>Irod.:<\/strong> B\u00e1lint Zsigmond 2010<\/br><\/p>\n","protected":false},"excerpt":{"rendered":"<p>? \u2020 ?: f\u00f6ldbirtokos. \u2013 A Beresztelk\u00e9n \u00e1ll ma is egy B. udvarh\u00e1z, a templomban van az \u00e1ltala \u00f6ntetett harang (1670). Irod.: B\u00e1lint Zsigmond 2010<\/p>\n","protected":false},"featured_media":0,"comment_status":"open","ping_status":"closed","template":"","meta":[],"product_brand":[],"product_cat":[137],"product_tag":[],"class_list":{"0":"post-2199","1":"product","2":"type-product","3":"status-publish","5":"product_cat-maros-megyei-eletrajzi-lexikon","7":"first","8":"instock","9":"shipping-taxable","10":"product-type-simple"},"_links":{"self":[{"href":"https:\/\/uj.adatbank.ro\/lexikon\/wp-json\/wp\/v2\/product\/2199","targetHints":{"allow":["GET"]}}],"collection":[{"href":"https:\/\/uj.adatbank.ro\/lexikon\/wp-json\/wp\/v2\/product"}],"about":[{"href":"https:\/\/uj.adatbank.ro\/lexikon\/wp-json\/wp\/v2\/types\/product"}],"replies":[{"embeddable":true,"href":"https:\/\/uj.adatbank.ro\/lexikon\/wp-json\/wp\/v2\/comments?post=2199"}],"wp:attachment":[{"href":"https:\/\/uj.adatbank.ro\/lexikon\/wp-json\/wp\/v2\/media?parent=2199"}],"wp:term":[{"taxonomy":"product_brand","embeddable":true,"href":"https:\/\/uj.adatbank.ro\/lexikon\/wp-json\/wp\/v2\/product_brand?post=2199"},{"taxonomy":"product_cat","embeddable":true,"href":"https:\/\/uj.adatbank.ro\/lexikon\/wp-json\/wp\/v2\/product_cat?post=2199"},{"taxonomy":"product_tag","embeddable":true,"href":"https:\/\/uj.adatbank.ro\/lexikon\/wp-json\/wp\/v2\/product_tag?post=2199"}],"curies":[{"name":"wp","href":"https:\/\/api.w.org\/{rel}","templated":true}]}}