{"id":21990,"date":"2025-07-22T19:45:02","date_gmt":"2025-07-22T17:45:02","guid":{"rendered":"https:\/\/uj.adatbank.ro\/lexikon\/termek\/szentgyorgyi-imre-2\/"},"modified":"2025-07-22T19:45:02","modified_gmt":"2025-07-22T17:45:02","slug":"szentgyorgyi-imre-2","status":"publish","type":"product","link":"https:\/\/uj.adatbank.ro\/lexikon\/termek\/szentgyorgyi-imre-2\/","title":{"rendered":"SZENTGY\u00d6RGYI Imre"},"content":{"rendered":"<p>? \u2020?: kir. t\u00e1blai \u00edt\u00e9l\u0151mester. \u2013 Szentgy\u00f6rgyi Albert egyik \u0151se. Feles\u00e9ge: homor\u00f3d-okl\u00e1ndi Cs\u00edky M\u00e1ria (1841? \u2013 Mv., 1867. \u00e1pr. 26.). Fiaik: Mikl\u00f3s \u00e9s Imre. \u2013 Mv.-en tev\u00e9kenykedett (1866\u201369) mint b\u00edr\u00f3 \u00e9s egyh\u00e1zi gondnok. B\u00facs\u00faztat\u00f3 besz\u00e9det mondott D\u00f3sa Elek temet\u00e9s\u00e9n (1867. nov. 27.). <br \/><strong>Irod.:<\/strong> Gy\u00e1szjelent\u0151; Id\u0151t\u00e1r 3; Sz\u00e1sz B\u00e9la: De\u00e1k Lajos kort\u00e1rsai (N\u00fa., Sz\u00ednes Vil\u00e1g, 2010. j\u00fal. 31.).<\/br><\/p>\n","protected":false},"excerpt":{"rendered":"<p>? \u2020?: kir. t\u00e1blai \u00edt\u00e9l\u0151mester. \u2013 Szentgy\u00f6rgyi Albert egyik \u0151se. Feles\u00e9ge: homor\u00f3d-okl\u00e1ndi Cs\u00edky M\u00e1ria (1841? \u2013 Mv., 1867. \u00e1pr. 26.). Fiaik: Mikl\u00f3s \u00e9s Imre. \u2013 Mv.-en tev\u00e9kenykedett (1866\u201369) mint b\u00edr\u00f3 \u00e9s egyh\u00e1zi gondnok. B\u00facs\u00faztat\u00f3 besz\u00e9det mondott D\u00f3sa Elek temet\u00e9s\u00e9n (1867. nov. 27.). Irod.: Gy\u00e1szjelent\u0151; Id\u0151t\u00e1r 3; Sz\u00e1sz B\u00e9la: De\u00e1k Lajos kort\u00e1rsai (N\u00fa., Sz\u00ednes Vil\u00e1g, 2010. [&hellip;]<\/p>\n","protected":false},"featured_media":0,"comment_status":"open","ping_status":"closed","template":"","meta":[],"product_brand":[],"product_cat":[137],"product_tag":[],"class_list":{"0":"post-21990","1":"product","2":"type-product","3":"status-publish","5":"product_cat-maros-megyei-eletrajzi-lexikon","7":"first","8":"instock","9":"shipping-taxable","10":"product-type-simple"},"_links":{"self":[{"href":"https:\/\/uj.adatbank.ro\/lexikon\/wp-json\/wp\/v2\/product\/21990","targetHints":{"allow":["GET"]}}],"collection":[{"href":"https:\/\/uj.adatbank.ro\/lexikon\/wp-json\/wp\/v2\/product"}],"about":[{"href":"https:\/\/uj.adatbank.ro\/lexikon\/wp-json\/wp\/v2\/types\/product"}],"replies":[{"embeddable":true,"href":"https:\/\/uj.adatbank.ro\/lexikon\/wp-json\/wp\/v2\/comments?post=21990"}],"wp:attachment":[{"href":"https:\/\/uj.adatbank.ro\/lexikon\/wp-json\/wp\/v2\/media?parent=21990"}],"wp:term":[{"taxonomy":"product_brand","embeddable":true,"href":"https:\/\/uj.adatbank.ro\/lexikon\/wp-json\/wp\/v2\/product_brand?post=21990"},{"taxonomy":"product_cat","embeddable":true,"href":"https:\/\/uj.adatbank.ro\/lexikon\/wp-json\/wp\/v2\/product_cat?post=21990"},{"taxonomy":"product_tag","embeddable":true,"href":"https:\/\/uj.adatbank.ro\/lexikon\/wp-json\/wp\/v2\/product_tag?post=21990"}],"curies":[{"name":"wp","href":"https:\/\/api.w.org\/{rel}","templated":true}]}}