{"id":21993,"date":"2025-07-22T19:45:07","date_gmt":"2025-07-22T17:45:07","guid":{"rendered":"https:\/\/uj.adatbank.ro\/lexikon\/termek\/szentgyorgyi-istvan-3\/"},"modified":"2025-07-22T19:45:07","modified_gmt":"2025-07-22T17:45:07","slug":"szentgyorgyi-istvan-3","status":"publish","type":"product","link":"https:\/\/uj.adatbank.ro\/lexikon\/termek\/szentgyorgyi-istvan-3\/","title":{"rendered":"SZENTGY\u00d6RGYI Istv\u00e1n"},"content":{"rendered":"<p>? \u2020?: karmester. A mv.-i Iparos Dalk\u00f6r els\u0151 karmestere \u00e9s vezet\u0151je (1870), ez a Dalk\u00f6r megszak\u00edt\u00e1s n\u00e9lk\u00fcl 80 \u00e9vig m\u0171k\u00f6d\u00f6tt. \u2013 Irod: Kim; K. Kiss Ferenc: A mv.-i k\u00f3rus\u00e9let m\u00faltj\u00e1r\u00f3l (\u00daj \u00c9let, 22. sz. 1980).<\/br><\/p>\n","protected":false},"excerpt":{"rendered":"<p>? \u2020?: karmester. A mv.-i Iparos Dalk\u00f6r els\u0151 karmestere \u00e9s vezet\u0151je (1870), ez a Dalk\u00f6r megszak\u00edt\u00e1s n\u00e9lk\u00fcl 80 \u00e9vig m\u0171k\u00f6d\u00f6tt. \u2013 Irod: Kim; K. Kiss Ferenc: A mv.-i k\u00f3rus\u00e9let m\u00faltj\u00e1r\u00f3l (\u00daj \u00c9let, 22. sz. 1980).<\/p>\n","protected":false},"featured_media":0,"comment_status":"open","ping_status":"closed","template":"","meta":[],"product_brand":[],"product_cat":[137],"product_tag":[],"class_list":{"0":"post-21993","1":"product","2":"type-product","3":"status-publish","5":"product_cat-maros-megyei-eletrajzi-lexikon","7":"first","8":"instock","9":"shipping-taxable","10":"product-type-simple"},"_links":{"self":[{"href":"https:\/\/uj.adatbank.ro\/lexikon\/wp-json\/wp\/v2\/product\/21993","targetHints":{"allow":["GET"]}}],"collection":[{"href":"https:\/\/uj.adatbank.ro\/lexikon\/wp-json\/wp\/v2\/product"}],"about":[{"href":"https:\/\/uj.adatbank.ro\/lexikon\/wp-json\/wp\/v2\/types\/product"}],"replies":[{"embeddable":true,"href":"https:\/\/uj.adatbank.ro\/lexikon\/wp-json\/wp\/v2\/comments?post=21993"}],"wp:attachment":[{"href":"https:\/\/uj.adatbank.ro\/lexikon\/wp-json\/wp\/v2\/media?parent=21993"}],"wp:term":[{"taxonomy":"product_brand","embeddable":true,"href":"https:\/\/uj.adatbank.ro\/lexikon\/wp-json\/wp\/v2\/product_brand?post=21993"},{"taxonomy":"product_cat","embeddable":true,"href":"https:\/\/uj.adatbank.ro\/lexikon\/wp-json\/wp\/v2\/product_cat?post=21993"},{"taxonomy":"product_tag","embeddable":true,"href":"https:\/\/uj.adatbank.ro\/lexikon\/wp-json\/wp\/v2\/product_tag?post=21993"}],"curies":[{"name":"wp","href":"https:\/\/api.w.org\/{rel}","templated":true}]}}