{"id":21995,"date":"2025-07-22T19:45:11","date_gmt":"2025-07-22T17:45:11","guid":{"rendered":"https:\/\/uj.adatbank.ro\/lexikon\/termek\/szentgyorgyi-istvan-%c2%a7\/"},"modified":"2025-07-22T19:45:11","modified_gmt":"2025-07-22T17:45:11","slug":"szentgyorgyi-istvan-%c2%a7","status":"publish","type":"product","link":"https:\/\/uj.adatbank.ro\/lexikon\/termek\/szentgyorgyi-istvan-%c2%a7\/","title":{"rendered":"SZENTGY\u00d6RGYI Istv\u00e1n, \u00a7"},"content":{"rendered":"<p>Di\u00f3sjen\u0151, 1842. febr. 20., \u2020 Kv., 1931. okt. 19. a H\u00e1zsong\u00e1rdi temet\u0151ben nyugszik: sz\u00edn\u00e9sz. \u2013 Debrecenben tanult, 1859-ben als\u00f3dabasi k\u00e1ntortan\u00edt\u00f3 volt. Apj\u00e1nak rosszall\u00e1s\u00e1val dacolva (1861) Latab\u00e1r Endre t\u00e1rsulat\u00e1hoz szeg\u0151d\u00f6tt, majd Moln\u00e1r Gy\u00f6rgy budai N\u00e9psz\u00ednh\u00e1z\u00e1hoz ker\u00fclt, majd a p\u00e9csi egy\u00fcttes tagja lett. Feles\u00e9g\u00e9vel egy\u00fctt Kv-ra szerz\u0151d\u00f6tt (1871) Feh\u00e9rv\u00e1ry t\u00e1rsulat\u00e1hoz, ahol \u00e9lete v\u00e9g\u00e9ig oszlopos tag volt. T\u00f6bbsz\u00f6r fell\u00e9pett Mv.-en (pl. 1870, 1920, 1928). A mv.-i k\u00f6z\u00e9ns\u00e9g is meg\u00fcnnepelte sz\u00edn\u00e9szi p\u00e1ly\u00e1j\u00e1nak jelent\u0151sebb \u00e1llom\u00e1sait: 26. \u00e9vfordul\u00f3j\u00e1t (1897 az Aranyemberrel \u00fcnnepelte Mv.-en,); 87. sz\u00fclet\u00e9snapj\u00e1t (1929) a Cig\u00e1ny c. n\u00e9psz\u00ednm\u0171ben). Igazi m\u0171faja az \u00e9letigazs\u00e1gokat \u00e1br\u00e1zol\u00f3 n\u00e9pi figur\u00e1k \u00e9letre kelt\u00e9se volt. Klasszikus alak\u00edt\u00e1sok mellett, n\u00e9psz\u00ednm\u0171vek h\u0151seit alak\u00edtotta m\u00e9ly l\u00e9lekgazdags\u00e1ggal. Amint azt visszaeml\u00e9kez\u00e9seiben \u00edrta hatvank\u00e9t \u00e9v alatt 1034 darabban 1216 szerepet j\u00e1tszott. M\u0171v\u00e9szp\u00e1ly\u00e1ja 60.\u00e9vfordul\u00f3j\u00e1n, 80 sz\u00fclet\u00e9snapja alkalm\u00e1b\u00f3l az Erd\u00e9lyi \u00e9s a B\u00e1n\u00e1ti Magyar Sz\u00edn\u00e9szegyes\u00fclet els\u0151 \u00f6r\u00f6k\u00f6s tagj\u00e1nak v\u00e1lasztotta, a Kisfaludy T\u00e1rsas\u00e1g Greguss jutalomban r\u00e9szes\u00edtette, a kv.-i Magyar Sz\u00ednh\u00e1z \u00f6r\u00f6k\u00f6s tagja volt. Munkat\u00e1rsa volt Janovics Jen\u0151nek az els\u0151 magyar j\u00e1t\u00e9kfilmek, t\u00f6bbek k\u00f6z\u00f6tt a B\u00e1nk b\u00e1n megval\u00f3s\u00edt\u00e1s\u00e1ban. A KZST tagja (1926\u2013). A Kv.-r\u00f3l Mv.-re \u00e1thelyezett Sz\u00ednm\u0171v\u00e9szeti F\u0151iskola viselte nev\u00e9t (1954\u201391). A st\u00fadi\u00f3terem el\u0151tt fel\u00e1ll\u00edtott mellszobra, Izs\u00e1k M\u00e1rton szobr\u00e1szm\u0171v\u00e9sz alkot\u00e1sa (1962). \u2013 <strong>F. sz.:<\/strong> Shakespeare Falstaff (Windsori v\u00edg n\u0151k), J\u00e1g\u00f3 (Othello), Sylochot (Velencei kalm\u00e1r), Claudius (Hamlet), Julius Caesar (C\u00edmszerep), Kent (Lear kir\u00e1ly); Miller (Schiller: \u00c1rm\u00e1ny \u00e9s szerelem); Harpagon (Miliere: A f\u00f6sv\u00e9ny); Tiborc (Katona J\u00f3zsef: B\u00e1nk b\u00e1n); M\u00e1rton gazda (Szigligeti Ede: A csik\u00f3s); Mravcs\u00e1k (Szigligeti Ede: Tolonc); Pet\u00e1k k\u00e1pl\u00e1r (Csepreghy Ferenc: Piros bugyell\u00e1ris); Cig\u00e1ny (Szigligeti: Cig\u00e1ny); Gonosz Pista (T\u00f3th Ede: A falu rossza); Zajnai (Ga\u00e1l J\u00f3zsef: A peleskei n\u00f3t\u00e1rius); Brazovics Anaszt\u00e1z (J\u00f3kai M\u00f3r: Az arany ember). <br \/><strong>Irod.:<\/strong> Fodor S\u00e1ndor (S.): A Szentgy\u00f6rgyi Istv\u00e1n Sz\u00ednm\u0171v\u00e9szet Egyetem (N\u00fa. Extra: Sz\u00ednes vil\u00e1g, 21. sz., 2006. m\u00e1j. 27.); Ga\u00e1l; Ga\u00e1l Gy; Id\u0151t\u00e1r 2; Id\u0151t\u00e1r 3; KZST1930; Maros megye; MSZL; [Peris Ter\u00e9z]: A M. J\u00e1czo T\u00e1rsas\u00e1gnak Organiz\u00e1ci\u00f3j\u00e1r\u00f3l, avagy a mv.-i sz\u00ednj\u00e1tsz\u00e1s t\u00f6rt\u00e9net\u00e9b\u0151l (N\u00fa., 1994. jan. 26.); Mv.-Bal\u00e1s; \u00d6tv\u00f6s J\u00f3zsef: Mv.-i szobrok \u00e9s alkot\u00f3ik: Sz. I. (\u00daj Kezdet, 8. sz., 2006. aug.); Piroska; RMIL; Szentimrei; Szentimrei Jen\u0151: Sz. I. \u00e9lete \u00e9s m\u0171v\u00e9szet (Buk., 1955, 1957); Tg. M. \u2013 Mv.; \u00daM\u00c9L.<\/br><\/p>\n","protected":false},"excerpt":{"rendered":"<p>Di\u00f3sjen\u0151, 1842. febr. 20., \u2020 Kv., 1931. okt. 19. a H\u00e1zsong\u00e1rdi temet\u0151ben nyugszik: sz\u00edn\u00e9sz. \u2013 Debrecenben tanult, 1859-ben als\u00f3dabasi k\u00e1ntortan\u00edt\u00f3 volt. Apj\u00e1nak rosszall\u00e1s\u00e1val dacolva (1861) Latab\u00e1r Endre t\u00e1rsulat\u00e1hoz szeg\u0151d\u00f6tt, majd Moln\u00e1r Gy\u00f6rgy budai N\u00e9psz\u00ednh\u00e1z\u00e1hoz ker\u00fclt, majd a p\u00e9csi egy\u00fcttes tagja lett. Feles\u00e9g\u00e9vel egy\u00fctt Kv-ra szerz\u0151d\u00f6tt (1871) Feh\u00e9rv\u00e1ry t\u00e1rsulat\u00e1hoz, ahol \u00e9lete v\u00e9g\u00e9ig oszlopos tag volt. T\u00f6bbsz\u00f6r [&hellip;]<\/p>\n","protected":false},"featured_media":0,"comment_status":"open","ping_status":"closed","template":"","meta":[],"product_brand":[],"product_cat":[137],"product_tag":[],"class_list":{"0":"post-21995","1":"product","2":"type-product","3":"status-publish","5":"product_cat-maros-megyei-eletrajzi-lexikon","7":"first","8":"instock","9":"shipping-taxable","10":"product-type-simple"},"_links":{"self":[{"href":"https:\/\/uj.adatbank.ro\/lexikon\/wp-json\/wp\/v2\/product\/21995","targetHints":{"allow":["GET"]}}],"collection":[{"href":"https:\/\/uj.adatbank.ro\/lexikon\/wp-json\/wp\/v2\/product"}],"about":[{"href":"https:\/\/uj.adatbank.ro\/lexikon\/wp-json\/wp\/v2\/types\/product"}],"replies":[{"embeddable":true,"href":"https:\/\/uj.adatbank.ro\/lexikon\/wp-json\/wp\/v2\/comments?post=21995"}],"wp:attachment":[{"href":"https:\/\/uj.adatbank.ro\/lexikon\/wp-json\/wp\/v2\/media?parent=21995"}],"wp:term":[{"taxonomy":"product_brand","embeddable":true,"href":"https:\/\/uj.adatbank.ro\/lexikon\/wp-json\/wp\/v2\/product_brand?post=21995"},{"taxonomy":"product_cat","embeddable":true,"href":"https:\/\/uj.adatbank.ro\/lexikon\/wp-json\/wp\/v2\/product_cat?post=21995"},{"taxonomy":"product_tag","embeddable":true,"href":"https:\/\/uj.adatbank.ro\/lexikon\/wp-json\/wp\/v2\/product_tag?post=21995"}],"curies":[{"name":"wp","href":"https:\/\/api.w.org\/{rel}","templated":true}]}}