{"id":21999,"date":"2025-07-22T19:45:20","date_gmt":"2025-07-22T17:45:20","guid":{"rendered":"https:\/\/uj.adatbank.ro\/lexikon\/termek\/szentgyorgyi-jozsef-weisz\/"},"modified":"2025-07-22T19:45:20","modified_gmt":"2025-07-22T17:45:20","slug":"szentgyorgyi-jozsef-weisz","status":"publish","type":"product","link":"https:\/\/uj.adatbank.ro\/lexikon\/termek\/szentgyorgyi-jozsef-weisz\/","title":{"rendered":"SZENTGY\u00d6RGYI J\u00f3zsef; Weisz"},"content":{"rendered":"<p>Erd\u0151szentgy\u00f6rgy, 1824. febr. 24., \u2020 Bp., 1901. m\u00e1rc. 10.: meteorol\u00f3gus, orvos. -F\u0151orvosk\u00e9nt r\u00e9szt vett az 1848\u201449-i szabads\u00e1gharcban. Az abrudb\u00e1nya-verespataki b\u00e1ny\u00e1k f\u0151orvosa (1849\u2013). A mo.-i meteorol\u00f3giai kutat\u00e1sok egyik \u00fatt\u00f6r\u0151je. Mo.-on els\u0151k\u00e9nt h\u00edvta fel a figyelmet az id\u0151j\u00e1r\u00e1si h\u00edrszolg\u00e1lat mez\u0151g. jelent\u0151s\u00e9g\u00e9re. K\u00fclf\u00f6ldi tanulm\u00e1ny\u00fatja ut\u00e1n, az Ideiglenes Orsz. Id\u0151jelz\u0151 \u00c1llom\u00e1s vezet\u0151je (1880\u201387). Naponta kiadott id\u0151j\u00e1r\u00e1si t\u00e9rk\u00e9peit ut\u00f3bb az MNM-nak aj\u00e1nd\u00e9kozta; h\u00f3napr\u00f3l h\u00f3napra t\u00e1bl\u00e1zatba foglalta a l\u00e9gnyom\u00e1s napi \u00e9rt\u00e9keit, \u00e9s a v\u00e1ltoz\u00e1si hajlam szerint adott id\u0151j\u00e1r\u00e1s-el\u0151rejelz\u00e9st. \u2013 <strong><strong>F. m.<\/strong><\/strong>: Az orsz\u00e1gos els\u0151 magyar id\u0151jelz\u00e9s \u00e9s a n\u00e9pies id\u0151jelz\u0151 (Bp., 1895). <br \/><strong>Irod.:<\/strong> M\u00c9L; \u00daM\u00c9L.<\/br><\/p>\n","protected":false},"excerpt":{"rendered":"<p>Erd\u0151szentgy\u00f6rgy, 1824. febr. 24., \u2020 Bp., 1901. m\u00e1rc. 10.: meteorol\u00f3gus, orvos. -F\u0151orvosk\u00e9nt r\u00e9szt vett az 1848\u201449-i szabads\u00e1gharcban. Az abrudb\u00e1nya-verespataki b\u00e1ny\u00e1k f\u0151orvosa (1849\u2013). A mo.-i meteorol\u00f3giai kutat\u00e1sok egyik \u00fatt\u00f6r\u0151je. Mo.-on els\u0151k\u00e9nt h\u00edvta fel a figyelmet az id\u0151j\u00e1r\u00e1si h\u00edrszolg\u00e1lat mez\u0151g. jelent\u0151s\u00e9g\u00e9re. K\u00fclf\u00f6ldi tanulm\u00e1ny\u00fatja ut\u00e1n, az Ideiglenes Orsz. Id\u0151jelz\u0151 \u00c1llom\u00e1s vezet\u0151je (1880\u201387). Naponta kiadott id\u0151j\u00e1r\u00e1si t\u00e9rk\u00e9peit ut\u00f3bb az [&hellip;]<\/p>\n","protected":false},"featured_media":0,"comment_status":"open","ping_status":"closed","template":"","meta":[],"product_brand":[],"product_cat":[137],"product_tag":[],"class_list":{"0":"post-21999","1":"product","2":"type-product","3":"status-publish","5":"product_cat-maros-megyei-eletrajzi-lexikon","7":"first","8":"instock","9":"shipping-taxable","10":"product-type-simple"},"_links":{"self":[{"href":"https:\/\/uj.adatbank.ro\/lexikon\/wp-json\/wp\/v2\/product\/21999","targetHints":{"allow":["GET"]}}],"collection":[{"href":"https:\/\/uj.adatbank.ro\/lexikon\/wp-json\/wp\/v2\/product"}],"about":[{"href":"https:\/\/uj.adatbank.ro\/lexikon\/wp-json\/wp\/v2\/types\/product"}],"replies":[{"embeddable":true,"href":"https:\/\/uj.adatbank.ro\/lexikon\/wp-json\/wp\/v2\/comments?post=21999"}],"wp:attachment":[{"href":"https:\/\/uj.adatbank.ro\/lexikon\/wp-json\/wp\/v2\/media?parent=21999"}],"wp:term":[{"taxonomy":"product_brand","embeddable":true,"href":"https:\/\/uj.adatbank.ro\/lexikon\/wp-json\/wp\/v2\/product_brand?post=21999"},{"taxonomy":"product_cat","embeddable":true,"href":"https:\/\/uj.adatbank.ro\/lexikon\/wp-json\/wp\/v2\/product_cat?post=21999"},{"taxonomy":"product_tag","embeddable":true,"href":"https:\/\/uj.adatbank.ro\/lexikon\/wp-json\/wp\/v2\/product_tag?post=21999"}],"curies":[{"name":"wp","href":"https:\/\/api.w.org\/{rel}","templated":true}]}}