{"id":22000,"date":"2025-07-22T19:45:22","date_gmt":"2025-07-22T17:45:22","guid":{"rendered":"https:\/\/uj.adatbank.ro\/lexikon\/termek\/szentgyorgyi-k-marton\/"},"modified":"2025-07-22T19:45:22","modified_gmt":"2025-07-22T17:45:22","slug":"szentgyorgyi-k-marton","status":"publish","type":"product","link":"https:\/\/uj.adatbank.ro\/lexikon\/termek\/szentgyorgyi-k-marton\/","title":{"rendered":"SZENTGY\u00d6RGYI K. M\u00e1rton"},"content":{"rendered":"<p>? \u2020 K\u00f6rtv\u00e9lyf\u00e1ja, 1768.: Kv.-on subscrib\u00e1lt (1726). Ordin\u00e1lt\u00e1k (1733). Dobok\u00e1n (1733\u201338) volt lelk\u00e9sz., majd Tancson (1741\u201347), Magyarp\u00e9terlak\u00e1n (1748\u201356) \u00e9s K\u00f6rtv\u00e9lyf\u00e1j\u00e1n (1756\u201368) szolg\u00e1lt. <br \/><strong>Irod.:<\/strong> \u0150sz.<\/br><\/p>\n","protected":false},"excerpt":{"rendered":"<p>? \u2020 K\u00f6rtv\u00e9lyf\u00e1ja, 1768.: Kv.-on subscrib\u00e1lt (1726). Ordin\u00e1lt\u00e1k (1733). Dobok\u00e1n (1733\u201338) volt lelk\u00e9sz., majd Tancson (1741\u201347), Magyarp\u00e9terlak\u00e1n (1748\u201356) \u00e9s K\u00f6rtv\u00e9lyf\u00e1j\u00e1n (1756\u201368) szolg\u00e1lt. Irod.: \u0150sz.<\/p>\n","protected":false},"featured_media":0,"comment_status":"open","ping_status":"closed","template":"","meta":[],"product_brand":[],"product_cat":[137],"product_tag":[],"class_list":{"0":"post-22000","1":"product","2":"type-product","3":"status-publish","5":"product_cat-maros-megyei-eletrajzi-lexikon","7":"first","8":"instock","9":"shipping-taxable","10":"product-type-simple"},"_links":{"self":[{"href":"https:\/\/uj.adatbank.ro\/lexikon\/wp-json\/wp\/v2\/product\/22000","targetHints":{"allow":["GET"]}}],"collection":[{"href":"https:\/\/uj.adatbank.ro\/lexikon\/wp-json\/wp\/v2\/product"}],"about":[{"href":"https:\/\/uj.adatbank.ro\/lexikon\/wp-json\/wp\/v2\/types\/product"}],"replies":[{"embeddable":true,"href":"https:\/\/uj.adatbank.ro\/lexikon\/wp-json\/wp\/v2\/comments?post=22000"}],"wp:attachment":[{"href":"https:\/\/uj.adatbank.ro\/lexikon\/wp-json\/wp\/v2\/media?parent=22000"}],"wp:term":[{"taxonomy":"product_brand","embeddable":true,"href":"https:\/\/uj.adatbank.ro\/lexikon\/wp-json\/wp\/v2\/product_brand?post=22000"},{"taxonomy":"product_cat","embeddable":true,"href":"https:\/\/uj.adatbank.ro\/lexikon\/wp-json\/wp\/v2\/product_cat?post=22000"},{"taxonomy":"product_tag","embeddable":true,"href":"https:\/\/uj.adatbank.ro\/lexikon\/wp-json\/wp\/v2\/product_tag?post=22000"}],"curies":[{"name":"wp","href":"https:\/\/api.w.org\/{rel}","templated":true}]}}