{"id":22002,"date":"2025-07-22T19:45:27","date_gmt":"2025-07-22T17:45:27","guid":{"rendered":"https:\/\/uj.adatbank.ro\/lexikon\/termek\/szentgyorgyi-lajos\/"},"modified":"2025-07-22T19:45:27","modified_gmt":"2025-07-22T17:45:27","slug":"szentgyorgyi-lajos","status":"publish","type":"product","link":"https:\/\/uj.adatbank.ro\/lexikon\/termek\/szentgyorgyi-lajos\/","title":{"rendered":"SZENTGY\u00d6RGYI Lajos"},"content":{"rendered":"<p>Szolokma, 1853., \u2020?: tan\u00edt\u00f3. \u2013 Tanult a sz\u00e9kelyudvarhelyi f\u0151gimn\u00e1ziumban, a tan\u00edt\u00f3k\u00e9pz\u0151 tanfolyamot Sz\u00e9kelykereszt\u00faron v\u00e9gezte s a magyarvalk\u00f3i iskol\u00e1hoz ment seg\u00e9dtan\u00edt\u00f3nak. A tan\u00edt\u00f3egyleti gy\u0171l\u00e9seken a gyermekj\u00e1t\u00e9kgy\u00e1r fel\u00e1ll\u00edt\u00e1sa mellett k\u00fczd\u00f6tt, mely meg is val\u00f3sult. A kalotaszentkir\u00e1lyi (1875), majd a b\u00e1nffyhunyadi iskol\u00e1hoz (1876) nevezt\u00e9k ki, hol az \u00e9neket \u00e9s francia nyelvet is tan\u00edtotta a polg\u00e1ri iskol\u00e1ban; a feh\u00e9rtemplomi \u00e1llami iskol\u00e1ban tan\u00edtott (1892), hol mint ref. egyh\u00e1zi jegyz\u0151, t\u00e1rsask\u00f6ri k\u00f6nyvt\u00e1ros, f\u0151gimn\u00e1ziumi \u00e9nektan\u00edt\u00f3 m\u0171k\u00f6d\u00f6tt. K\u00f6nyveket adom\u00e1nyozott a V\u00e1rosi K\u00f6nyvt\u00e1rnak (1913 k.). Sz\u00e9pirodalmi \u00e9s vegyes cikkei vannak az erd\u00e9lyi lapokban; a N\u00e9ptan\u00edt\u00f3k Lapj\u00e1ban (1894); a D\u00e9lmagyarorsz\u00e1gi K\u00f6zl\u00f6nyben; a M. Pestalozziban. \u2013 <strong>F. m.<\/strong>: Egy \u00e9v a d\u00e9lmagyarorsz\u00e1gi tan\u00edt\u00f3egyes\u00fclet feh\u00e9rtemplomi fi\u00f3kegylet\u00e9nek \u00e9let\u00e9b\u0151l: Millen\u00e1ris eml\u00e9kf\u00fczet. \u2013 (Feh\u00e9rtemplom, 1896.); <strong>t\u00e1rssz.:<\/strong> A f\u00f6ldrajz alapfogalmai kapcsolatban Kolozsmegye s k\u00f6rny\u00e9ke r\u00f6vid f\u00f6ldrajz\u00e1val (B\u00e1cs Gy\u00f6rgy, Biga K\u00e1roly-al, Kv., 1884, 1888.; B\u00e1nffyhunyad, 1903, 1907); Eml\u00e9kk\u00f6nyv Hal\u00e1sz Ferencz harmincz\u00e9ves tanfel\u00fcgyel\u0151i munk\u00e1ss\u00e1g\u00e1nak \u00e9s miniszteri oszt\u00e1lytan\u00e1csoss\u00e1 kinevez\u00e9s\u00e9nek \u00fcnnep\u00e9re (Kozma L\u00e1szl\u00f3val, Bp.1900.). <br \/><strong>Irod.:<\/strong> Ferenczi 1973; Rugonfalvi Kiss; Szinnyei; Todea.<\/br><\/p>\n","protected":false},"excerpt":{"rendered":"<p>Szolokma, 1853., \u2020?: tan\u00edt\u00f3. \u2013 Tanult a sz\u00e9kelyudvarhelyi f\u0151gimn\u00e1ziumban, a tan\u00edt\u00f3k\u00e9pz\u0151 tanfolyamot Sz\u00e9kelykereszt\u00faron v\u00e9gezte s a magyarvalk\u00f3i iskol\u00e1hoz ment seg\u00e9dtan\u00edt\u00f3nak. A tan\u00edt\u00f3egyleti gy\u0171l\u00e9seken a gyermekj\u00e1t\u00e9kgy\u00e1r fel\u00e1ll\u00edt\u00e1sa mellett k\u00fczd\u00f6tt, mely meg is val\u00f3sult. A kalotaszentkir\u00e1lyi (1875), majd a b\u00e1nffyhunyadi iskol\u00e1hoz (1876) nevezt\u00e9k ki, hol az \u00e9neket \u00e9s francia nyelvet is tan\u00edtotta a polg\u00e1ri iskol\u00e1ban; a feh\u00e9rtemplomi [&hellip;]<\/p>\n","protected":false},"featured_media":0,"comment_status":"open","ping_status":"closed","template":"","meta":[],"product_brand":[],"product_cat":[137],"product_tag":[],"class_list":{"0":"post-22002","1":"product","2":"type-product","3":"status-publish","5":"product_cat-maros-megyei-eletrajzi-lexikon","7":"first","8":"instock","9":"shipping-taxable","10":"product-type-simple"},"_links":{"self":[{"href":"https:\/\/uj.adatbank.ro\/lexikon\/wp-json\/wp\/v2\/product\/22002","targetHints":{"allow":["GET"]}}],"collection":[{"href":"https:\/\/uj.adatbank.ro\/lexikon\/wp-json\/wp\/v2\/product"}],"about":[{"href":"https:\/\/uj.adatbank.ro\/lexikon\/wp-json\/wp\/v2\/types\/product"}],"replies":[{"embeddable":true,"href":"https:\/\/uj.adatbank.ro\/lexikon\/wp-json\/wp\/v2\/comments?post=22002"}],"wp:attachment":[{"href":"https:\/\/uj.adatbank.ro\/lexikon\/wp-json\/wp\/v2\/media?parent=22002"}],"wp:term":[{"taxonomy":"product_brand","embeddable":true,"href":"https:\/\/uj.adatbank.ro\/lexikon\/wp-json\/wp\/v2\/product_brand?post=22002"},{"taxonomy":"product_cat","embeddable":true,"href":"https:\/\/uj.adatbank.ro\/lexikon\/wp-json\/wp\/v2\/product_cat?post=22002"},{"taxonomy":"product_tag","embeddable":true,"href":"https:\/\/uj.adatbank.ro\/lexikon\/wp-json\/wp\/v2\/product_tag?post=22002"}],"curies":[{"name":"wp","href":"https:\/\/api.w.org\/{rel}","templated":true}]}}