{"id":22003,"date":"2025-07-22T19:45:29","date_gmt":"2025-07-22T17:45:29","guid":{"rendered":"https:\/\/uj.adatbank.ro\/lexikon\/termek\/szentgyorgyi-laszlo\/"},"modified":"2025-07-22T19:45:29","modified_gmt":"2025-07-22T17:45:29","slug":"szentgyorgyi-laszlo","status":"publish","type":"product","link":"https:\/\/uj.adatbank.ro\/lexikon\/termek\/szentgyorgyi-laszlo\/","title":{"rendered":"SZENTGY\u00d6RGYI L\u00e1szl\u00f3"},"content":{"rendered":"<p>Kutyfalva, 1937. m\u00e1j. 25., \u2020 Mv.?: tudom\u00e1nyos f\u0151munkat\u00e1rs, int\u00e9zetvezet\u0151. \u2013 Elemi \u00e9s k\u00f6z\u00e9piskol\u00e1t Kutyfalv\u00e1n, a mv.-i Bolyai Farkas k\u00f6z\u00e9piskol\u00e1ban \u00e9s a kv.-i villamosipari k\u00f6z\u00e9piskol\u00e1ban v\u00e9gezte (1944\u201355), a kv.-i TE matematika-fizika kar\u00e1nak hallgat\u00f3ja (1955\u201358), majd a buk.-i M\u0171egyetem elektronika \u00e9s t\u00e1vk\u00f6zl\u00e9s kar\u00e1n szerzett oklevelet (1965). Doktor\u00e1lt (1981). A Maros megyei posta- \u00e9s t\u00e1vk\u00f6zl\u00e9si igazgat\u00f3s\u00e1g oszt\u00e1lyvezet\u0151je (1965\u201375), a brass\u00f3i Egyetem elektrotechnika tansz\u00e9k\u00e9nek tudom\u00e1nyos f\u0151munkat\u00e1rsa (1975\u201383). Mv.-en megalap\u00edtotta \u00e9s vezette a Buk.-i Elektrotechnikai Kutat\u00f3int\u00e9zet f\u0151oszt\u00e1ly\u00e1t, a Villamos H\u0151technikai Int\u00e9zetet (1983\u2013). Kutat\u00e1si ter\u00fclete: viv\u0151frekvenci\u00e1s \u00e1tviteltechnika, villamos h\u0151technika, az \u00edv-, indukci\u00f3s- \u00e9s elektronsugaras hev\u00edt\u00e9si elj\u00e1r\u00e1sok szab\u00e1lyoz\u00e1stechnik\u00e1ja \u00e9s teljes\u00edtm\u00e9nyelektronik\u00e1ja. A Villamos H\u0151technikai egyes\u00fclet \u00e9s az EMT (1990\u2013), a Bolyai T\u00e1rsas\u00e1g tagja (1991\u2013). T\u00f6bb mint 50 tudom\u00e1nyos dolgozat \u00e9s ismeretterjeszt\u0151 k\u00f6zl\u00e9s szerz\u0151je. \u2013 <strong><strong>F. m.<\/strong><\/strong>: Contribu\u0163ii la ac\u0163ionarea electric\u0103 a electrozilor cuptoarelor cu arc: Diseta\u0163ie (Br\u015fov, 1981); Circular Current Analysis in a Medium Frequency Parallel Operating Converter System. II. European Conf. On Power Electronics and Appl. Vol. 1. (Grenoble, 1987); (Mikroracher Lagesteuerung von Elektroden eines Lichtbogenofens. VIII. Conf. EDPE (Ko\u0161ice, 1988). <br \/><strong>Irod.:<\/strong> Kusz\u00e1lik.<\/br><\/p>\n","protected":false},"excerpt":{"rendered":"<p>Kutyfalva, 1937. m\u00e1j. 25., \u2020 Mv.?: tudom\u00e1nyos f\u0151munkat\u00e1rs, int\u00e9zetvezet\u0151. \u2013 Elemi \u00e9s k\u00f6z\u00e9piskol\u00e1t Kutyfalv\u00e1n, a mv.-i Bolyai Farkas k\u00f6z\u00e9piskol\u00e1ban \u00e9s a kv.-i villamosipari k\u00f6z\u00e9piskol\u00e1ban v\u00e9gezte (1944\u201355), a kv.-i TE matematika-fizika kar\u00e1nak hallgat\u00f3ja (1955\u201358), majd a buk.-i M\u0171egyetem elektronika \u00e9s t\u00e1vk\u00f6zl\u00e9s kar\u00e1n szerzett oklevelet (1965). Doktor\u00e1lt (1981). A Maros megyei posta- \u00e9s t\u00e1vk\u00f6zl\u00e9si igazgat\u00f3s\u00e1g oszt\u00e1lyvezet\u0151je (1965\u201375), [&hellip;]<\/p>\n","protected":false},"featured_media":0,"comment_status":"open","ping_status":"closed","template":"","meta":[],"product_brand":[],"product_cat":[137],"product_tag":[],"class_list":{"0":"post-22003","1":"product","2":"type-product","3":"status-publish","5":"product_cat-maros-megyei-eletrajzi-lexikon","7":"first","8":"instock","9":"shipping-taxable","10":"product-type-simple"},"_links":{"self":[{"href":"https:\/\/uj.adatbank.ro\/lexikon\/wp-json\/wp\/v2\/product\/22003","targetHints":{"allow":["GET"]}}],"collection":[{"href":"https:\/\/uj.adatbank.ro\/lexikon\/wp-json\/wp\/v2\/product"}],"about":[{"href":"https:\/\/uj.adatbank.ro\/lexikon\/wp-json\/wp\/v2\/types\/product"}],"replies":[{"embeddable":true,"href":"https:\/\/uj.adatbank.ro\/lexikon\/wp-json\/wp\/v2\/comments?post=22003"}],"wp:attachment":[{"href":"https:\/\/uj.adatbank.ro\/lexikon\/wp-json\/wp\/v2\/media?parent=22003"}],"wp:term":[{"taxonomy":"product_brand","embeddable":true,"href":"https:\/\/uj.adatbank.ro\/lexikon\/wp-json\/wp\/v2\/product_brand?post=22003"},{"taxonomy":"product_cat","embeddable":true,"href":"https:\/\/uj.adatbank.ro\/lexikon\/wp-json\/wp\/v2\/product_cat?post=22003"},{"taxonomy":"product_tag","embeddable":true,"href":"https:\/\/uj.adatbank.ro\/lexikon\/wp-json\/wp\/v2\/product_tag?post=22003"}],"curies":[{"name":"wp","href":"https:\/\/api.w.org\/{rel}","templated":true}]}}