{"id":22004,"date":"2025-07-22T19:45:31","date_gmt":"2025-07-22T17:45:31","guid":{"rendered":"https:\/\/uj.adatbank.ro\/lexikon\/termek\/szentgyorgyi-mari\/"},"modified":"2025-07-22T19:45:31","modified_gmt":"2025-07-22T17:45:31","slug":"szentgyorgyi-mari","status":"publish","type":"product","link":"https:\/\/uj.adatbank.ro\/lexikon\/termek\/szentgyorgyi-mari\/","title":{"rendered":"SZENTGY\u00d6RGYI Mari"},"content":{"rendered":"<p>? \u2020?: mv.-i Ref. Le\u00e1nyiskola r\u00e9sz\u00e9r\u0151l vett r\u00e9szt a ki\u00e1ll\u00edt\u00e1son. <br \/><strong>Irod.:<\/strong> Gell\u00e9ri M\u00f3r: Orsz\u00e1gos N\u0151ipari Ki\u00e1ll\u00edt\u00e1s (Bp., 1881).<\/br><\/p>\n","protected":false},"excerpt":{"rendered":"<p>? \u2020?: mv.-i Ref. Le\u00e1nyiskola r\u00e9sz\u00e9r\u0151l vett r\u00e9szt a ki\u00e1ll\u00edt\u00e1son. Irod.: Gell\u00e9ri M\u00f3r: Orsz\u00e1gos N\u0151ipari Ki\u00e1ll\u00edt\u00e1s (Bp., 1881).<\/p>\n","protected":false},"featured_media":0,"comment_status":"open","ping_status":"closed","template":"","meta":[],"product_brand":[],"product_cat":[137],"product_tag":[],"class_list":{"0":"post-22004","1":"product","2":"type-product","3":"status-publish","5":"product_cat-maros-megyei-eletrajzi-lexikon","7":"first","8":"instock","9":"shipping-taxable","10":"product-type-simple"},"_links":{"self":[{"href":"https:\/\/uj.adatbank.ro\/lexikon\/wp-json\/wp\/v2\/product\/22004","targetHints":{"allow":["GET"]}}],"collection":[{"href":"https:\/\/uj.adatbank.ro\/lexikon\/wp-json\/wp\/v2\/product"}],"about":[{"href":"https:\/\/uj.adatbank.ro\/lexikon\/wp-json\/wp\/v2\/types\/product"}],"replies":[{"embeddable":true,"href":"https:\/\/uj.adatbank.ro\/lexikon\/wp-json\/wp\/v2\/comments?post=22004"}],"wp:attachment":[{"href":"https:\/\/uj.adatbank.ro\/lexikon\/wp-json\/wp\/v2\/media?parent=22004"}],"wp:term":[{"taxonomy":"product_brand","embeddable":true,"href":"https:\/\/uj.adatbank.ro\/lexikon\/wp-json\/wp\/v2\/product_brand?post=22004"},{"taxonomy":"product_cat","embeddable":true,"href":"https:\/\/uj.adatbank.ro\/lexikon\/wp-json\/wp\/v2\/product_cat?post=22004"},{"taxonomy":"product_tag","embeddable":true,"href":"https:\/\/uj.adatbank.ro\/lexikon\/wp-json\/wp\/v2\/product_tag?post=22004"}],"curies":[{"name":"wp","href":"https:\/\/api.w.org\/{rel}","templated":true}]}}