{"id":22006,"date":"2025-07-22T19:45:35","date_gmt":"2025-07-22T17:45:35","guid":{"rendered":"https:\/\/uj.adatbank.ro\/lexikon\/termek\/szentgyorgyi-mihaly\/"},"modified":"2025-07-22T19:45:35","modified_gmt":"2025-07-22T17:45:35","slug":"szentgyorgyi-mihaly","status":"publish","type":"product","link":"https:\/\/uj.adatbank.ro\/lexikon\/termek\/szentgyorgyi-mihaly\/","title":{"rendered":"SZENTGY\u00d6RGYI Mih\u00e1ly"},"content":{"rendered":"<p>? \u2020\u00a01681. nov. 9.: tan\u00edt\u00f3, unit. lelk\u00e9sz. \u2013 Mester volt Dics\u0151szentm\u00e1rtonban (1639 k.-ig), Nagyteremiben volt pap, konzisztor (1663. okt. 21\u2013), majd Szentgy\u00f6rgyi Bal\u00e1zs hal\u00e1la ut\u00e1n (1665) K\u00fck\u00fcll\u0151 megye esperese lett hal\u00e1l\u00e1ig (1681). <br \/><strong>Irod.:<\/strong> K\u00e9nosi\u2013Uzoni 2.<\/br><\/p>\n","protected":false},"excerpt":{"rendered":"<p>? \u2020\u00a01681. nov. 9.: tan\u00edt\u00f3, unit. lelk\u00e9sz. \u2013 Mester volt Dics\u0151szentm\u00e1rtonban (1639 k.-ig), Nagyteremiben volt pap, konzisztor (1663. okt. 21\u2013), majd Szentgy\u00f6rgyi Bal\u00e1zs hal\u00e1la ut\u00e1n (1665) K\u00fck\u00fcll\u0151 megye esperese lett hal\u00e1l\u00e1ig (1681). Irod.: K\u00e9nosi\u2013Uzoni 2.<\/p>\n","protected":false},"featured_media":0,"comment_status":"open","ping_status":"closed","template":"","meta":[],"product_brand":[],"product_cat":[137],"product_tag":[],"class_list":{"0":"post-22006","1":"product","2":"type-product","3":"status-publish","5":"product_cat-maros-megyei-eletrajzi-lexikon","7":"first","8":"instock","9":"shipping-taxable","10":"product-type-simple"},"_links":{"self":[{"href":"https:\/\/uj.adatbank.ro\/lexikon\/wp-json\/wp\/v2\/product\/22006","targetHints":{"allow":["GET"]}}],"collection":[{"href":"https:\/\/uj.adatbank.ro\/lexikon\/wp-json\/wp\/v2\/product"}],"about":[{"href":"https:\/\/uj.adatbank.ro\/lexikon\/wp-json\/wp\/v2\/types\/product"}],"replies":[{"embeddable":true,"href":"https:\/\/uj.adatbank.ro\/lexikon\/wp-json\/wp\/v2\/comments?post=22006"}],"wp:attachment":[{"href":"https:\/\/uj.adatbank.ro\/lexikon\/wp-json\/wp\/v2\/media?parent=22006"}],"wp:term":[{"taxonomy":"product_brand","embeddable":true,"href":"https:\/\/uj.adatbank.ro\/lexikon\/wp-json\/wp\/v2\/product_brand?post=22006"},{"taxonomy":"product_cat","embeddable":true,"href":"https:\/\/uj.adatbank.ro\/lexikon\/wp-json\/wp\/v2\/product_cat?post=22006"},{"taxonomy":"product_tag","embeddable":true,"href":"https:\/\/uj.adatbank.ro\/lexikon\/wp-json\/wp\/v2\/product_tag?post=22006"}],"curies":[{"name":"wp","href":"https:\/\/api.w.org\/{rel}","templated":true}]}}