{"id":22008,"date":"2025-07-22T19:45:42","date_gmt":"2025-07-22T17:45:42","guid":{"rendered":"https:\/\/uj.adatbank.ro\/lexikon\/termek\/szentgyorgyi-mihaly-3\/"},"modified":"2025-07-22T19:45:42","modified_gmt":"2025-07-22T17:45:42","slug":"szentgyorgyi-mihaly-3","status":"publish","type":"product","link":"https:\/\/uj.adatbank.ro\/lexikon\/termek\/szentgyorgyi-mihaly-3\/","title":{"rendered":"SZENTGY\u00d6RGYI Mih\u00e1ly"},"content":{"rendered":"<p>? \u2020?: tan\u00edt\u00f3. \u2013 Feles\u00e9ge: Nagy Kata. \u2013 Sz\u00e9kelyudvarhelyen subscrib\u00e1lt (1700 k.). S\u00e1rospatak-Gyulafeh\u00e9rv\u00e1ron subscrib\u00e1lt (1702). H\u00e9derf\u00e1j\u00e1n mester (1715), G\u00f3g\u00e1nban (1716), Mikefalv\u00e1n l\u00e9vita (1720). K\u00e1poszt\u00e1sszentmikl\u00f3son (1722\u201323, 1730\u201333). Lukafalv\u00e1n (1725\u201328), Backamadarason (1733\u201334), Ny\u00e1r\u00e1dszentann\u00e1n (1735\u201339), Csittszentiv\u00e1nban (1742\u201343), Mez\u0151b\u00e1ndon (1743\u201348), Fintah\u00e1z\u00e1n (1750), S\u00f3v\u00e1radon (1752) \u00e9s Nagyerny\u00e9ben (1753) volt mester. <br \/><strong>Irod.:<\/strong> Imreh Barna; K\u00fck\u00fcll\u0151i Ref. Egyh\u00e1zm. 2., 4.<\/br><\/p>\n","protected":false},"excerpt":{"rendered":"<p>? \u2020?: tan\u00edt\u00f3. \u2013 Feles\u00e9ge: Nagy Kata. \u2013 Sz\u00e9kelyudvarhelyen subscrib\u00e1lt (1700 k.). S\u00e1rospatak-Gyulafeh\u00e9rv\u00e1ron subscrib\u00e1lt (1702). H\u00e9derf\u00e1j\u00e1n mester (1715), G\u00f3g\u00e1nban (1716), Mikefalv\u00e1n l\u00e9vita (1720). K\u00e1poszt\u00e1sszentmikl\u00f3son (1722\u201323, 1730\u201333). Lukafalv\u00e1n (1725\u201328), Backamadarason (1733\u201334), Ny\u00e1r\u00e1dszentann\u00e1n (1735\u201339), Csittszentiv\u00e1nban (1742\u201343), Mez\u0151b\u00e1ndon (1743\u201348), Fintah\u00e1z\u00e1n (1750), S\u00f3v\u00e1radon (1752) \u00e9s Nagyerny\u00e9ben (1753) volt mester. Irod.: Imreh Barna; K\u00fck\u00fcll\u0151i Ref. Egyh\u00e1zm. 2., 4.<\/p>\n","protected":false},"featured_media":0,"comment_status":"open","ping_status":"closed","template":"","meta":[],"product_brand":[],"product_cat":[137],"product_tag":[],"class_list":{"0":"post-22008","1":"product","2":"type-product","3":"status-publish","5":"product_cat-maros-megyei-eletrajzi-lexikon","7":"first","8":"instock","9":"shipping-taxable","10":"product-type-simple"},"_links":{"self":[{"href":"https:\/\/uj.adatbank.ro\/lexikon\/wp-json\/wp\/v2\/product\/22008","targetHints":{"allow":["GET"]}}],"collection":[{"href":"https:\/\/uj.adatbank.ro\/lexikon\/wp-json\/wp\/v2\/product"}],"about":[{"href":"https:\/\/uj.adatbank.ro\/lexikon\/wp-json\/wp\/v2\/types\/product"}],"replies":[{"embeddable":true,"href":"https:\/\/uj.adatbank.ro\/lexikon\/wp-json\/wp\/v2\/comments?post=22008"}],"wp:attachment":[{"href":"https:\/\/uj.adatbank.ro\/lexikon\/wp-json\/wp\/v2\/media?parent=22008"}],"wp:term":[{"taxonomy":"product_brand","embeddable":true,"href":"https:\/\/uj.adatbank.ro\/lexikon\/wp-json\/wp\/v2\/product_brand?post=22008"},{"taxonomy":"product_cat","embeddable":true,"href":"https:\/\/uj.adatbank.ro\/lexikon\/wp-json\/wp\/v2\/product_cat?post=22008"},{"taxonomy":"product_tag","embeddable":true,"href":"https:\/\/uj.adatbank.ro\/lexikon\/wp-json\/wp\/v2\/product_tag?post=22008"}],"curies":[{"name":"wp","href":"https:\/\/api.w.org\/{rel}","templated":true}]}}