{"id":2201,"date":"2025-06-28T12:06:49","date_gmt":"2025-06-28T10:06:49","guid":{"rendered":"https:\/\/uj.adatbank.ro\/lexikon\/termek\/banffy-laszlo-losonczi-br\/"},"modified":"2025-06-28T12:06:49","modified_gmt":"2025-06-28T10:06:49","slug":"banffy-laszlo-losonczi-br","status":"publish","type":"product","link":"https:\/\/uj.adatbank.ro\/lexikon\/termek\/banffy-laszlo-losonczi-br\/","title":{"rendered":"B\u00c1NFFY L\u00e1szl\u00f3, losonczi br."},"content":{"rendered":"<p>Marosgezse, 1896. szept. 11., \u2020 Kv., 1974. dec. 16.: okl. m\u00e9rn\u00f6k, Johannita lovag. \u2013 B. Zolt\u00e1n \u00e9s \u00e1br\u00e1nfalvi Ugron R\u00f3za fia. Feles\u00e9ge Zeyk Ilona (Mikefalva, 1909. j\u00fan. 26) Z. D\u00e1niel \u00e9s hilibi Gr\u00e1l M\u00e1ria le\u00e1nya. Esk\u00fcv\u0151 (Kv. 1932. \u00e1pr. 3.). \u2013 A kv.-i Farkas utcai templomban ker\u00fclt c\u00edmeres eml\u00e9ke. <br \/><strong>Irod.:<\/strong> Bicsok\u2013Orb\u00e1n; Entz\u2013Kov\u00e1cs; Gudenus; M. Johannita csal\u00e1dt\u00f6rt.<\/br><\/p>\n","protected":false},"excerpt":{"rendered":"<p>Marosgezse, 1896. szept. 11., \u2020 Kv., 1974. dec. 16.: okl. m\u00e9rn\u00f6k, Johannita lovag. \u2013 B. Zolt\u00e1n \u00e9s \u00e1br\u00e1nfalvi Ugron R\u00f3za fia. Feles\u00e9ge Zeyk Ilona (Mikefalva, 1909. j\u00fan. 26) Z. D\u00e1niel \u00e9s hilibi Gr\u00e1l M\u00e1ria le\u00e1nya. Esk\u00fcv\u0151 (Kv. 1932. \u00e1pr. 3.). \u2013 A kv.-i Farkas utcai templomban ker\u00fclt c\u00edmeres eml\u00e9ke. Irod.: Bicsok\u2013Orb\u00e1n; Entz\u2013Kov\u00e1cs; Gudenus; M. Johannita [&hellip;]<\/p>\n","protected":false},"featured_media":0,"comment_status":"open","ping_status":"closed","template":"","meta":[],"product_brand":[],"product_cat":[137],"product_tag":[],"class_list":{"0":"post-2201","1":"product","2":"type-product","3":"status-publish","5":"product_cat-maros-megyei-eletrajzi-lexikon","7":"first","8":"instock","9":"shipping-taxable","10":"product-type-simple"},"_links":{"self":[{"href":"https:\/\/uj.adatbank.ro\/lexikon\/wp-json\/wp\/v2\/product\/2201","targetHints":{"allow":["GET"]}}],"collection":[{"href":"https:\/\/uj.adatbank.ro\/lexikon\/wp-json\/wp\/v2\/product"}],"about":[{"href":"https:\/\/uj.adatbank.ro\/lexikon\/wp-json\/wp\/v2\/types\/product"}],"replies":[{"embeddable":true,"href":"https:\/\/uj.adatbank.ro\/lexikon\/wp-json\/wp\/v2\/comments?post=2201"}],"wp:attachment":[{"href":"https:\/\/uj.adatbank.ro\/lexikon\/wp-json\/wp\/v2\/media?parent=2201"}],"wp:term":[{"taxonomy":"product_brand","embeddable":true,"href":"https:\/\/uj.adatbank.ro\/lexikon\/wp-json\/wp\/v2\/product_brand?post=2201"},{"taxonomy":"product_cat","embeddable":true,"href":"https:\/\/uj.adatbank.ro\/lexikon\/wp-json\/wp\/v2\/product_cat?post=2201"},{"taxonomy":"product_tag","embeddable":true,"href":"https:\/\/uj.adatbank.ro\/lexikon\/wp-json\/wp\/v2\/product_tag?post=2201"}],"curies":[{"name":"wp","href":"https:\/\/api.w.org\/{rel}","templated":true}]}}