{"id":22010,"date":"2025-07-22T19:45:46","date_gmt":"2025-07-22T17:45:46","guid":{"rendered":"https:\/\/uj.adatbank.ro\/lexikon\/termek\/szentgyorgyi-tamas\/"},"modified":"2025-07-22T19:45:46","modified_gmt":"2025-07-22T17:45:46","slug":"szentgyorgyi-tamas","status":"publish","type":"product","link":"https:\/\/uj.adatbank.ro\/lexikon\/termek\/szentgyorgyi-tamas\/","title":{"rendered":"SZENTGY\u00d6RGYI Tam\u00e1s"},"content":{"rendered":"<p>? \u2020?: ref. lelk\u00e9sz. \u2013 Nagyenyeden subscrib\u00e1lt (1684). K\u00fck\u00fcll\u0151v\u00e1ron (1685 k.\u2013). Kutyfalv\u00e1n volt lelk\u00e9sz (1692\u201399). <br \/><strong>Irod.:<\/strong> K\u00fck\u00fcll\u0151i Ref. Egyh\u00e1zm., 3.<\/br><\/p>\n","protected":false},"excerpt":{"rendered":"<p>? \u2020?: ref. lelk\u00e9sz. \u2013 Nagyenyeden subscrib\u00e1lt (1684). K\u00fck\u00fcll\u0151v\u00e1ron (1685 k.\u2013). Kutyfalv\u00e1n volt lelk\u00e9sz (1692\u201399). Irod.: K\u00fck\u00fcll\u0151i Ref. Egyh\u00e1zm., 3.<\/p>\n","protected":false},"featured_media":0,"comment_status":"open","ping_status":"closed","template":"","meta":[],"product_brand":[],"product_cat":[137],"product_tag":[],"class_list":{"0":"post-22010","1":"product","2":"type-product","3":"status-publish","5":"product_cat-maros-megyei-eletrajzi-lexikon","7":"first","8":"instock","9":"shipping-taxable","10":"product-type-simple"},"_links":{"self":[{"href":"https:\/\/uj.adatbank.ro\/lexikon\/wp-json\/wp\/v2\/product\/22010","targetHints":{"allow":["GET"]}}],"collection":[{"href":"https:\/\/uj.adatbank.ro\/lexikon\/wp-json\/wp\/v2\/product"}],"about":[{"href":"https:\/\/uj.adatbank.ro\/lexikon\/wp-json\/wp\/v2\/types\/product"}],"replies":[{"embeddable":true,"href":"https:\/\/uj.adatbank.ro\/lexikon\/wp-json\/wp\/v2\/comments?post=22010"}],"wp:attachment":[{"href":"https:\/\/uj.adatbank.ro\/lexikon\/wp-json\/wp\/v2\/media?parent=22010"}],"wp:term":[{"taxonomy":"product_brand","embeddable":true,"href":"https:\/\/uj.adatbank.ro\/lexikon\/wp-json\/wp\/v2\/product_brand?post=22010"},{"taxonomy":"product_cat","embeddable":true,"href":"https:\/\/uj.adatbank.ro\/lexikon\/wp-json\/wp\/v2\/product_cat?post=22010"},{"taxonomy":"product_tag","embeddable":true,"href":"https:\/\/uj.adatbank.ro\/lexikon\/wp-json\/wp\/v2\/product_tag?post=22010"}],"curies":[{"name":"wp","href":"https:\/\/api.w.org\/{rel}","templated":true}]}}