{"id":22011,"date":"2025-07-22T19:45:49","date_gmt":"2025-07-22T17:45:49","guid":{"rendered":"https:\/\/uj.adatbank.ro\/lexikon\/termek\/szentgyorgyi-toth-gyorgy\/"},"modified":"2025-07-22T19:45:49","modified_gmt":"2025-07-22T17:45:49","slug":"szentgyorgyi-toth-gyorgy","status":"publish","type":"product","link":"https:\/\/uj.adatbank.ro\/lexikon\/termek\/szentgyorgyi-toth-gyorgy\/","title":{"rendered":"SZENTGY\u00d6RGYI T\u00d3TH Gy\u00f6rgy"},"content":{"rendered":"<p>? \u2020?: f\u0151b\u00edr\u00f3. \u2013 Marossz\u00e9ki f\u0151b\u00edr\u00f3 (1491), f\u0151hadnagy (1497). <br \/><strong>Irod.:<\/strong> Aranka.<\/br><\/p>\n","protected":false},"excerpt":{"rendered":"<p>? \u2020?: f\u0151b\u00edr\u00f3. \u2013 Marossz\u00e9ki f\u0151b\u00edr\u00f3 (1491), f\u0151hadnagy (1497). Irod.: Aranka.<\/p>\n","protected":false},"featured_media":0,"comment_status":"open","ping_status":"closed","template":"","meta":[],"product_brand":[],"product_cat":[137],"product_tag":[],"class_list":{"0":"post-22011","1":"product","2":"type-product","3":"status-publish","5":"product_cat-maros-megyei-eletrajzi-lexikon","7":"first","8":"instock","9":"shipping-taxable","10":"product-type-simple"},"_links":{"self":[{"href":"https:\/\/uj.adatbank.ro\/lexikon\/wp-json\/wp\/v2\/product\/22011","targetHints":{"allow":["GET"]}}],"collection":[{"href":"https:\/\/uj.adatbank.ro\/lexikon\/wp-json\/wp\/v2\/product"}],"about":[{"href":"https:\/\/uj.adatbank.ro\/lexikon\/wp-json\/wp\/v2\/types\/product"}],"replies":[{"embeddable":true,"href":"https:\/\/uj.adatbank.ro\/lexikon\/wp-json\/wp\/v2\/comments?post=22011"}],"wp:attachment":[{"href":"https:\/\/uj.adatbank.ro\/lexikon\/wp-json\/wp\/v2\/media?parent=22011"}],"wp:term":[{"taxonomy":"product_brand","embeddable":true,"href":"https:\/\/uj.adatbank.ro\/lexikon\/wp-json\/wp\/v2\/product_brand?post=22011"},{"taxonomy":"product_cat","embeddable":true,"href":"https:\/\/uj.adatbank.ro\/lexikon\/wp-json\/wp\/v2\/product_cat?post=22011"},{"taxonomy":"product_tag","embeddable":true,"href":"https:\/\/uj.adatbank.ro\/lexikon\/wp-json\/wp\/v2\/product_tag?post=22011"}],"curies":[{"name":"wp","href":"https:\/\/api.w.org\/{rel}","templated":true}]}}