{"id":22012,"date":"2025-07-22T19:45:51","date_gmt":"2025-07-22T17:45:51","guid":{"rendered":"https:\/\/uj.adatbank.ro\/lexikon\/termek\/szentgyorgyi-toth-janos\/"},"modified":"2025-07-22T19:45:51","modified_gmt":"2025-07-22T17:45:51","slug":"szentgyorgyi-toth-janos","status":"publish","type":"product","link":"https:\/\/uj.adatbank.ro\/lexikon\/termek\/szentgyorgyi-toth-janos\/","title":{"rendered":"SZENTGY\u00d6RGYI T\u00d3TH J\u00e1nos"},"content":{"rendered":"<p>? \u2020?: f\u00f6ldbirtokos nemes. \u2013 Szapolyai J\u00e1nos kiv\u00e1lts\u00e1glevelet adott Kisfalud birtok\u00e1ra, amelyet a h\u0171tlens\u00e9gbe esett L\u00e1z\u00e1r ut\u00f3dokt\u00f3l koboztak el (1521); A L\u00e1z\u00e1r \u00f6r\u00f6k\u00f6s\u00f6k ut\u00f3dai ellen pert ind\u00edtottak. <br \/><strong>Irod.:<\/strong> Aranka; Id\u0151t\u00e1r 1; L\u00e9sty\u00e1n \u2013 templomok; SzOkl, 3.<\/br><\/p>\n","protected":false},"excerpt":{"rendered":"<p>? \u2020?: f\u00f6ldbirtokos nemes. \u2013 Szapolyai J\u00e1nos kiv\u00e1lts\u00e1glevelet adott Kisfalud birtok\u00e1ra, amelyet a h\u0171tlens\u00e9gbe esett L\u00e1z\u00e1r ut\u00f3dokt\u00f3l koboztak el (1521); A L\u00e1z\u00e1r \u00f6r\u00f6k\u00f6s\u00f6k ut\u00f3dai ellen pert ind\u00edtottak. Irod.: Aranka; Id\u0151t\u00e1r 1; L\u00e9sty\u00e1n \u2013 templomok; SzOkl, 3.<\/p>\n","protected":false},"featured_media":0,"comment_status":"open","ping_status":"closed","template":"","meta":[],"product_brand":[],"product_cat":[137],"product_tag":[],"class_list":{"0":"post-22012","1":"product","2":"type-product","3":"status-publish","5":"product_cat-maros-megyei-eletrajzi-lexikon","7":"first","8":"instock","9":"shipping-taxable","10":"product-type-simple"},"_links":{"self":[{"href":"https:\/\/uj.adatbank.ro\/lexikon\/wp-json\/wp\/v2\/product\/22012","targetHints":{"allow":["GET"]}}],"collection":[{"href":"https:\/\/uj.adatbank.ro\/lexikon\/wp-json\/wp\/v2\/product"}],"about":[{"href":"https:\/\/uj.adatbank.ro\/lexikon\/wp-json\/wp\/v2\/types\/product"}],"replies":[{"embeddable":true,"href":"https:\/\/uj.adatbank.ro\/lexikon\/wp-json\/wp\/v2\/comments?post=22012"}],"wp:attachment":[{"href":"https:\/\/uj.adatbank.ro\/lexikon\/wp-json\/wp\/v2\/media?parent=22012"}],"wp:term":[{"taxonomy":"product_brand","embeddable":true,"href":"https:\/\/uj.adatbank.ro\/lexikon\/wp-json\/wp\/v2\/product_brand?post=22012"},{"taxonomy":"product_cat","embeddable":true,"href":"https:\/\/uj.adatbank.ro\/lexikon\/wp-json\/wp\/v2\/product_cat?post=22012"},{"taxonomy":"product_tag","embeddable":true,"href":"https:\/\/uj.adatbank.ro\/lexikon\/wp-json\/wp\/v2\/product_tag?post=22012"}],"curies":[{"name":"wp","href":"https:\/\/api.w.org\/{rel}","templated":true}]}}