{"id":22016,"date":"2025-07-22T19:46:01","date_gmt":"2025-07-22T17:46:01","guid":{"rendered":"https:\/\/uj.adatbank.ro\/lexikon\/termek\/szentimrei-jeno-%c2%a7-kovacs-jeno-sz-kovacs-jeno\/"},"modified":"2025-07-22T19:46:01","modified_gmt":"2025-07-22T17:46:01","slug":"szentimrei-jeno-%c2%a7-kovacs-jeno-sz-kovacs-jeno","status":"publish","type":"product","link":"https:\/\/uj.adatbank.ro\/lexikon\/termek\/szentimrei-jeno-%c2%a7-kovacs-jeno-sz-kovacs-jeno\/","title":{"rendered":"SZENTIMREI Jen\u0151; \u00a7 Kov\u00e1cs Jen\u0151, Sz. Kov\u00e1cs Jen\u0151"},"content":{"rendered":"<p>Arad, 1891. dec. 14., \u2020 Kv., 1959. szept. 2. a H\u00e1zsong\u00e1rdi luther\u00e1nus temet\u0151ben nyugszik: k\u00f6lt\u0151, \u00edr\u00f3, \u00fajs\u00e1g\u00edr\u00f3. \u2013 Fels\u00e9ge: Ferenczy Erzs\u00e9bet \/ Zsizsi (Kv., 1895 \u2013 Kv., 1969), el\u0151ad\u00f3m\u0171v\u00e9szn\u0151, opera \u00e9s dal\u00e9nekesn\u0151. A mv.-i KZST tagja \u00e9s gyakori vend\u00e9g-el\u0151ad\u00f3m\u0171v\u00e9sze. \u2013 A k\u00f6z\u00e9piskola elv\u00e9gz\u00e9se ut\u00e1n, katonai p\u00e1ly\u00e1ra k\u00e9sz\u00fclt, Mv.-en gyalogos csapattiszt volt, r\u00e9szt vett az l. vh.-ban, s\u00falyos sebes\u00fcl\u00e9ssel ker\u00fclt Kv.-ra (1915\u2013), \u00fajs\u00e1g\u00edr\u00f3i p\u00e1ly\u00e1ra l\u00e9pett, \u00daj Erd\u00e9ly c. lapot ind\u00edtott (1918), majd a Keleti \u00dajs\u00e1g munkat\u00e1rsa lett. A Napkelet szerk. (1921\u2013). Cikkeket k\u00f6z\u00f6l a mv.-i Sz\u00e9kelyf\u00f6ld c. napilapba. Benedek Elekkel szerkesztette a Halad\u00e1s K\u00f6nyvt\u00e1r c\u00edm\u0171 k\u00f6nyvsorozatot \u00e9s k\u00e9s\u0151bb Benedek Elekkel egy\u00fctt a Vas\u00e1rnap c. lap alap\u00edt\u00f3 szerk. Az \u00dajs\u00e1g \u00e9s az Ellenz\u00e9k (1925\u2013), a Brass\u00f3i Lapok szerk. (1935\u2013), a Kelet N\u00e9pe munkat\u00e1rsa volt (1940\u201342); a Testv\u00e9ris\u00e9g c. lap szerk. Az Erd\u00e9lyi Sz\u00e9pm\u00edves C\u00e9h \u00e9s az Erd\u00e9lyi Helikon alap\u00edt\u00f3 tagja. A kv.-i Uni\u00f3 szabadk\u0151m\u0171ves p\u00e1holy tagja. Baumgarten-d\u00edj (1942). A Kv.-i \u00c1ll. M. Sz\u00ednh\u00e1z \u00e9s a J\u00f3zsa B\u00e9la Athenaeum Irod. \u00e9s K\u00f6nyvkiad\u00f3 V\u00e1llalat igazgat\u00f3ja (1945\u201349), a kv.-i M. M\u0171v. Int., majd a mv.-i Szentgy\u00f6rgyi Istv\u00e1n Sz\u00ednm\u0171v\u00e9szeti F\u0151isk. tan\u00e1ra volt (1948 \u2013 hal\u00e1l\u00e1ig). Az I. vh. ut\u00e1ni erd\u00e9lyi m. irodalom kiemelked\u0151 alakja, k\u00f6lt\u00e9szete mellett irodalomszervez\u0151i \u00e9s publicisztikai tev\u00e9kenys\u00e9ge is jelent\u0151s. \u00c1tdolgozta Heltai G\u00e1sp\u00e1r Sz\u00e1z fabul\u00e1j\u00e1t. Szabad verseivel a rom\u00e1niai m. avantg\u00e1rd egyik jelent\u0151s k\u00e9pvisel\u0151je. \u2013 <strong><strong>F. m.<\/strong><\/strong>: Azoknak a keveseknek (versek; Mv., 1912); Pet\u0151fi visszat\u00e9r (sz\u00ednj\u00e1t\u00e9k; Kv., 1915); Erd\u00e9ly fel\u0151l (versek; Bp., 1916); Egyenest t\u00e1mad\u00e1s !: Oktat\u00e1s a harcr\u00f3l mindenkinek (Bp., 1916); Mikroszk\u00f3p (szatirikus karcolatok; Kv., 1922); Ny\u00e1ri d\u00e9lut\u00e1n Egeresen (versek; Kv., 1924); V\u00e1rosunk \u00e9s egy\u00e9b elbesz\u00e9l\u00e9sek (Mv., 1925); Sz. J. Verses Magyar Kr\u00f3nik\u00e1ja (K\u00f3s K\u00e1roly metszeteivel, Szop\u00f3s S\u00e1ndor rajzaival; Kv., 1928; Sepsiszentgy\u00f6rgy, 1991, 1998); Ki kell mondani (versek; Kv., 1930); Sirat\u00f3ban (dr\u00e1ma; Kv., 1930); Cs\u00e1ki b\u00edr\u00f3 l\u00e1nya. Kalotaszegi ballada (Kv., 1936; 1942); Verses magyar hist\u00f3ria (Kv., 1937); A fejedelemasszony hal\u00e1la (Nagyv\u00e1rad, 1937); Ferenc tekintetes \u00far. K\u00f6lcsey Ferenc \u00e9letreg\u00e9nye (Bp., 1939; Mv., 1957, Buk., 1971, Kv., 1981; Debrecen, 1990; Sepsiszentgy\u00f6rgy-Kv., 2000); K\u00f6lcsey. \u00cdr\u00f3i arck\u00e9pv\u00e1zlat (Kv., 1940); Tr\u00e9f\u00e1s cs\u00fafol\u00f3d\u00f3. Erd\u00e9lyi n\u00e9pk\u00f6lt\u00e9szet (Kv., 1942); Nyersm\u00e9rleg (v\u00e1l. versek 1912\u201342; Kv., 1943, 1945); Hegylak\u00f3k dala (versek; Kv., 1946); Szentgy\u00f6rgyi Istv\u00e1n \u00e9lete \u00e9s m\u0171v\u00e9szete (Buk., 1955, 1957); Vallom\u00e1sok (tan., b\u00edr\u00e1latok, eml\u00e9kez\u00e9sek; Mv., 1956); Harc az \u00e1lland\u00f3 sz\u00ednh\u00e1z\u00e9rt Marosv\u00e1s\u00e1rhelyen, 1780\u20131945 (Mv., 1957; 1958; Hajl\u00e9kot keres\u0151 Th\u00e1lia; Mv., 1996); Versek. (kiad., bev. G\u00e1lfalvi Zsolt; Buk., 1963); Versek (Buk., 1963); Sablon helyett csillag (publicisztikai \u00edr\u00e1sok; bev. Balogh Edg\u00e1r; Buk., 1968); V\u00e1rosok, emberek (visszaeml\u00e9kez\u00e9sek; Buk., 1973); Z\u00e1rsz\u00e1mad\u00e1s helyett (\u00f6sszegy\u0171jt\u00f6tt versek; bev. Bal\u00e1zs Imre J\u00f3zsef; szerk. Szab\u00f3 Zsolt; Kv., 2007); V\u00e1rosok, emberek (Kv., 2009); t\u00e1rssz: Moldvai cs\u00e1ng\u00f3 n\u00e9pm\u0171v\u00e9szet. (K\u00f3s K \u00e9s Nagy Jen\u0151vel; Buk., 1981); <strong>ford.:<\/strong> L. Nyikulin: Oroszorsz\u00e1g h\u0171 fia (D\u00e9nes Ferenccel; Buk., 1954); I. Popov: Az \u00e9jszaka v\u00e9get \u00e9r (Makfalvi Ell\u00e1val; Buk., 1954); K. Fegyin: V\u00e1rosok \u00e9s \u00e9vek (Mikl\u00f3s Istv\u00e1nnal; Kv., 1955) <strong>szerk.:<\/strong> Kal\u00e1ka Kalend\u00e1rium az 1925. esztend\u0151re (K\u00f3s K\u00e1rollyal; Kv., 1925; St\u00e1na-Kv., 1998); Sipos Domokos: V\u00e1gtat a hal\u00e1l (el\u0151sz\u00f3, Kv., 1927); Mikes Kelemen munk\u00e1i (el\u0151sz\u00f3, h.n., \u00e9.n.); Versekben t\u00fcnd\u00f6kl\u0151 Erd\u00e9ly (versantol\u00f3gia; Kv., 1941; \u00faj b\u0151v. Kiad. Sepsiszentgy\u00f6rgy, 1996); Ady Endre: F\u00f6ldreng\u00e9s el\u0151tt (bevez.; Buk., 1952); Heltai Jen\u0151: T\u00fcnd\u00e9rlaki l\u00e1nyok (m\u0171sorf\u0171zet; Mv., 1958). <br \/><strong>Irod.:<\/strong> Bern\u00e1dy; Chereji Peris 2000; Chereji Peris T.: A mv.-i sz\u00ednh\u00e1z \u00e9s sz\u00ednj\u00e1tsz\u00e1s megteremt\u00e9s\u00e9r\u0151l = Mv. t\u00f6rt\u00e9net\u00e9b\u0151l; Dsida; Encyc. Hung.; Ferenczi 1931; Ga\u00e1l 2001; Ga\u00e1l: Kv. vonz\u00e1s\u00e1ban; H\u00e1zsong\u00e1rd; Husz\u00e1r S\u00e1ndor: Besz\u00e9lget\u00e9s Sz. J.-vel = Husz\u00e1r S\u00e1ndor: Az \u00edr\u00f3 asztal\u00e1n\u00e1l (Buk., 1969); Jancs\u00f3 B\u00e9la: Sz. J. k\u00f6lt\u00e9szete = J. B.: Irodalom \u00e9s k\u00f6z\u00e9let (Buk., 1973); K\u00e1ntor\u2013L\u00e1ng; Katona Szab\u00f3; Kusz\u00e1lik\u2013Zal\u00e1nyi; KZST1930; Marosi Ildik\u00f3; Marosi-KZST; M\u00c9L; Molter 1., 3.; Pomog\u00e1ts 1.; R\u00e9thy\u2013V\u00e1czy-\u00dajv\u00e1ri; RMIL; S\u0151ni P\u00e1l: Sz. J. = S. P.: \u00cdr\u00f3i arc\u00e9lek; Buk., 1981.; T\u00f6tt\u00f6ssy; \u00daM\u00c9L; \u00dcnnepi k\u00f6nyv.<\/br><\/p>\n","protected":false},"excerpt":{"rendered":"<p>Arad, 1891. dec. 14., \u2020 Kv., 1959. szept. 2. a H\u00e1zsong\u00e1rdi luther\u00e1nus temet\u0151ben nyugszik: k\u00f6lt\u0151, \u00edr\u00f3, \u00fajs\u00e1g\u00edr\u00f3. \u2013 Fels\u00e9ge: Ferenczy Erzs\u00e9bet \/ Zsizsi (Kv., 1895 \u2013 Kv., 1969), el\u0151ad\u00f3m\u0171v\u00e9szn\u0151, opera \u00e9s dal\u00e9nekesn\u0151. A mv.-i KZST tagja \u00e9s gyakori vend\u00e9g-el\u0151ad\u00f3m\u0171v\u00e9sze. \u2013 A k\u00f6z\u00e9piskola elv\u00e9gz\u00e9se ut\u00e1n, katonai p\u00e1ly\u00e1ra k\u00e9sz\u00fclt, Mv.-en gyalogos csapattiszt volt, r\u00e9szt vett az l. [&hellip;]<\/p>\n","protected":false},"featured_media":0,"comment_status":"open","ping_status":"closed","template":"","meta":[],"product_brand":[],"product_cat":[137],"product_tag":[],"class_list":{"0":"post-22016","1":"product","2":"type-product","3":"status-publish","5":"product_cat-maros-megyei-eletrajzi-lexikon","7":"first","8":"instock","9":"shipping-taxable","10":"product-type-simple"},"_links":{"self":[{"href":"https:\/\/uj.adatbank.ro\/lexikon\/wp-json\/wp\/v2\/product\/22016","targetHints":{"allow":["GET"]}}],"collection":[{"href":"https:\/\/uj.adatbank.ro\/lexikon\/wp-json\/wp\/v2\/product"}],"about":[{"href":"https:\/\/uj.adatbank.ro\/lexikon\/wp-json\/wp\/v2\/types\/product"}],"replies":[{"embeddable":true,"href":"https:\/\/uj.adatbank.ro\/lexikon\/wp-json\/wp\/v2\/comments?post=22016"}],"wp:attachment":[{"href":"https:\/\/uj.adatbank.ro\/lexikon\/wp-json\/wp\/v2\/media?parent=22016"}],"wp:term":[{"taxonomy":"product_brand","embeddable":true,"href":"https:\/\/uj.adatbank.ro\/lexikon\/wp-json\/wp\/v2\/product_brand?post=22016"},{"taxonomy":"product_cat","embeddable":true,"href":"https:\/\/uj.adatbank.ro\/lexikon\/wp-json\/wp\/v2\/product_cat?post=22016"},{"taxonomy":"product_tag","embeddable":true,"href":"https:\/\/uj.adatbank.ro\/lexikon\/wp-json\/wp\/v2\/product_tag?post=22016"}],"curies":[{"name":"wp","href":"https:\/\/api.w.org\/{rel}","templated":true}]}}