{"id":22021,"date":"2025-07-22T19:46:12","date_gmt":"2025-07-22T17:46:12","guid":{"rendered":"https:\/\/uj.adatbank.ro\/lexikon\/termek\/szentivani-iklod-szentivani-csalad\/"},"modified":"2025-07-22T19:46:12","modified_gmt":"2025-07-22T17:46:12","slug":"szentivani-iklod-szentivani-csalad","status":"publish","type":"product","link":"https:\/\/uj.adatbank.ro\/lexikon\/termek\/szentivani-iklod-szentivani-csalad\/","title":{"rendered":"SZENTIV\u00c1NI, Ikl\u00f3d-Szentiv\u00e1ni csal\u00e1d"},"content":{"rendered":"<p>Ny\u00e1r\u00e1dg\u00e1lfalv\u00e1n \u00e9ltek. \u0150seik a 14. sz\u00e1zadig kimutathat\u00f3k, Szolnok-Doboka vm.-ben, Ikl\u00f3d puszta k\u00f6rny\u00e9k\u00e9n \u00e9ltek, ahonnan az el\u0151nev\u00fck is ered. Ny\u00e1r\u00e1dg\u00e1lfalv\u00e1ra csak az 1800-as \u00e9vek elej\u00e9n j\u00f6ttek, de szinte semmilyen \u00edr\u00e1sos dokumentum nem maradt fenn r\u00f3luk, csup\u00e1n a ref. templom \u00e9p\u00edt\u00e9s\u00e9ben szerzett \u00e9rdemeikr\u0151l van bizony\u00edt\u00e9k. A g\u00e1lfalvi hat\u00e1rban Szentiv\u00e1ni K\u00e1lm\u00e1n (sz. D\u00e9s, 1839) orsz\u00e1ggy\u0171l\u00e9si k\u00e9pvisel\u0151, Maros-Torda vm. alisp\u00e1nja h\u00e1zass\u00e1g r\u00e9v\u00e9n (Tompai Bothos Katalinnal) jutott birtokokhoz. Modernebb udvarh\u00e1zat \u00e9p\u00edtettek, a mai F\u0151\u00fat 174. sz. alatt, de az \u00e9p\u00edttet\u0151 neve \u00e9s az id\u0151pont nem maradt fenn. Az eml\u00e9kezet azt tartja, h. t\u00f6bb szakaszban \u00e9p\u00fclt, de r\u00e9szletekben az \u00f6r\u00f6k\u00f6s\u00f6k el is adt\u00e1k a birtokokkal egy\u00fctt. <br \/><strong>Irod.:<\/strong> Ny\u00e1r\u00e1dg\u00e1lfalva.<\/br><\/p>\n","protected":false},"excerpt":{"rendered":"<p>Ny\u00e1r\u00e1dg\u00e1lfalv\u00e1n \u00e9ltek. \u0150seik a 14. sz\u00e1zadig kimutathat\u00f3k, Szolnok-Doboka vm.-ben, Ikl\u00f3d puszta k\u00f6rny\u00e9k\u00e9n \u00e9ltek, ahonnan az el\u0151nev\u00fck is ered. Ny\u00e1r\u00e1dg\u00e1lfalv\u00e1ra csak az 1800-as \u00e9vek elej\u00e9n j\u00f6ttek, de szinte semmilyen \u00edr\u00e1sos dokumentum nem maradt fenn r\u00f3luk, csup\u00e1n a ref. templom \u00e9p\u00edt\u00e9s\u00e9ben szerzett \u00e9rdemeikr\u0151l van bizony\u00edt\u00e9k. A g\u00e1lfalvi hat\u00e1rban Szentiv\u00e1ni K\u00e1lm\u00e1n (sz. D\u00e9s, 1839) orsz\u00e1ggy\u0171l\u00e9si k\u00e9pvisel\u0151, Maros-Torda vm. [&hellip;]<\/p>\n","protected":false},"featured_media":0,"comment_status":"open","ping_status":"closed","template":"","meta":[],"product_brand":[],"product_cat":[137],"product_tag":[],"class_list":{"0":"post-22021","1":"product","2":"type-product","3":"status-publish","5":"product_cat-maros-megyei-eletrajzi-lexikon","7":"first","8":"instock","9":"shipping-taxable","10":"product-type-simple"},"_links":{"self":[{"href":"https:\/\/uj.adatbank.ro\/lexikon\/wp-json\/wp\/v2\/product\/22021","targetHints":{"allow":["GET"]}}],"collection":[{"href":"https:\/\/uj.adatbank.ro\/lexikon\/wp-json\/wp\/v2\/product"}],"about":[{"href":"https:\/\/uj.adatbank.ro\/lexikon\/wp-json\/wp\/v2\/types\/product"}],"replies":[{"embeddable":true,"href":"https:\/\/uj.adatbank.ro\/lexikon\/wp-json\/wp\/v2\/comments?post=22021"}],"wp:attachment":[{"href":"https:\/\/uj.adatbank.ro\/lexikon\/wp-json\/wp\/v2\/media?parent=22021"}],"wp:term":[{"taxonomy":"product_brand","embeddable":true,"href":"https:\/\/uj.adatbank.ro\/lexikon\/wp-json\/wp\/v2\/product_brand?post=22021"},{"taxonomy":"product_cat","embeddable":true,"href":"https:\/\/uj.adatbank.ro\/lexikon\/wp-json\/wp\/v2\/product_cat?post=22021"},{"taxonomy":"product_tag","embeddable":true,"href":"https:\/\/uj.adatbank.ro\/lexikon\/wp-json\/wp\/v2\/product_tag?post=22021"}],"curies":[{"name":"wp","href":"https:\/\/api.w.org\/{rel}","templated":true}]}}