{"id":22022,"date":"2025-07-22T19:46:14","date_gmt":"2025-07-22T17:46:14","guid":{"rendered":"https:\/\/uj.adatbank.ro\/lexikon\/termek\/szentivani-csalad\/"},"modified":"2025-07-22T19:46:14","modified_gmt":"2025-07-22T17:46:14","slug":"szentivani-csalad","status":"publish","type":"product","link":"https:\/\/uj.adatbank.ro\/lexikon\/termek\/szentivani-csalad\/","title":{"rendered":"SZENTIV\u00c1NI csal\u00e1d"},"content":{"rendered":"<p>P\u00f3kai birtokos csal\u00e1d egy 1451-es okm\u00e1ny szerint. <br \/><strong>Irod.:<\/strong> P\u00f3ka.<\/br><\/p>\n","protected":false},"excerpt":{"rendered":"<p>P\u00f3kai birtokos csal\u00e1d egy 1451-es okm\u00e1ny szerint. Irod.: P\u00f3ka.<\/p>\n","protected":false},"featured_media":0,"comment_status":"open","ping_status":"closed","template":"","meta":[],"product_brand":[],"product_cat":[137],"product_tag":[],"class_list":{"0":"post-22022","1":"product","2":"type-product","3":"status-publish","5":"product_cat-maros-megyei-eletrajzi-lexikon","7":"first","8":"instock","9":"shipping-taxable","10":"product-type-simple"},"_links":{"self":[{"href":"https:\/\/uj.adatbank.ro\/lexikon\/wp-json\/wp\/v2\/product\/22022","targetHints":{"allow":["GET"]}}],"collection":[{"href":"https:\/\/uj.adatbank.ro\/lexikon\/wp-json\/wp\/v2\/product"}],"about":[{"href":"https:\/\/uj.adatbank.ro\/lexikon\/wp-json\/wp\/v2\/types\/product"}],"replies":[{"embeddable":true,"href":"https:\/\/uj.adatbank.ro\/lexikon\/wp-json\/wp\/v2\/comments?post=22022"}],"wp:attachment":[{"href":"https:\/\/uj.adatbank.ro\/lexikon\/wp-json\/wp\/v2\/media?parent=22022"}],"wp:term":[{"taxonomy":"product_brand","embeddable":true,"href":"https:\/\/uj.adatbank.ro\/lexikon\/wp-json\/wp\/v2\/product_brand?post=22022"},{"taxonomy":"product_cat","embeddable":true,"href":"https:\/\/uj.adatbank.ro\/lexikon\/wp-json\/wp\/v2\/product_cat?post=22022"},{"taxonomy":"product_tag","embeddable":true,"href":"https:\/\/uj.adatbank.ro\/lexikon\/wp-json\/wp\/v2\/product_tag?post=22022"}],"curies":[{"name":"wp","href":"https:\/\/api.w.org\/{rel}","templated":true}]}}