{"id":22026,"date":"2025-07-22T19:46:25","date_gmt":"2025-07-22T17:46:25","guid":{"rendered":"https:\/\/uj.adatbank.ro\/lexikon\/termek\/szentivani-gyorgy-2\/"},"modified":"2025-07-22T19:46:25","modified_gmt":"2025-07-22T17:46:25","slug":"szentivani-gyorgy-2","status":"publish","type":"product","link":"https:\/\/uj.adatbank.ro\/lexikon\/termek\/szentivani-gyorgy-2\/","title":{"rendered":"SZENTIV\u00c1NI Gy\u00f6rgy"},"content":{"rendered":"<p>? \u2020\u00a01830.: b\u00edr\u00f3. \u2013 Feles\u00e9ge: J\u00e1rmy Judit Le\u00e1nyuk: Zsuzsanna, Tolnai J\u00e1nosn\u00e9. \u2013 R\u00e9szt vett a zsinaton (1786). Marossz\u00e9k b\u00edr\u00f3ja (1810), marosk\u00f6zi unit. gondnok (1818). Ny\u00e1r\u00e1dg\u00e1lfalvi malma v\u00e1mj\u00e1t a sz\u00e9kelykereszt\u00fari gimn\u00e1ziumnak aj\u00e1nlotta fel (1820.). <br \/><strong>Irod.:<\/strong> K\u0151v\u00e1ry L\u00e1szl\u00f3 1899.<\/br><\/p>\n","protected":false},"excerpt":{"rendered":"<p>? \u2020\u00a01830.: b\u00edr\u00f3. \u2013 Feles\u00e9ge: J\u00e1rmy Judit Le\u00e1nyuk: Zsuzsanna, Tolnai J\u00e1nosn\u00e9. \u2013 R\u00e9szt vett a zsinaton (1786). Marossz\u00e9k b\u00edr\u00f3ja (1810), marosk\u00f6zi unit. gondnok (1818). Ny\u00e1r\u00e1dg\u00e1lfalvi malma v\u00e1mj\u00e1t a sz\u00e9kelykereszt\u00fari gimn\u00e1ziumnak aj\u00e1nlotta fel (1820.). Irod.: K\u0151v\u00e1ry L\u00e1szl\u00f3 1899.<\/p>\n","protected":false},"featured_media":0,"comment_status":"open","ping_status":"closed","template":"","meta":[],"product_brand":[],"product_cat":[137],"product_tag":[],"class_list":{"0":"post-22026","1":"product","2":"type-product","3":"status-publish","5":"product_cat-maros-megyei-eletrajzi-lexikon","7":"first","8":"instock","9":"shipping-taxable","10":"product-type-simple"},"_links":{"self":[{"href":"https:\/\/uj.adatbank.ro\/lexikon\/wp-json\/wp\/v2\/product\/22026","targetHints":{"allow":["GET"]}}],"collection":[{"href":"https:\/\/uj.adatbank.ro\/lexikon\/wp-json\/wp\/v2\/product"}],"about":[{"href":"https:\/\/uj.adatbank.ro\/lexikon\/wp-json\/wp\/v2\/types\/product"}],"replies":[{"embeddable":true,"href":"https:\/\/uj.adatbank.ro\/lexikon\/wp-json\/wp\/v2\/comments?post=22026"}],"wp:attachment":[{"href":"https:\/\/uj.adatbank.ro\/lexikon\/wp-json\/wp\/v2\/media?parent=22026"}],"wp:term":[{"taxonomy":"product_brand","embeddable":true,"href":"https:\/\/uj.adatbank.ro\/lexikon\/wp-json\/wp\/v2\/product_brand?post=22026"},{"taxonomy":"product_cat","embeddable":true,"href":"https:\/\/uj.adatbank.ro\/lexikon\/wp-json\/wp\/v2\/product_cat?post=22026"},{"taxonomy":"product_tag","embeddable":true,"href":"https:\/\/uj.adatbank.ro\/lexikon\/wp-json\/wp\/v2\/product_tag?post=22026"}],"curies":[{"name":"wp","href":"https:\/\/api.w.org\/{rel}","templated":true}]}}